{"id":10,"date":"2025-03-06T13:25:46","date_gmt":"2025-03-06T13:25:46","guid":{"rendered":"https:\/\/junewax.com\/?page_id=10"},"modified":"2025-11-15T12:05:53","modified_gmt":"2025-11-15T12:05:53","slug":"sepet","status":"publish","type":"page","link":"https:\/\/junewax.com\/?page_id=10","title":{"rendered":"Sepet"},"content":{"rendered":"<div class=\"woocommerce\">\n<div class=\"cart-content-wrapper\">\n\n\t<div class=\"woocommerce-notices-wrapper\"><\/div>\n\t<form class=\"woocommerce-cart-form\" action=\"https:\/\/junewax.com\/?page_id=10\" method=\"post\">\n\n\t\t\n\t\t\t<table class=\"shop_table shop_table_responsive shop-table-with-img cart woocommerce-cart-form__contents\" cellspacing=\"0\">\n\t\t\t\t<thead>\n\t\t\t\t\t<tr>\n\t\t\t\t\t\t<th class=\"product-remove\"><span class=\"screen-reader-text\">\u00dcr\u00fcn\u00fc \u00e7\u0131kar<\/span><\/th>\n\t\t\t\t\t\t<th class=\"product-thumbnail\"><span class=\"screen-reader-text\">K\u00fc\u00e7\u00fck resim<\/span><\/th>\n\t\t\t\t\t\t<th class=\"product-name\">\u00dcr\u00fcn<\/th>\n\t\t\t\t\t\t<th class=\"product-price\">Fiyat<\/th>\n\t\t\t\t\t\t<th class=\"product-quantity\">Miktar<\/th>\n\t\t\t\t\t\t<th class=\"product-subtotal\">Ara Toplam<\/th>\n\t\t\t\t\t<\/tr>\n\t\t\t\t<\/thead>\n\t\t\t\t<tbody>\n\t\t\t\t\n\t\t\t\n\t\t\t\t\t\t<tr class=\"woocommerce-cart-form__cart-item cart_item\">\n\n\t\t\t\t\t\t\t<td class=\"product-remove\">\n\t\t\t\t\t\t\t\t<a href=\"https:\/\/junewax.com\/?page_id=10&#038;remove_item=1b62d7b3f8f7235f93ac885532dbdf14&#038;_wpnonce=5b563eb54c\" class=\"remove\" aria-label=\"Valet Pro Y\u00fczey Temizleyici Mavi Kil - Blue Clay 100gr \u00fcr\u00fcn\u00fcn\u00fc sepetten \u00e7\u0131kar\" data-product_id=\"16172\" data-product_sku=\"\">&times;<\/a>\t\t\t\t\t\t\t<\/td>\n\n\t\t\t\t\t\t\t<td class=\"product-thumbnail\">\n\t\t\t\t\t\t\t<a href=\"https:\/\/junewax.com\/?product=valet-pro-yuzey-temizleyici-mavi-kil-blue-clay-100gr\"><img fetchpriority=\"high\" decoding=\"async\" width=\"600\" height=\"331\" src=\"https:\/\/junewax.com\/wp-content\/uploads\/2025\/06\/lg-uk-ec20-600x331.webp\" class=\"attachment-woocommerce_thumbnail size-woocommerce_thumbnail\" alt=\"Valet Pro Y\u00fczey Temizleyici Mavi Kil - Blue Clay 100gr\" srcset=\"https:\/\/junewax.com\/wp-content\/uploads\/2025\/06\/lg-uk-ec20-600x331.webp 600w, https:\/\/junewax.com\/wp-content\/uploads\/2025\/06\/lg-uk-ec20-400x221.webp 400w, https:\/\/junewax.com\/wp-content\/uploads\/2025\/06\/lg-uk-ec20-768x423.webp 768w, https:\/\/junewax.com\/wp-content\/uploads\/2025\/06\/lg-uk-ec20-150x83.webp 150w, https:\/\/junewax.com\/wp-content\/uploads\/2025\/06\/lg-uk-ec20.webp 800w\" sizes=\"(max-width: 600px) 100vw, 600px\" \/><\/a>\t\t\t\t\t\t\t<\/td>\n\n\t\t\t\t\t\t\t<td class=\"product-name\" data-title=\"\u00dcr\u00fcn\">\n\t\t\t\t\t\t\t\t<a href=\"https:\/\/junewax.com\/?product=valet-pro-yuzey-temizleyici-mavi-kil-blue-clay-100gr\">Valet Pro Y\u00fczey Temizleyici Mavi Kil - Blue Clay 100gr<\/a>\t\t\t\t\t\t\t<\/td>\n\n\t\t\t\t\t\t\t<td class=\"product-price\" data-title=\"Fiyat\">\n\t\t\t\t\t\t\t\t<span class=\"woocommerce-Price-amount amount\"><bdi><span class=\"woocommerce-Price-currencySymbol\">&#8378;<\/span>500,00<\/bdi><\/span>\t\t\t\t\t\t\t<\/td>\n\n\t\t\t\t\t\t\t<td class=\"product-quantity\" data-title=\"Miktar\">\n\t\t\t\t\t\t\t\t\n<div class=\"quantity\">\n\t\n\t\t\t<input type=\"button\" value=\"-\" class=\"minus btn\" \/>\n\t\n\t<label class=\"screen-reader-text\" for=\"quantity_69e1badd8374b\">Valet Pro Y\u00fczey Temizleyici Mavi Kil - Blue Clay 100gr adet<\/label>\n\t<input\n\t\ttype=\"number\"\n\t\t\t\tid=\"quantity_69e1badd8374b\"\n\t\tclass=\"input-text qty text\"\n\t\tvalue=\"1\"\n\t\taria-label=\"\u00dcr\u00fcn miktar\u0131\"\n\t\t\t\tmin=\"0\"\n\t\tmax=\"\"\n\t\tname=\"cart[1b62d7b3f8f7235f93ac885532dbdf14][qty]\"\n\n\t\t\t\t\tstep=\"1\"\n\t\t\tplaceholder=\"\"\n\t\t\tinputmode=\"numeric\"\n\t\t\tautocomplete=\"off\"\n\t\t\t>\n\n\t\t\t<input type=\"button\" value=\"+\" class=\"plus btn\" \/>\n\t\n\t<\/div>\n\t\t\t\t\t\t\t<\/td>\n\n\t\t\t\t\t\t\t<td class=\"product-subtotal\" data-title=\"Ara Toplam\">\n\t\t\t\t\t\t\t\t<span class=\"woocommerce-Price-amount amount\"><bdi><span class=\"woocommerce-Price-currencySymbol\">&#8378;<\/span>500,00<\/bdi><\/span>\t\t\t\t\t\t\t<\/td>\n\t\t\t\t\t\t<\/tr>\n\n\t\t\t\t\t\t\n\t\t\t\t\t\t<tr class=\"woocommerce-cart-form__cart-item cart_item\">\n\n\t\t\t\t\t\t\t<td class=\"product-remove\">\n\t\t\t\t\t\t\t\t<a href=\"https:\/\/junewax.com\/?page_id=10&#038;remove_item=970e789e0a92eab99bcabf36dfa6050c&#038;_wpnonce=5b563eb54c\" class=\"remove\" aria-label=\"JuneWax Aplikat\u00f6rl\u00fc Bordo Pasta S\u00fcngeri \u00fcr\u00fcn\u00fcn\u00fc sepetten \u00e7\u0131kar\" data-product_id=\"16285\" data-product_sku=\"\">&times;<\/a>\t\t\t\t\t\t\t<\/td>\n\n\t\t\t\t\t\t\t<td class=\"product-thumbnail\">\n\t\t\t\t\t\t\t<a href=\"https:\/\/junewax.com\/?product=junewax-aplikatorlu-bordo-pasta-sungeri\"><img decoding=\"async\" width=\"600\" height=\"600\" src=\"https:\/\/junewax.com\/wp-content\/uploads\/2025\/08\/c0f0df90d071495bb8028374f384f9df-600x600.png\" class=\"attachment-woocommerce_thumbnail size-woocommerce_thumbnail\" alt=\"JuneWax Aplikat\u00f6rl\u00fc Bordo Pasta S\u00fcngeri\" srcset=\"https:\/\/junewax.com\/wp-content\/uploads\/2025\/08\/c0f0df90d071495bb8028374f384f9df-600x600.png 600w, https:\/\/junewax.com\/wp-content\/uploads\/2025\/08\/c0f0df90d071495bb8028374f384f9df-150x150.png 150w, https:\/\/junewax.com\/wp-content\/uploads\/2025\/08\/c0f0df90d071495bb8028374f384f9df-300x300.png 300w, https:\/\/junewax.com\/wp-content\/uploads\/2025\/08\/c0f0df90d071495bb8028374f384f9df-768x768.png 768w, https:\/\/junewax.com\/wp-content\/uploads\/2025\/08\/c0f0df90d071495bb8028374f384f9df-800x800.png 800w, https:\/\/junewax.com\/wp-content\/uploads\/2025\/08\/c0f0df90d071495bb8028374f384f9df-64x64.png 64w, https:\/\/junewax.com\/wp-content\/uploads\/2025\/08\/c0f0df90d071495bb8028374f384f9df.png 1000w\" sizes=\"(max-width: 600px) 100vw, 600px\" \/><\/a>\t\t\t\t\t\t\t<\/td>\n\n\t\t\t\t\t\t\t<td class=\"product-name\" data-title=\"\u00dcr\u00fcn\">\n\t\t\t\t\t\t\t\t<a href=\"https:\/\/junewax.com\/?product=junewax-aplikatorlu-bordo-pasta-sungeri\">JuneWax Aplikat\u00f6rl\u00fc Bordo Pasta S\u00fcngeri<\/a>\t\t\t\t\t\t\t<\/td>\n\n\t\t\t\t\t\t\t<td class=\"product-price\" data-title=\"Fiyat\">\n\t\t\t\t\t\t\t\t<span class=\"woocommerce-Price-amount amount\"><bdi><span class=\"woocommerce-Price-currencySymbol\">&#8378;<\/span>250,00<\/bdi><\/span>\t\t\t\t\t\t\t<\/td>\n\n\t\t\t\t\t\t\t<td class=\"product-quantity\" data-title=\"Miktar\">\n\t\t\t\t\t\t\t\t\n<div class=\"quantity\">\n\t\n\t\t\t<input type=\"button\" value=\"-\" class=\"minus btn\" \/>\n\t\n\t<label class=\"screen-reader-text\" for=\"quantity_69e1badd83dc3\">JuneWax Aplikat\u00f6rl\u00fc Bordo Pasta S\u00fcngeri adet<\/label>\n\t<input\n\t\ttype=\"number\"\n\t\t\t\tid=\"quantity_69e1badd83dc3\"\n\t\tclass=\"input-text qty text\"\n\t\tvalue=\"1\"\n\t\taria-label=\"\u00dcr\u00fcn miktar\u0131\"\n\t\t\t\tmin=\"0\"\n\t\tmax=\"\"\n\t\tname=\"cart[970e789e0a92eab99bcabf36dfa6050c][qty]\"\n\n\t\t\t\t\tstep=\"1\"\n\t\t\tplaceholder=\"\"\n\t\t\tinputmode=\"numeric\"\n\t\t\tautocomplete=\"off\"\n\t\t\t>\n\n\t\t\t<input type=\"button\" value=\"+\" class=\"plus btn\" \/>\n\t\n\t<\/div>\n\t\t\t\t\t\t\t<\/td>\n\n\t\t\t\t\t\t\t<td class=\"product-subtotal\" data-title=\"Ara Toplam\">\n\t\t\t\t\t\t\t\t<span class=\"woocommerce-Price-amount amount\"><bdi><span class=\"woocommerce-Price-currencySymbol\">&#8378;<\/span>250,00<\/bdi><\/span>\t\t\t\t\t\t\t<\/td>\n\t\t\t\t\t\t<\/tr>\n\n\t\t\t\t\t\t\n\t\t\t\t\t\t<tr class=\"woocommerce-cart-form__cart-item cart_item\">\n\n\t\t\t\t\t\t\t<td class=\"product-remove\">\n\t\t\t\t\t\t\t\t<a href=\"https:\/\/junewax.com\/?page_id=10&#038;remove_item=7337bc5b4a00fa2ee237cf50a57b288d&#038;_wpnonce=5b563eb54c\" class=\"remove\" aria-label=\"Spark Twisted Biyeli Oto Kurulama Havlu Bezi 40x60 260gsm \u00fcr\u00fcn\u00fcn\u00fc sepetten \u00e7\u0131kar\" data-product_id=\"16440\" data-product_sku=\"\">&times;<\/a>\t\t\t\t\t\t\t<\/td>\n\n\t\t\t\t\t\t\t<td class=\"product-thumbnail\">\n\t\t\t\t\t\t\t<a href=\"https:\/\/junewax.com\/?product=junewax-twisted-biyeli-oto-kurulama-havlu-bezi-40x60-260gsm\"><img decoding=\"async\" width=\"413\" height=\"620\" src=\"https:\/\/junewax.com\/wp-content\/uploads\/2025\/08\/1_org_zoom-1.webp\" class=\"attachment-woocommerce_thumbnail size-woocommerce_thumbnail\" alt=\"Spark Twisted Biyeli Oto Kurulama Havlu Bezi 40x60 260gsm\" srcset=\"https:\/\/junewax.com\/wp-content\/uploads\/2025\/08\/1_org_zoom-1.webp 413w, https:\/\/junewax.com\/wp-content\/uploads\/2025\/08\/1_org_zoom-1-200x300.webp 200w, https:\/\/junewax.com\/wp-content\/uploads\/2025\/08\/1_org_zoom-1-150x225.webp 150w\" sizes=\"(max-width: 413px) 100vw, 413px\" \/><\/a>\t\t\t\t\t\t\t<\/td>\n\n\t\t\t\t\t\t\t<td class=\"product-name\" data-title=\"\u00dcr\u00fcn\">\n\t\t\t\t\t\t\t\t<a href=\"https:\/\/junewax.com\/?product=junewax-twisted-biyeli-oto-kurulama-havlu-bezi-40x60-260gsm\">Spark Twisted Biyeli Oto Kurulama Havlu Bezi 40x60 260gsm<\/a>\t\t\t\t\t\t\t<\/td>\n\n\t\t\t\t\t\t\t<td class=\"product-price\" data-title=\"Fiyat\">\n\t\t\t\t\t\t\t\t<span class=\"woocommerce-Price-amount amount\"><bdi><span class=\"woocommerce-Price-currencySymbol\">&#8378;<\/span>500,00<\/bdi><\/span>\t\t\t\t\t\t\t<\/td>\n\n\t\t\t\t\t\t\t<td class=\"product-quantity\" data-title=\"Miktar\">\n\t\t\t\t\t\t\t\t\n<div class=\"quantity\">\n\t\n\t\t\t<input type=\"button\" value=\"-\" class=\"minus btn\" \/>\n\t\n\t<label class=\"screen-reader-text\" for=\"quantity_69e1badd84072\">Spark Twisted Biyeli Oto Kurulama Havlu Bezi 40x60 260gsm adet<\/label>\n\t<input\n\t\ttype=\"number\"\n\t\t\t\tid=\"quantity_69e1badd84072\"\n\t\tclass=\"input-text qty text\"\n\t\tvalue=\"1\"\n\t\taria-label=\"\u00dcr\u00fcn miktar\u0131\"\n\t\t\t\tmin=\"0\"\n\t\tmax=\"\"\n\t\tname=\"cart[7337bc5b4a00fa2ee237cf50a57b288d][qty]\"\n\n\t\t\t\t\tstep=\"1\"\n\t\t\tplaceholder=\"\"\n\t\t\tinputmode=\"numeric\"\n\t\t\tautocomplete=\"off\"\n\t\t\t>\n\n\t\t\t<input type=\"button\" value=\"+\" class=\"plus btn\" \/>\n\t\n\t<\/div>\n\t\t\t\t\t\t\t<\/td>\n\n\t\t\t\t\t\t\t<td class=\"product-subtotal\" data-title=\"Ara Toplam\">\n\t\t\t\t\t\t\t\t<span class=\"woocommerce-Price-amount amount\"><bdi><span class=\"woocommerce-Price-currencySymbol\">&#8378;<\/span>500,00<\/bdi><\/span>\t\t\t\t\t\t\t<\/td>\n\t\t\t\t\t\t<\/tr>\n\n\t\t\t\t\t\t\n\t\t\t\t\t\t<tr class=\"woocommerce-cart-form__cart-item cart_item\">\n\n\t\t\t\t\t\t\t<td class=\"product-remove\">\n\t\t\t\t\t\t\t\t<a href=\"https:\/\/junewax.com\/?page_id=10&#038;remove_item=a5adddf5f3e375d4fc7d970b6bce4893&#038;_wpnonce=5b563eb54c\" class=\"remove\" aria-label=\"JuneWax JW71 Bambu Oto Parf\u00fcm 5kg \u00fcr\u00fcn\u00fcn\u00fc sepetten \u00e7\u0131kar\" data-product_id=\"16323\" data-product_sku=\"\">&times;<\/a>\t\t\t\t\t\t\t<\/td>\n\n\t\t\t\t\t\t\t<td class=\"product-thumbnail\">\n\t\t\t\t\t\t\t<a href=\"https:\/\/junewax.com\/?product=junewax-jw71-bambu-oto-parfum-5kg\"><img loading=\"lazy\" decoding=\"async\" width=\"600\" height=\"600\" src=\"https:\/\/junewax.com\/wp-content\/uploads\/2025\/08\/62f1f95746d649e39ff8f1170d423c32-600x600.jpg\" class=\"attachment-woocommerce_thumbnail size-woocommerce_thumbnail\" alt=\"JuneWax JW71 Bambu Oto Parf\u00fcm 5kg\" srcset=\"https:\/\/junewax.com\/wp-content\/uploads\/2025\/08\/62f1f95746d649e39ff8f1170d423c32-600x600.jpg 600w, https:\/\/junewax.com\/wp-content\/uploads\/2025\/08\/62f1f95746d649e39ff8f1170d423c32-150x150.jpg 150w, https:\/\/junewax.com\/wp-content\/uploads\/2025\/08\/62f1f95746d649e39ff8f1170d423c32-300x300.jpg 300w, https:\/\/junewax.com\/wp-content\/uploads\/2025\/08\/62f1f95746d649e39ff8f1170d423c32-768x768.jpg 768w, https:\/\/junewax.com\/wp-content\/uploads\/2025\/08\/62f1f95746d649e39ff8f1170d423c32-64x64.jpg 64w, https:\/\/junewax.com\/wp-content\/uploads\/2025\/08\/62f1f95746d649e39ff8f1170d423c32.jpg 800w\" sizes=\"(max-width: 600px) 100vw, 600px\" \/><\/a>\t\t\t\t\t\t\t<\/td>\n\n\t\t\t\t\t\t\t<td class=\"product-name\" data-title=\"\u00dcr\u00fcn\">\n\t\t\t\t\t\t\t\t<a href=\"https:\/\/junewax.com\/?product=junewax-jw71-bambu-oto-parfum-5kg\">JuneWax JW71 Bambu Oto Parf\u00fcm 5kg<\/a>\t\t\t\t\t\t\t<\/td>\n\n\t\t\t\t\t\t\t<td class=\"product-price\" data-title=\"Fiyat\">\n\t\t\t\t\t\t\t\t<span class=\"woocommerce-Price-amount amount\"><bdi><span class=\"woocommerce-Price-currencySymbol\">&#8378;<\/span>1.000,00<\/bdi><\/span>\t\t\t\t\t\t\t<\/td>\n\n\t\t\t\t\t\t\t<td class=\"product-quantity\" data-title=\"Miktar\">\n\t\t\t\t\t\t\t\t\n<div class=\"quantity\">\n\t\n\t\t\t<input type=\"button\" value=\"-\" class=\"minus btn\" \/>\n\t\n\t<label class=\"screen-reader-text\" for=\"quantity_69e1badd8430c\">JuneWax JW71 Bambu Oto Parf\u00fcm 5kg adet<\/label>\n\t<input\n\t\ttype=\"number\"\n\t\t\t\tid=\"quantity_69e1badd8430c\"\n\t\tclass=\"input-text qty text\"\n\t\tvalue=\"1\"\n\t\taria-label=\"\u00dcr\u00fcn miktar\u0131\"\n\t\t\t\tmin=\"0\"\n\t\tmax=\"\"\n\t\tname=\"cart[a5adddf5f3e375d4fc7d970b6bce4893][qty]\"\n\n\t\t\t\t\tstep=\"1\"\n\t\t\tplaceholder=\"\"\n\t\t\tinputmode=\"numeric\"\n\t\t\tautocomplete=\"off\"\n\t\t\t>\n\n\t\t\t<input type=\"button\" value=\"+\" class=\"plus btn\" \/>\n\t\n\t<\/div>\n\t\t\t\t\t\t\t<\/td>\n\n\t\t\t\t\t\t\t<td class=\"product-subtotal\" data-title=\"Ara Toplam\">\n\t\t\t\t\t\t\t\t<span class=\"woocommerce-Price-amount amount\"><bdi><span class=\"woocommerce-Price-currencySymbol\">&#8378;<\/span>1.000,00<\/bdi><\/span>\t\t\t\t\t\t\t<\/td>\n\t\t\t\t\t\t<\/tr>\n\n\t\t\t\t\t\t\n\t\t\t\n\t\t\t<tr class=\"wd-cart-action-row\">\n\t\t\t\t<td colspan=\"12\" class=\"actions\">\n\t\t\t\t\t<div class=\"cart-actions\">\n\t\t\t\t\t\t\t\t\t\t\t\t\t<div class=\"coupon wd-coupon-form\">\n\t\t\t\t\t\t\t\t<label for=\"coupon_code\" class=\"screen-reader-text\">\n\t\t\t\t\t\t\t\t\tKupon:\t\t\t\t\t\t\t\t<\/label>\n\t\t\t\t\t\t\t\t<input type=\"text\" name=\"coupon_code\" class=\"input-text\" id=\"coupon_code\" value=\"\" placeholder=\"Kupon Kodu\" \/>\n\t\t\t\t\t\t\t\t<button type=\"submit\" class=\"button\" name=\"apply_coupon\" value=\"Kupon kullan\">\n\t\t\t\t\t\t\t\t\tKupon kullan\t\t\t\t\t\t\t\t<\/button>\n\t\t\t\t\t\t\t\t\t\t\t\t\t\t\t<\/div>\n\t\t\t\t\t\t\n\t\t\t\t\t\t<button type=\"submit\" class=\"button  wd-hide\" name=\"update_cart\" value=\"Sepeti g\u00fcncelle\">\n\t\t\t\t\t\t\tSepeti g\u00fcncelle\t\t\t\t\t\t<\/button>\n\n\t\t\t\t\t\t\n\t\t\t\t\t\t<input type=\"hidden\" id=\"woocommerce-cart-nonce\" name=\"woocommerce-cart-nonce\" value=\"5b563eb54c\" \/><input type=\"hidden\" name=\"_wp_http_referer\" value=\"\/index.php?rest_route=%2Fwp%2Fv2%2Fpages%2F10\" \/>\t\t\t\t\t<\/div>\n\t\t\t\t<\/td>\n\t\t\t<\/tr>\n\n\t\t\t\t\t\t<\/tbody>\n\t\t<\/table>\n\n\t\t\t<\/form>\n\n\t\n\t<div class=\"cart_totals \">\n\n\t<div class=\"cart-totals-inner wd-set-mb reset-last-child wd-layout-1\">\n\t<h2>Sepet toplamlar\u0131<\/h2>\n\n\t<table cellspacing=\"0\" class=\"shop_table shop_table_responsive\">\n\n\t\t<tr class=\"cart-subtotal\">\n\t\t\t<th>Ara Toplam<\/th>\n\t\t\t<td data-title=\"Ara Toplam\"><span class=\"woocommerce-Price-amount amount\"><bdi><span class=\"woocommerce-Price-currencySymbol\">&#8378;<\/span>2.250,00<\/bdi><\/span><\/td>\n\t\t<\/tr>\n\n\t\t\n\t\t\n\t\t\n\t\t\n\t\t\n\t\t<tr class=\"order-total\">\n\t\t\t<th>Toplam<\/th>\n\t\t\t<td data-title=\"Toplam\"><strong><span class=\"woocommerce-Price-amount amount\"><bdi><span class=\"woocommerce-Price-currencySymbol\">&#8378;<\/span>2.250,00<\/bdi><\/span><\/strong> <\/td>\n\t\t<\/tr>\n\n\t\t\n\t<\/table>\n\n\t<div class=\"wc-proceed-to-checkout\">\n\t\t\n<a href=\"https:\/\/junewax.com\/?page_id=11\" class=\"checkout-button button alt wc-forward\">\n\t\u00d6deme sayfas\u0131na git<\/a>\n\t<\/div>\n\n\t<\/div>\n<\/div>\n\n\t<\/div>\n<\/div>\n","protected":false},"excerpt":{"rendered":"","protected":false},"author":1,"featured_media":0,"parent":0,"menu_order":0,"comment_status":"closed","ping_status":"closed","template":"","meta":{"footnotes":""},"class_list":["post-10","page","type-page","status-publish","hentry"],"jetpack_sharing_enabled":true,"_links":{"self":[{"href":"https:\/\/junewax.com\/index.php?rest_route=\/wp\/v2\/pages\/10","targetHints":{"allow":["GET"]}}],"collection":[{"href":"https:\/\/junewax.com\/index.php?rest_route=\/wp\/v2\/pages"}],"about":[{"href":"https:\/\/junewax.com\/index.php?rest_route=\/wp\/v2\/types\/page"}],"author":[{"embeddable":true,"href":"https:\/\/junewax.com\/index.php?rest_route=\/wp\/v2\/users\/1"}],"replies":[{"embeddable":true,"href":"https:\/\/junewax.com\/index.php?rest_route=%2Fwp%2Fv2%2Fcomments&post=10"}],"version-history":[{"count":1,"href":"https:\/\/junewax.com\/index.php?rest_route=\/wp\/v2\/pages\/10\/revisions"}],"predecessor-version":[{"id":17110,"href":"https:\/\/junewax.com\/index.php?rest_route=\/wp\/v2\/pages\/10\/revisions\/17110"}],"wp:attachment":[{"href":"https:\/\/junewax.com\/index.php?rest_route=%2Fwp%2Fv2%2Fmedia&parent=10"}],"curies":[{"name":"wp","href":"https:\/\/api.w.org\/{rel}","templated":true}]}}