{"id":15851,"date":"2025-05-28T16:09:18","date_gmt":"2025-05-28T16:09:18","guid":{"rendered":"https:\/\/junewax.com\/?page_id=15851"},"modified":"2025-05-28T16:15:18","modified_gmt":"2025-05-28T16:15:18","slug":"elementor-15851","status":"publish","type":"page","link":"https:\/\/junewax.com\/?page_id=15851","title":{"rendered":"Hakk\u0131m\u0131zda &#8211; Junewax"},"content":{"rendered":"\t\t<div data-elementor-type=\"wp-page\" data-elementor-id=\"15851\" class=\"elementor elementor-15851\">\n\t\t\t\t<div class=\"elementor-element elementor-element-7b0206d e-con-full e-flex e-con e-parent\" data-id=\"7b0206d\" data-element_type=\"container\" data-e-type=\"container\">\n\t\t\t\t<div class=\"elementor-element elementor-element-bd00afa elementor-widget elementor-widget-wd_text_block\" data-id=\"bd00afa\" data-element_type=\"widget\" data-e-type=\"widget\" data-widget_type=\"wd_text_block.default\">\n\t\t\t\t<div class=\"elementor-widget-container\">\n\t\t\t\t\t\t\t<div class=\"wd-text-block reset-last-child text-left\">\n\t\t\t\n\t\t\t<p style=\"text-align: center;\"><strong>Junewax Profesyonel Oto Bak\u0131m \u00dcr\u00fcnleri, 2017 y\u0131l\u0131nda otomotiv sekt\u00f6r\u00fcne kalite, yenilik ve g\u00fcven katma vizyonuyla \u0130stanbul'da kurulmu\u015ftur.<\/strong> Kuruldu\u011fumuz g\u00fcnden bu yana, oto bak\u0131m kimyasallar\u0131 ba\u015fta olmak \u00fczere \u00fcretici kimli\u011fimizle sekt\u00f6rdeki yerimizi sa\u011flamla\u015ft\u0131rd\u0131k. pasta-cila \u00fcr\u00fcnleri, PPF kaplama ve sarf malzeme \u00fcr\u00fcn \u00e7e\u015fitlili\u011fi ile her daim kalite ve profesyonel \u00e7\u00f6z\u00fcmler sunmaktay\u0131z.<\/p><p style=\"text-align: center;\">Kendi \u00fcretim g\u00fcc\u00fcm\u00fczle geli\u015ftirdi\u011fimiz \u00fcr\u00fcnler, hem profesyonel oto bak\u0131m servislerinin hem de bireysel kullan\u0131c\u0131lar\u0131n beklentilerini kar\u015f\u0131layacak kalite standartlar\u0131nda sunulmaktad\u0131r. M\u00fc\u015fteri memnuniyetini temel ilke edinen firmam\u0131z, \u0130stanbul i\u00e7i mobil da\u011f\u0131t\u0131m a\u011f\u0131 ile h\u0131zl\u0131 ve etkin hizmet verirken, T\u00fcrkiye genelindeki bayiliklerimiz ile \u00fcr\u00fcnlerimizi geni\u015f bir kullan\u0131c\u0131 kitlesine ula\u015ft\u0131rmaktad\u0131r.<\/p><p style=\"text-align: center;\">S\u00fcrekli geli\u015fim ve yenilik\u00e7i bak\u0131\u015f a\u00e7\u0131s\u0131yla hareket eden Junewax, kaliteyi her zaman \u00f6n planda tutarak, oto bak\u0131m sekt\u00f6r\u00fcnde fark yaratan \u00e7\u00f6z\u00fcmler sunmaya devam etmektedir.<\/p><p style=\"text-align: center;\"><strong>Junewax \u2013 Profesyonellerin tercihi, arac\u0131n\u0131za \u00f6zel bak\u0131m.<\/strong><\/p>\n\t\t\t\t\t<\/div>\n\t\t\t\t\t\t<\/div>\n\t\t\t\t<\/div>\n\t\t\t\t<\/div>\n\t\t<div class=\"wd-negative-gap elementor-element elementor-element-2448a76 elementor-hidden-tablet elementor-hidden-mobile e-flex e-con-boxed e-con e-parent\" data-id=\"2448a76\" data-element_type=\"container\" data-e-type=\"container\" data-settings=\"{&quot;background_background&quot;:&quot;classic&quot;}\">\n\t\t\t\t\t<div class=\"e-con-inner\">\n\t\t\t\t<div class=\"elementor-element elementor-element-d8b75d7 elementor-widget__width-initial elementor-widget-mobile__width-inherit elementor-widget elementor-widget-wd_infobox\" data-id=\"d8b75d7\" data-element_type=\"widget\" data-e-type=\"widget\" data-widget_type=\"wd_infobox.default\">\n\t\t\t\t<div class=\"elementor-widget-container\">\n\t\t\t\t\t\t\t<div class=\"info-box-wrapper\">\n\t\t\t<div class=\"wd-info-box text-center box-icon-align-top box-style-base color-scheme-\">\n\t\t\t\t\t\t\t\t\t<div class=\"box-icon-wrapper  box-with-icon box-icon-simple\">\n\t\t\t\t\t\t<div class=\"info-box-icon\">\n\t\t\t\t\t\t\t\t\t\t\t\t\t\t\t<div class=\"info-svg-wrapper\" style=\"width:100px; height:100px;\"><img loading=\"lazy\" decoding=\"async\"  src=\"https:\/\/junewax.com\/wp-content\/uploads\/2025\/03\/sport-bus-shipping1.svg\" title=\"sport-bus-shipping1\" loading=\"lazy\" width=\"100\" height=\"100\"><\/div>\t\t\t\t\t\t\t\t\t\t\t\t\t<\/div>\n\t\t\t\t\t<\/div>\n\t\t\t\t\n\t\t\t\t<div class=\"info-box-content\">\n\t\t\t\t\t\n\t\t\t\t\t\t\t\t\t\t\t<h4\t\t\t\t\t\tclass=\"info-box-title title box-title-style-default wd-fontsize-s\" data-elementor-setting-key=\"title\">\n\t\t\t\t\t\t\t\t\u00dcCRETS\u0130Z KARGO<br \/>\n\t\t\t\t\t\t<\/h4>\n\t\t\t\t\t\n\t\t\t\t\t<div class=\"info-box-inner reset-last-child\"data-elementor-setting-key=\"content\"><p data-start=\"97\" data-end=\"178\">Sipari\u015fleriniz sorunsuz, h\u0131zl\u0131 ve \u00fccretsiz kargo ile gelir!!<\/p>\n<p data-start=\"180\" data-end=\"262\">\u00a0<\/p>\n<\/div>\n\n\t\t\t\t\t\t\t\t\t<\/div>\n\n\t\t\t\t\t\t\t\t\t<a href=\"#\" class=\"wd-info-box-link wd-fill\" aria-label=\"Bilgi kutusu ba\u011flant\u0131s\u0131\"><\/a>\n\t\t\t\t\t\t\t<\/div>\n\t\t<\/div>\n\t\t\t\t\t\t<\/div>\n\t\t\t\t<\/div>\n\t\t\t\t<div class=\"elementor-element elementor-element-f277861 elementor-widget__width-initial elementor-widget-mobile__width-inherit elementor-widget elementor-widget-wd_infobox\" data-id=\"f277861\" data-element_type=\"widget\" data-e-type=\"widget\" data-widget_type=\"wd_infobox.default\">\n\t\t\t\t<div class=\"elementor-widget-container\">\n\t\t\t\t\t\t\t<div class=\"info-box-wrapper\">\n\t\t\t<div class=\"wd-info-box text-center box-icon-align-top box-style-base color-scheme-\">\n\t\t\t\t\t\t\t\t\t<div class=\"box-icon-wrapper  box-with-icon box-icon-simple\">\n\t\t\t\t\t\t<div class=\"info-box-icon\">\n\t\t\t\t\t\t\t\t\t\t\t\t\t\t\t<div class=\"info-svg-wrapper\" style=\"width:100px; height:100px;\"><img loading=\"lazy\" decoding=\"async\"  src=\"https:\/\/junewax.com\/wp-content\/uploads\/2025\/03\/sport-credits1.svg\" title=\"sport-credits1\" loading=\"lazy\" width=\"100\" height=\"100\"><\/div>\t\t\t\t\t\t\t\t\t\t\t\t\t<\/div>\n\t\t\t\t\t<\/div>\n\t\t\t\t\n\t\t\t\t<div class=\"info-box-content\">\n\t\t\t\t\t\n\t\t\t\t\t\t\t\t\t\t\t<h4\t\t\t\t\t\tclass=\"info-box-title title box-title-style-default wd-fontsize-s\" data-elementor-setting-key=\"title\">\n\t\t\t\t\t\t\t\tANINDA \u00d6DEMELER<br \/>\n\t\t\t\t\t\t<\/h4>\n\t\t\t\t\t\n\t\t\t\t\t<div class=\"info-box-inner reset-last-child\"data-elementor-setting-key=\"content\"><p data-start=\"180\" data-end=\"262\">\u00d6demeleriniz an\u0131nda i\u015flenir, g\u00fcvenli ve zahmetsizce yap\u0131l\u0131r!<\/p>\n<p data-start=\"264\" data-end=\"345\">\u00a0<\/p>\n<\/div>\n\n\t\t\t\t\t\t\t\t\t<\/div>\n\n\t\t\t\t\t\t\t\t\t<a href=\"#\" class=\"wd-info-box-link wd-fill\" aria-label=\"Bilgi kutusu ba\u011flant\u0131s\u0131\"><\/a>\n\t\t\t\t\t\t\t<\/div>\n\t\t<\/div>\n\t\t\t\t\t\t<\/div>\n\t\t\t\t<\/div>\n\t\t\t\t<div class=\"elementor-element elementor-element-0a634c4 elementor-widget__width-initial elementor-widget-mobile__width-inherit elementor-widget elementor-widget-wd_infobox\" data-id=\"0a634c4\" data-element_type=\"widget\" data-e-type=\"widget\" data-widget_type=\"wd_infobox.default\">\n\t\t\t\t<div class=\"elementor-widget-container\">\n\t\t\t\t\t\t\t<div class=\"info-box-wrapper\">\n\t\t\t<div class=\"wd-info-box text-center box-icon-align-top box-style-base color-scheme-\">\n\t\t\t\t\t\t\t\t\t<div class=\"box-icon-wrapper  box-with-icon box-icon-simple\">\n\t\t\t\t\t\t<div class=\"info-box-icon\">\n\t\t\t\t\t\t\t\t\t\t\t\t\t\t\t<div class=\"info-svg-wrapper\" style=\"width:100px; height:100px;\"><img loading=\"lazy\" decoding=\"async\"  src=\"https:\/\/junewax.com\/wp-content\/uploads\/2025\/03\/sport-arrows1.svg\" title=\"sport-arrows1\" loading=\"lazy\" width=\"100\" height=\"100\"><\/div>\t\t\t\t\t\t\t\t\t\t\t\t\t<\/div>\n\t\t\t\t\t<\/div>\n\t\t\t\t\n\t\t\t\t<div class=\"info-box-content\">\n\t\t\t\t\t\n\t\t\t\t\t\t\t\t\t\t\t<h4\t\t\t\t\t\tclass=\"info-box-title title box-title-style-default wd-fontsize-s\" data-elementor-setting-key=\"title\">\n\t\t\t\t\t\t\t\tDE\u011e\u0130\u015e\u0130M & \u0130ADE<br \/>\n\t\t\t\t\t\t<\/h4>\n\t\t\t\t\t\n\t\t\t\t\t<div class=\"info-box-inner reset-last-child\"data-elementor-setting-key=\"content\"><p data-start=\"264\" data-end=\"345\">Kolay ve h\u0131zl\u0131 \u00fcr\u00fcn de\u011fi\u015fim &amp; iadesi, sorunsuz tamamlan\u0131r!!!<\/p>\n<p data-start=\"347\" data-end=\"432\" data-is-only-node=\"\" data-is-last-node=\"\">\u00a0<\/p>\n<\/div>\n\n\t\t\t\t\t\t\t\t\t<\/div>\n\n\t\t\t\t\t\t\t\t\t<a href=\"#\" class=\"wd-info-box-link wd-fill\" aria-label=\"Bilgi kutusu ba\u011flant\u0131s\u0131\"><\/a>\n\t\t\t\t\t\t\t<\/div>\n\t\t<\/div>\n\t\t\t\t\t\t<\/div>\n\t\t\t\t<\/div>\n\t\t\t\t<div class=\"elementor-element elementor-element-9c5e8ac elementor-widget__width-initial elementor-widget-mobile__width-inherit elementor-widget elementor-widget-wd_infobox\" data-id=\"9c5e8ac\" data-element_type=\"widget\" data-e-type=\"widget\" data-widget_type=\"wd_infobox.default\">\n\t\t\t\t<div class=\"elementor-widget-container\">\n\t\t\t\t\t\t\t<div class=\"info-box-wrapper\">\n\t\t\t<div class=\"wd-info-box text-center box-icon-align-top box-style-base color-scheme-\">\n\t\t\t\t\t\t\t\t\t<div class=\"box-icon-wrapper  box-with-icon box-icon-simple\">\n\t\t\t\t\t\t<div class=\"info-box-icon\">\n\t\t\t\t\t\t\t\t\t\t\t\t\t\t\t<div class=\"info-svg-wrapper\" style=\"width:100px; height:100px;\"><img loading=\"lazy\" decoding=\"async\"  src=\"https:\/\/junewax.com\/wp-content\/uploads\/2025\/03\/sport-24-hours1.svg\" title=\"sport-24-hours1\" loading=\"lazy\" width=\"100\" height=\"100\"><\/div>\t\t\t\t\t\t\t\t\t\t\t\t\t<\/div>\n\t\t\t\t\t<\/div>\n\t\t\t\t\n\t\t\t\t<div class=\"info-box-content\">\n\t\t\t\t\t\n\t\t\t\t\t\t\t\t\t\t\t<h4\t\t\t\t\t\tclass=\"info-box-title title box-title-style-default wd-fontsize-s\" data-elementor-setting-key=\"title\">\n\t\t\t\t\t\t\t\tM\u00dc\u015eTER\u0130 H\u0130ZMETLER\u0130<br \/>\n\t\t\t\t\t\t<\/h4>\n\t\t\t\t\t\n\t\t\t\t\t<div class=\"info-box-inner reset-last-child\"data-elementor-setting-key=\"content\"><p>7\/24 destek sunan, m\u00fc\u015fterilere g\u00fcven veren hizmet sunar!<\/p>\n<\/div>\n\n\t\t\t\t\t\t\t\t\t<\/div>\n\n\t\t\t\t\t\t\t\t\t<a href=\"#\" class=\"wd-info-box-link wd-fill\" aria-label=\"Bilgi kutusu ba\u011flant\u0131s\u0131\"><\/a>\n\t\t\t\t\t\t\t<\/div>\n\t\t<\/div>\n\t\t\t\t\t\t<\/div>\n\t\t\t\t<\/div>\n\t\t\t\t\t<\/div>\n\t\t\t\t<\/div>\n\t\t\t\t<\/div>\n\t\t","protected":false},"excerpt":{"rendered":"<p>Junewax Profesyonel Oto Bak\u0131m \u00dcr\u00fcnleri, 2017 y\u0131l\u0131nda otomotiv sekt\u00f6r\u00fcne kalite, yenilik ve g\u00fcven katma vizyonuyla \u0130stanbul&#8217;da kurulmu\u015ftur. Kuruldu\u011fumuz g\u00fcnden bu<\/p>\n","protected":false},"author":1,"featured_media":0,"parent":0,"menu_order":0,"comment_status":"closed","ping_status":"closed","template":"","meta":{"footnotes":""},"class_list":["post-15851","page","type-page","status-publish","hentry"],"jetpack_sharing_enabled":true,"_links":{"self":[{"href":"https:\/\/junewax.com\/index.php?rest_route=\/wp\/v2\/pages\/15851","targetHints":{"allow":["GET"]}}],"collection":[{"href":"https:\/\/junewax.com\/index.php?rest_route=\/wp\/v2\/pages"}],"about":[{"href":"https:\/\/junewax.com\/index.php?rest_route=\/wp\/v2\/types\/page"}],"author":[{"embeddable":true,"href":"https:\/\/junewax.com\/index.php?rest_route=\/wp\/v2\/users\/1"}],"replies":[{"embeddable":true,"href":"https:\/\/junewax.com\/index.php?rest_route=%2Fwp%2Fv2%2Fcomments&post=15851"}],"version-history":[{"count":8,"href":"https:\/\/junewax.com\/index.php?rest_route=\/wp\/v2\/pages\/15851\/revisions"}],"predecessor-version":[{"id":15861,"href":"https:\/\/junewax.com\/index.php?rest_route=\/wp\/v2\/pages\/15851\/revisions\/15861"}],"wp:attachment":[{"href":"https:\/\/junewax.com\/index.php?rest_route=%2Fwp%2Fv2%2Fmedia&parent=15851"}],"curies":[{"name":"wp","href":"https:\/\/api.w.org\/{rel}","templated":true}]}}