{"id":15914,"date":"2025-06-10T20:43:13","date_gmt":"2025-06-10T20:43:13","guid":{"rendered":"https:\/\/junewax.com\/?post_type=product&#038;p=15914"},"modified":"2026-04-15T20:06:00","modified_gmt":"2026-04-15T20:06:00","slug":"carpro-clearcut-agresif-cizik-giderici-pasta-250gr","status":"publish","type":"product","link":"https:\/\/junewax.com\/?product=carpro-clearcut-agresif-cizik-giderici-pasta-250gr","title":{"rendered":"Carpro Clearcut Agresif \u00c7izik Giderici Pasta 250gr."},"content":{"rendered":"<div>CARPRO ClearCut, otomotiv detayland\u0131rma ve boya d\u00fczeltme alan\u0131nda devrim niteli\u011finde bir \u00fcr\u00fcnd\u00fcr. Kullan\u0131c\u0131lar, bu \u00fcr\u00fcn\u00fcn sundu\u011fu h\u0131zl\u0131 ve etkili kesim \u00f6zelliklerinden olduk\u00e7a memnun kalmaktad\u0131r. \u00d6zellikle, 1000 Z\u0131mpara kadar derin \u00e7izikleri kolayca \u00e7\u0131karabilmesi, onu profesyonel ve hobi kullan\u0131c\u0131lar\u0131 i\u00e7in vazge\u00e7ilmez k\u0131lmaktad\u0131r.<\/div>\n<div><\/div>\n<div>Bu \u00fcr\u00fcn, hem 2 ad\u0131ml\u0131 i\u015flemlerde hem de bir\u00e7ok orta-sert boya uygulamalar\u0131nda 1 ad\u0131ml\u0131 i\u015flemlerde m\u00fckemmel bir performans sergiler. Bu sayede, zaman kaybetmeden etkili sonu\u00e7lar elde etmek isteyenler i\u00e7in ideal bir se\u00e7enek sunar. Ayr\u0131ca, d\u00fc\u015f\u00fck toz \u00fcretimi sayesinde \u00e7al\u0131\u015fma alan\u0131nda temizlik sa\u011flamak da olduk\u00e7a kolayd\u0131r.<\/div>\n<div><\/div>\n<div>CARPRO ClearCut&#8217;\u0131n sundu\u011fu biti\u015f, kullan\u0131c\u0131lar\u0131 her zaman \u015fa\u015f\u0131rtmay\u0131 ba\u015far\u0131r. Y\u00fczeyde b\u0131rakt\u0131\u011f\u0131 parlakl\u0131k ve p\u00fcr\u00fczs\u00fczl\u00fck, detayland\u0131rma i\u015fleminin son a\u015famas\u0131nda b\u00fcy\u00fck bir fark yarat\u0131r. Bu \u00f6zellikleri, hem profesyonel detayc\u0131lar hem de ara\u00e7 sahipleri i\u00e7in \u00f6nemli bir avantajd\u0131r.<\/div>\n<div><\/div>\n<div>Sonu\u00e7 olarak, CARPRO ClearCut, y\u00fcksek kesim kapasitesi ve kaliteli biti\u015fi ile otomotiv boya d\u00fczeltme s\u00fcre\u00e7lerini daha verimli hale getirir. E\u011fer siz de arac\u0131n\u0131z\u0131n boyas\u0131n\u0131 yenilemek veya \u00e7iziklerden kurtulmak istiyorsan\u0131z, bu \u00fcr\u00fcn\u00fc denemek iyi bir tercih olabilir.<\/div>\n","protected":false},"excerpt":{"rendered":"<p>CARPRO ClearCut, otomotiv detayland\u0131rma ve boya d\u00fczeltme alan\u0131nda devrim niteli\u011finde bir \u00fcr\u00fcnd\u00fcr. Kullan\u0131c\u0131lar, bu \u00fcr\u00fcn\u00fcn sundu\u011fu h\u0131zl\u0131 ve etkili kesim<\/p>\n","protected":false},"featured_media":15915,"comment_status":"open","ping_status":"closed","template":"","meta":[],"product_brand":[233],"product_cat":[218,194],"product_tag":[214,203,224,234,200,236,196,197],"class_list":{"0":"post-15914","1":"product","2":"type-product","3":"status-publish","4":"has-post-thumbnail","6":"product_brand-carpro","7":"product_cat-agresif-kalin-pastalar","8":"product_cat-pasta-ve-hare-gidericiler","9":"product_tag-agresif-cizik-giderici-pasta","10":"product_tag-agresif-kalin-pasta","11":"product_tag-araba-pastasi","12":"product_tag-carpro","13":"product_tag-cizik-giderici","14":"product_tag-clearcut","15":"product_tag-pasta","16":"product_tag-pasta-cila","18":"first","19":"outofstock","20":"shipping-taxable","21":"purchasable","22":"product-type-simple"},"jetpack_sharing_enabled":true,"_links":{"self":[{"href":"https:\/\/junewax.com\/index.php?rest_route=\/wp\/v2\/product\/15914","targetHints":{"allow":["GET"]}}],"collection":[{"href":"https:\/\/junewax.com\/index.php?rest_route=\/wp\/v2\/product"}],"about":[{"href":"https:\/\/junewax.com\/index.php?rest_route=\/wp\/v2\/types\/product"}],"replies":[{"embeddable":true,"href":"https:\/\/junewax.com\/index.php?rest_route=%2Fwp%2Fv2%2Fcomments&post=15914"}],"version-history":[{"count":1,"href":"https:\/\/junewax.com\/index.php?rest_route=\/wp\/v2\/product\/15914\/revisions"}],"predecessor-version":[{"id":15916,"href":"https:\/\/junewax.com\/index.php?rest_route=\/wp\/v2\/product\/15914\/revisions\/15916"}],"wp:featuredmedia":[{"embeddable":true,"href":"https:\/\/junewax.com\/index.php?rest_route=\/wp\/v2\/media\/15915"}],"wp:attachment":[{"href":"https:\/\/junewax.com\/index.php?rest_route=%2Fwp%2Fv2%2Fmedia&parent=15914"}],"wp:term":[{"taxonomy":"product_brand","embeddable":true,"href":"https:\/\/junewax.com\/index.php?rest_route=%2Fwp%2Fv2%2Fproduct_brand&post=15914"},{"taxonomy":"product_cat","embeddable":true,"href":"https:\/\/junewax.com\/index.php?rest_route=%2Fwp%2Fv2%2Fproduct_cat&post=15914"},{"taxonomy":"product_tag","embeddable":true,"href":"https:\/\/junewax.com\/index.php?rest_route=%2Fwp%2Fv2%2Fproduct_tag&post=15914"}],"curies":[{"name":"wp","href":"https:\/\/api.w.org\/{rel}","templated":true}]}}