{"id":15926,"date":"2025-06-10T20:53:05","date_gmt":"2025-06-10T20:53:05","guid":{"rendered":"https:\/\/junewax.com\/?post_type=product&#038;p=15926"},"modified":"2025-06-10T20:53:10","modified_gmt":"2025-06-10T20:53:10","slug":"polytop-oxide-p11-ultimate-cut-kalin-pasta-1lt","status":"publish","type":"product","link":"https:\/\/junewax.com\/?product=polytop-oxide-p11-ultimate-cut-kalin-pasta-1lt","title":{"rendered":"Polytop Oxide P11 Ultimate Cut Kal\u0131n Pasta 1lt."},"content":{"rendered":"<div>P11 Oxide Ultimate Cut Kal\u0131n Pasta<\/div>\n<div>Agresif A\u015f\u0131nd\u0131r\u0131c\u0131lar i\u00e7eren, dolgu maddesi , silikon i\u00e7ermeyen \u00e7izik Giderme pastas\u0131d\u0131r. Termal olarak optimize edilmi\u015f al\u00fcminyum oksit mikropartik\u00fclleri, Polisaj Makinesiyle Uyguland\u0131\u011f\u0131nda Y\u00fcksek hata d\u00fczeltmesini sa\u011flar. \u00c7izik Alma parlatma i\u015fleminden hemen sonra ba\u015flar ve hologram\u0131 azalt\u0131lm\u0131\u015f, homojen bir parlakl\u0131k b\u0131rak\u0131r. \u0130\u015flem S\u0131ras\u0131nda Toz Yapmaz. 1500 Kum Z\u0131mparaya kadar Z\u0131mpara \u00c7iziklerini Giderir.<\/div>\n","protected":false},"excerpt":{"rendered":"<p>P11 Oxide Ultimate Cut Kal\u0131n Pasta Agresif A\u015f\u0131nd\u0131r\u0131c\u0131lar i\u00e7eren, dolgu maddesi , silikon i\u00e7ermeyen \u00e7izik Giderme pastas\u0131d\u0131r. Termal olarak optimize<\/p>\n","protected":false},"featured_media":15927,"comment_status":"open","ping_status":"closed","template":"","meta":[],"product_brand":[228],"product_cat":[218,194],"product_tag":[214,203,224,200,196,197,229,240],"class_list":{"0":"post-15926","1":"product","2":"type-product","3":"status-publish","4":"has-post-thumbnail","6":"product_brand-polytop","7":"product_cat-agresif-kalin-pastalar","8":"product_cat-pasta-ve-hare-gidericiler","9":"product_tag-agresif-cizik-giderici-pasta","10":"product_tag-agresif-kalin-pasta","11":"product_tag-araba-pastasi","12":"product_tag-cizik-giderici","13":"product_tag-pasta","14":"product_tag-pasta-cila","15":"product_tag-polytop","16":"product_tag-polytop-p11","18":"first","19":"instock","20":"shipping-taxable","21":"purchasable","22":"product-type-simple"},"jetpack_sharing_enabled":true,"_links":{"self":[{"href":"https:\/\/junewax.com\/index.php?rest_route=\/wp\/v2\/product\/15926","targetHints":{"allow":["GET"]}}],"collection":[{"href":"https:\/\/junewax.com\/index.php?rest_route=\/wp\/v2\/product"}],"about":[{"href":"https:\/\/junewax.com\/index.php?rest_route=\/wp\/v2\/types\/product"}],"replies":[{"embeddable":true,"href":"https:\/\/junewax.com\/index.php?rest_route=%2Fwp%2Fv2%2Fcomments&post=15926"}],"version-history":[{"count":1,"href":"https:\/\/junewax.com\/index.php?rest_route=\/wp\/v2\/product\/15926\/revisions"}],"predecessor-version":[{"id":15928,"href":"https:\/\/junewax.com\/index.php?rest_route=\/wp\/v2\/product\/15926\/revisions\/15928"}],"wp:featuredmedia":[{"embeddable":true,"href":"https:\/\/junewax.com\/index.php?rest_route=\/wp\/v2\/media\/15927"}],"wp:attachment":[{"href":"https:\/\/junewax.com\/index.php?rest_route=%2Fwp%2Fv2%2Fmedia&parent=15926"}],"wp:term":[{"taxonomy":"product_brand","embeddable":true,"href":"https:\/\/junewax.com\/index.php?rest_route=%2Fwp%2Fv2%2Fproduct_brand&post=15926"},{"taxonomy":"product_cat","embeddable":true,"href":"https:\/\/junewax.com\/index.php?rest_route=%2Fwp%2Fv2%2Fproduct_cat&post=15926"},{"taxonomy":"product_tag","embeddable":true,"href":"https:\/\/junewax.com\/index.php?rest_route=%2Fwp%2Fv2%2Fproduct_tag&post=15926"}],"curies":[{"name":"wp","href":"https:\/\/api.w.org\/{rel}","templated":true}]}}