{"id":15932,"date":"2025-06-10T20:57:39","date_gmt":"2025-06-10T20:57:39","guid":{"rendered":"https:\/\/junewax.com\/?post_type=product&#038;p=15932"},"modified":"2025-06-10T20:57:43","modified_gmt":"2025-06-10T20:57:43","slug":"polytop-diamant-2000-ultimate-cut-agresif-kalin-pasta-1lt","status":"publish","type":"product","link":"https:\/\/junewax.com\/?product=polytop-diamant-2000-ultimate-cut-agresif-kalin-pasta-1lt","title":{"rendered":"Polytop Diamant 2000 Ultimate Cut Agresif Kal\u0131n Pasta 1lt"},"content":{"rendered":"<p>Diamant 2000 Ultimate Cut, Agresif Y\u00fcksek A\u015f\u0131nd\u0131r\u0131c\u0131 (Cut Booster) kar\u0131\u015f\u0131m i\u00e7eren, silikon i\u00e7ermeyen, profesyonel, yo\u011fun bir \u00c7izik Giderme\u00a0 pastas\u0131d\u0131r. Termal olarak optimize edilmi\u015f al\u00fcminyum oksit mikropartik\u00fclleri, Polisaj Makinesiyle Uyguland\u0131\u011f\u0131nda Y\u00fcksek hata d\u00fczeltmesini sa\u011flar. \u00c7izik Alma parlatma i\u015fleminden hemen sonra ba\u015flar ve hologram\u0131 azalt\u0131lm\u0131\u015f, homojen bir parlakl\u0131k b\u0131rak\u0131r. \u0130\u015flem S\u0131ras\u0131nda Toz Yapmaz. 1000 Kum Z\u0131mparaya\u00a0 kadar Z\u0131mparalanm\u0131\u015f \u00c7izikleri Giderir.<\/p>\n","protected":false},"excerpt":{"rendered":"<p>Diamant 2000 Ultimate Cut, Agresif Y\u00fcksek A\u015f\u0131nd\u0131r\u0131c\u0131 (Cut Booster) kar\u0131\u015f\u0131m i\u00e7eren, silikon i\u00e7ermeyen, profesyonel, yo\u011fun bir \u00c7izik Giderme\u00a0 pastas\u0131d\u0131r. Termal<\/p>\n","protected":false},"featured_media":15933,"comment_status":"open","ping_status":"closed","template":"","meta":[],"product_brand":[228],"product_cat":[218,194],"product_tag":[242,222,203,224,200,196,197,229,241],"class_list":{"0":"post-15932","1":"product","2":"type-product","3":"status-publish","4":"has-post-thumbnail","6":"product_brand-polytop","7":"product_cat-agresif-kalin-pastalar","8":"product_cat-pasta-ve-hare-gidericiler","9":"product_tag-242","10":"product_tag-agresif-cizik-giderici","11":"product_tag-agresif-kalin-pasta","12":"product_tag-araba-pastasi","13":"product_tag-cizik-giderici","14":"product_tag-pasta","15":"product_tag-pasta-cila","16":"product_tag-polytop","17":"product_tag-polytop-2000","19":"first","20":"instock","21":"shipping-taxable","22":"purchasable","23":"product-type-simple"},"jetpack_sharing_enabled":true,"_links":{"self":[{"href":"https:\/\/junewax.com\/index.php?rest_route=\/wp\/v2\/product\/15932","targetHints":{"allow":["GET"]}}],"collection":[{"href":"https:\/\/junewax.com\/index.php?rest_route=\/wp\/v2\/product"}],"about":[{"href":"https:\/\/junewax.com\/index.php?rest_route=\/wp\/v2\/types\/product"}],"replies":[{"embeddable":true,"href":"https:\/\/junewax.com\/index.php?rest_route=%2Fwp%2Fv2%2Fcomments&post=15932"}],"version-history":[{"count":1,"href":"https:\/\/junewax.com\/index.php?rest_route=\/wp\/v2\/product\/15932\/revisions"}],"predecessor-version":[{"id":15934,"href":"https:\/\/junewax.com\/index.php?rest_route=\/wp\/v2\/product\/15932\/revisions\/15934"}],"wp:featuredmedia":[{"embeddable":true,"href":"https:\/\/junewax.com\/index.php?rest_route=\/wp\/v2\/media\/15933"}],"wp:attachment":[{"href":"https:\/\/junewax.com\/index.php?rest_route=%2Fwp%2Fv2%2Fmedia&parent=15932"}],"wp:term":[{"taxonomy":"product_brand","embeddable":true,"href":"https:\/\/junewax.com\/index.php?rest_route=%2Fwp%2Fv2%2Fproduct_brand&post=15932"},{"taxonomy":"product_cat","embeddable":true,"href":"https:\/\/junewax.com\/index.php?rest_route=%2Fwp%2Fv2%2Fproduct_cat&post=15932"},{"taxonomy":"product_tag","embeddable":true,"href":"https:\/\/junewax.com\/index.php?rest_route=%2Fwp%2Fv2%2Fproduct_tag&post=15932"}],"curies":[{"name":"wp","href":"https:\/\/api.w.org\/{rel}","templated":true}]}}