{"id":15940,"date":"2025-06-11T12:46:26","date_gmt":"2025-06-11T12:46:26","guid":{"rendered":"https:\/\/junewax.com\/?post_type=product&#038;p=15940"},"modified":"2025-10-17T13:55:31","modified_gmt":"2025-10-17T13:55:31","slug":"angelwax-redemption-ultra-fine-polishing-hare-giderici-cila-1lt","status":"publish","type":"product","link":"https:\/\/junewax.com\/?product=angelwax-redemption-ultra-fine-polishing-hare-giderici-cila-1lt","title":{"rendered":"AngelWax Redemption Ultra Fine Polishing Hare Giderici Cila 1lt."},"content":{"rendered":"<div>Angelwax REDEMPTION ULTRA FINE FINISHING POLISH , hologramlar\u0131 ve ince \u00e7izikleri kal\u0131c\u0131 olarak gidermek i\u00e7in tasarlanm\u0131\u015ft\u0131r.Bu ultra ince cilalama bile\u015fi\u011fi, P3000&#8217;e Kadar Olan z\u0131mpara izlerini kald\u0131rarak ve \u015fa\u015f\u0131rt\u0131c\u0131 parlakl\u0131k katacakt\u0131r.Angelwax REDEMPTION silikon i\u00e7ermez ve her t\u00fcrl\u00fc boya i\u00e7in uygundur.<\/div>\n<div><\/div>\n<div>Talimatlar: Kullanmadan \u00f6nce \u015fi\u015feyi iyice \u00e7alkalay\u0131n. Boya y\u00fczeyinin uyumlulu\u011funu ve uygunlu\u011funu sa\u011flamak i\u00e7in g\u00f6ze \u00e7arpmayan bir alanda test edin.<\/div>\n<div>Angelwax serisinden se\u00e7ilen makine bile\u015fim pedine istenen miktarda cila uygulay\u0131n.<\/div>\n<div>Makine kapal\u0131yken cilay\u0131 panelin etraf\u0131na yay\u0131n.polisaj makinesini a\u00e7\u0131n ve boya y\u00fczeyinde \u015feffaf bir film g\u00f6r\u00fcnene kadar \u00e7apraz hareketlerle \u00e7al\u0131\u015f\u0131rken orta bas\u0131n\u00e7 uygulay\u0131n.Filmi mikrofiber bir bezle Silin.<\/div>\n","protected":false},"excerpt":{"rendered":"<p>Angelwax REDEMPTION ULTRA FINE FINISHING POLISH , hologramlar\u0131 ve ince \u00e7izikleri kal\u0131c\u0131 olarak gidermek i\u00e7in tasarlanm\u0131\u015ft\u0131r.Bu ultra ince cilalama bile\u015fi\u011fi,<\/p>\n","protected":false},"featured_media":15941,"comment_status":"open","ping_status":"closed","template":"","meta":[],"product_brand":[249],"product_cat":[243,194],"product_tag":[250,252,224,198,253,196,197,251],"class_list":{"0":"post-15940","1":"product","2":"type-product","3":"status-publish","4":"has-post-thumbnail","6":"product_brand-angelwax","7":"product_cat-hare-giderici","8":"product_cat-pasta-ve-hare-gidericiler","9":"product_tag-angelwax","10":"product_tag-angelwax-redemption","11":"product_tag-araba-pastasi","12":"product_tag-hare-giderici","13":"product_tag-hare-giderme","14":"product_tag-pasta","15":"product_tag-pasta-cila","16":"product_tag-redemption","18":"first","19":"instock","20":"shipping-taxable","21":"purchasable","22":"product-type-simple"},"jetpack_sharing_enabled":true,"_links":{"self":[{"href":"https:\/\/junewax.com\/index.php?rest_route=\/wp\/v2\/product\/15940","targetHints":{"allow":["GET"]}}],"collection":[{"href":"https:\/\/junewax.com\/index.php?rest_route=\/wp\/v2\/product"}],"about":[{"href":"https:\/\/junewax.com\/index.php?rest_route=\/wp\/v2\/types\/product"}],"replies":[{"embeddable":true,"href":"https:\/\/junewax.com\/index.php?rest_route=%2Fwp%2Fv2%2Fcomments&post=15940"}],"version-history":[{"count":1,"href":"https:\/\/junewax.com\/index.php?rest_route=\/wp\/v2\/product\/15940\/revisions"}],"predecessor-version":[{"id":15942,"href":"https:\/\/junewax.com\/index.php?rest_route=\/wp\/v2\/product\/15940\/revisions\/15942"}],"wp:featuredmedia":[{"embeddable":true,"href":"https:\/\/junewax.com\/index.php?rest_route=\/wp\/v2\/media\/15941"}],"wp:attachment":[{"href":"https:\/\/junewax.com\/index.php?rest_route=%2Fwp%2Fv2%2Fmedia&parent=15940"}],"wp:term":[{"taxonomy":"product_brand","embeddable":true,"href":"https:\/\/junewax.com\/index.php?rest_route=%2Fwp%2Fv2%2Fproduct_brand&post=15940"},{"taxonomy":"product_cat","embeddable":true,"href":"https:\/\/junewax.com\/index.php?rest_route=%2Fwp%2Fv2%2Fproduct_cat&post=15940"},{"taxonomy":"product_tag","embeddable":true,"href":"https:\/\/junewax.com\/index.php?rest_route=%2Fwp%2Fv2%2Fproduct_tag&post=15940"}],"curies":[{"name":"wp","href":"https:\/\/api.w.org\/{rel}","templated":true}]}}