{"id":15943,"date":"2025-06-11T12:49:10","date_gmt":"2025-06-11T12:49:10","guid":{"rendered":"https:\/\/junewax.com\/?post_type=product&#038;p=15943"},"modified":"2025-06-11T12:49:17","modified_gmt":"2025-06-11T12:49:17","slug":"igl-ecoshine-finish-f3-hare-giderici-1lt","status":"publish","type":"product","link":"https:\/\/junewax.com\/?product=igl-ecoshine-finish-f3-hare-giderici-1lt","title":{"rendered":"\u0130gl Ecoshine Finish F3 Hare Giderici 1lt."},"content":{"rendered":"<p>ecoshine finish f3, nanoteknoloji esasl\u0131, y\u00fcksek performansl\u0131 nano-a\u015f\u0131nd\u0131r\u0131c\u0131 \u0130\u00e7eren bir form\u00fcle Sahiptir. Kesim miktar\u0131, \u00f6zellikle ecoshine f3&#8217;\u00fcn kurumas\u0131 konusunda minimum endi\u015fe ile agresif bir ped ile kullan\u0131ld\u0131\u011f\u0131nda m\u00fckemmeldir. \u00c7ok derin ve kusursuz bir y\u00fczey olu\u015fturmada ve P4000-P5000 kum \u00e7iziklerinin giderilmesinde olduk\u00e7a etkilidir. Sonu\u00e7lar b\u00fcy\u00fck \u00f6l\u00e7\u00fcde i\u015flenmi\u015f boyalar\u0131n sertli\u011fine ba\u011fl\u0131d\u0131r. Hem oksitlenmi\u015f y\u00fczeylerde hem de yeni tamamen kurumu\u015f boyalarda kullan\u0131labilir. Daha yumu\u015fak boya sisteminde ecoshine finish f3 kullan\u0131ld\u0131\u011f\u0131nda, finish f3, herhangi bir perdeleme kalmadan d\u00fczeltebilir.<\/p>\n","protected":false},"excerpt":{"rendered":"<p>ecoshine finish f3, nanoteknoloji esasl\u0131, y\u00fcksek performansl\u0131 nano-a\u015f\u0131nd\u0131r\u0131c\u0131 \u0130\u00e7eren bir form\u00fcle Sahiptir. Kesim miktar\u0131, \u00f6zellikle ecoshine f3&#8217;\u00fcn kurumas\u0131 konusunda minimum<\/p>\n","protected":false},"featured_media":15944,"comment_status":"open","ping_status":"closed","template":"","meta":[],"product_brand":[254],"product_cat":[243,194],"product_tag":[258,224,257,198,255,256,196,197],"class_list":{"0":"post-15943","1":"product","2":"type-product","3":"status-publish","4":"has-post-thumbnail","6":"product_brand-igl-coatings","7":"product_cat-hare-giderici","8":"product_cat-pasta-ve-hare-gidericiler","9":"product_tag-araba-hare-giderme","10":"product_tag-araba-pastasi","11":"product_tag-f3","12":"product_tag-hare-giderici","13":"product_tag-igl","14":"product_tag-igl-f3-hare-giderici","15":"product_tag-pasta","16":"product_tag-pasta-cila","18":"first","19":"instock","20":"shipping-taxable","21":"purchasable","22":"product-type-simple"},"jetpack_sharing_enabled":true,"_links":{"self":[{"href":"https:\/\/junewax.com\/index.php?rest_route=\/wp\/v2\/product\/15943","targetHints":{"allow":["GET"]}}],"collection":[{"href":"https:\/\/junewax.com\/index.php?rest_route=\/wp\/v2\/product"}],"about":[{"href":"https:\/\/junewax.com\/index.php?rest_route=\/wp\/v2\/types\/product"}],"replies":[{"embeddable":true,"href":"https:\/\/junewax.com\/index.php?rest_route=%2Fwp%2Fv2%2Fcomments&post=15943"}],"version-history":[{"count":1,"href":"https:\/\/junewax.com\/index.php?rest_route=\/wp\/v2\/product\/15943\/revisions"}],"predecessor-version":[{"id":15945,"href":"https:\/\/junewax.com\/index.php?rest_route=\/wp\/v2\/product\/15943\/revisions\/15945"}],"wp:featuredmedia":[{"embeddable":true,"href":"https:\/\/junewax.com\/index.php?rest_route=\/wp\/v2\/media\/15944"}],"wp:attachment":[{"href":"https:\/\/junewax.com\/index.php?rest_route=%2Fwp%2Fv2%2Fmedia&parent=15943"}],"wp:term":[{"taxonomy":"product_brand","embeddable":true,"href":"https:\/\/junewax.com\/index.php?rest_route=%2Fwp%2Fv2%2Fproduct_brand&post=15943"},{"taxonomy":"product_cat","embeddable":true,"href":"https:\/\/junewax.com\/index.php?rest_route=%2Fwp%2Fv2%2Fproduct_cat&post=15943"},{"taxonomy":"product_tag","embeddable":true,"href":"https:\/\/junewax.com\/index.php?rest_route=%2Fwp%2Fv2%2Fproduct_tag&post=15943"}],"curies":[{"name":"wp","href":"https:\/\/api.w.org\/{rel}","templated":true}]}}