{"id":15962,"date":"2025-06-11T13:11:39","date_gmt":"2025-06-11T13:11:39","guid":{"rendered":"https:\/\/junewax.com\/?post_type=product&#038;p=15962"},"modified":"2025-10-17T13:54:37","modified_gmt":"2025-10-17T13:54:37","slug":"angelwax-regenerate-medium-cut-compound-ince-pasta-1lt","status":"publish","type":"product","link":"https:\/\/junewax.com\/?product=angelwax-regenerate-medium-cut-compound-ince-pasta-1lt","title":{"rendered":"AngelWax Regenerate Medium Cut Compound \u0130nce Pasta 1lt."},"content":{"rendered":"<div>Angelwax REGENERATE MEDIUM CUT COMPOUND, orta ile a\u011f\u0131r \u00e7izikleri, Hare izlerini, boya kusurlar\u0131n\u0131 ve 2500 dereceye kadar z\u0131mpara izlerini gidermek ve d\u00fczeltmek i\u00e7in form\u00fcle edilmi\u015f yo\u011fun bir \u00c7izik Giderici Pastad\u0131r.<\/div>\n<div>Angelwax REGENERATE silikon i\u00e7ermez ve her t\u00fcrl\u00fc boya i\u00e7in uygundur.<\/div>\n<div><\/div>\n<div>Talimatlar: Kullanmadan \u00f6nce \u015fi\u015feyi iyice \u00e7alkalay\u0131n. Her zaman g\u00f6ze \u00e7arpmayan bir alanda test ederek boya y\u00fczeyinin uyumlulu\u011funu ve uygunlu\u011funu kontrol edin.<\/div>\n<div>Angelwax serisinden se\u00e7ilen makine bile\u015fim pedine istenen miktarda cila uygulay\u0131n.<\/div>\n<div>Rotary veya Orbital\u00a0 bir Polisaj\u00a0 makinesi kullanarak, makine kapal\u0131yken bile\u015fi\u011fi panelin etraf\u0131na yay\u0131n.Polisaj makinesini a\u00e7\u0131n ve boya y\u00fczeyinde \u015feffaf bir film g\u00f6r\u00fcnene kadar \u00e7apraz hareketlerle \u00e7al\u0131\u015f\u0131rken orta bas\u0131n\u00e7 uygulay\u0131n.Yumu\u015fak, temiz bir mikrofiber bezle kalan pasta izlerini giderin.Son d\u00fczeltme ve y\u00fcksek parlakl\u0131k i\u00e7in Angelwax REDEMPTION ULTRA FINE POLISHING COMPOUND kullan\u0131n ve boya y\u00fczeyindeki \u015feffaf filmi yumu\u015fak, temiz bir mikrofiber bezle bir kez daha Silin.<\/div>\n","protected":false},"excerpt":{"rendered":"<p>Angelwax REGENERATE MEDIUM CUT COMPOUND, orta ile a\u011f\u0131r \u00e7izikleri, Hare izlerini, boya kusurlar\u0131n\u0131 ve 2500 dereceye kadar z\u0131mpara izlerini gidermek<\/p>\n","protected":false},"featured_media":15963,"comment_status":"open","ping_status":"closed","template":"","meta":[],"product_brand":[249],"product_cat":[265,194],"product_tag":[250,275,274,270,268,273,267,196,197,276],"class_list":{"0":"post-15962","1":"product","2":"type-product","3":"status-publish","4":"has-post-thumbnail","6":"product_brand-angelwax","7":"product_cat-ince-pastalar","8":"product_cat-pasta-ve-hare-gidericiler","9":"product_tag-angelwax","10":"product_tag-angelwax-ince-pasta","11":"product_tag-angelwax-regenerate","12":"product_tag-araba-cizik-giderme","13":"product_tag-araba-ince-pasta","14":"product_tag-ince-cizik-pastasi","15":"product_tag-ince-pasta","16":"product_tag-pasta","17":"product_tag-pasta-cila","18":"product_tag-regenerate","20":"first","21":"instock","22":"shipping-taxable","23":"purchasable","24":"product-type-simple"},"jetpack_sharing_enabled":true,"_links":{"self":[{"href":"https:\/\/junewax.com\/index.php?rest_route=\/wp\/v2\/product\/15962","targetHints":{"allow":["GET"]}}],"collection":[{"href":"https:\/\/junewax.com\/index.php?rest_route=\/wp\/v2\/product"}],"about":[{"href":"https:\/\/junewax.com\/index.php?rest_route=\/wp\/v2\/types\/product"}],"replies":[{"embeddable":true,"href":"https:\/\/junewax.com\/index.php?rest_route=%2Fwp%2Fv2%2Fcomments&post=15962"}],"version-history":[{"count":1,"href":"https:\/\/junewax.com\/index.php?rest_route=\/wp\/v2\/product\/15962\/revisions"}],"predecessor-version":[{"id":15964,"href":"https:\/\/junewax.com\/index.php?rest_route=\/wp\/v2\/product\/15962\/revisions\/15964"}],"wp:featuredmedia":[{"embeddable":true,"href":"https:\/\/junewax.com\/index.php?rest_route=\/wp\/v2\/media\/15963"}],"wp:attachment":[{"href":"https:\/\/junewax.com\/index.php?rest_route=%2Fwp%2Fv2%2Fmedia&parent=15962"}],"wp:term":[{"taxonomy":"product_brand","embeddable":true,"href":"https:\/\/junewax.com\/index.php?rest_route=%2Fwp%2Fv2%2Fproduct_brand&post=15962"},{"taxonomy":"product_cat","embeddable":true,"href":"https:\/\/junewax.com\/index.php?rest_route=%2Fwp%2Fv2%2Fproduct_cat&post=15962"},{"taxonomy":"product_tag","embeddable":true,"href":"https:\/\/junewax.com\/index.php?rest_route=%2Fwp%2Fv2%2Fproduct_tag&post=15962"}],"curies":[{"name":"wp","href":"https:\/\/api.w.org\/{rel}","templated":true}]}}