{"id":15965,"date":"2025-06-11T13:13:11","date_gmt":"2025-06-11T13:13:11","guid":{"rendered":"https:\/\/junewax.com\/?post_type=product&#038;p=15965"},"modified":"2025-06-11T13:13:14","modified_gmt":"2025-06-11T13:13:14","slug":"polytop-diamant-5000-super-cut-pasta-1lt","status":"publish","type":"product","link":"https:\/\/junewax.com\/?product=polytop-diamant-5000-super-cut-pasta-1lt","title":{"rendered":"Polytop Diamant 5000 Super Cut Pasta 1lt."},"content":{"rendered":"<p>Diamant 5000 Ultra Cut, Y\u00fcksek A\u015f\u0131nd\u0131r\u0131c\u0131 kar\u0131\u015f\u0131m i\u00e7eren, silikon i\u00e7ermeyen, profesyonel, yo\u011fun bir \u00c7izik Giderme\u00a0 pastas\u0131d\u0131r. Termal olarak optimize edilmi\u015f al\u00fcminyum oksit mikropartik\u00fclleri, Polisaj Makinesiyle Uyguland\u0131\u011f\u0131nda Y\u00fcksek hata d\u00fczeltmesini sa\u011flar. \u00c7izik Alma parlatma i\u015fleminden hemen sonra ba\u015flar ve hologram\u0131 azalt\u0131lm\u0131\u015f, homojen bir parlakl\u0131k b\u0131rak\u0131r. \u0130\u015flem S\u0131ras\u0131nda Toz Yapmaz. 3.000 Z\u0131mparaya\u00a0 kadar Z\u0131mparalanm\u0131\u015f \u00c7izikleri Giderir.<\/p>\n","protected":false},"excerpt":{"rendered":"<p>Diamant 5000 Ultra Cut, Y\u00fcksek A\u015f\u0131nd\u0131r\u0131c\u0131 kar\u0131\u015f\u0131m i\u00e7eren, silikon i\u00e7ermeyen, profesyonel, yo\u011fun bir \u00c7izik Giderme\u00a0 pastas\u0131d\u0131r. Termal olarak optimize edilmi\u015f<\/p>\n","protected":false},"featured_media":15966,"comment_status":"open","ping_status":"closed","template":"","meta":[],"product_brand":[228],"product_cat":[265,194],"product_tag":[270,279,273,267,196,197,229,277,278],"class_list":{"0":"post-15965","1":"product","2":"type-product","3":"status-publish","4":"has-post-thumbnail","6":"product_brand-polytop","7":"product_cat-ince-pastalar","8":"product_cat-pasta-ve-hare-gidericiler","9":"product_tag-araba-cizik-giderme","10":"product_tag-ince-araba-pastasi","11":"product_tag-ince-cizik-pastasi","12":"product_tag-ince-pasta","13":"product_tag-pasta","14":"product_tag-pasta-cila","15":"product_tag-polytop","16":"product_tag-polytop-5000","17":"product_tag-polytop-ince-pasta","19":"first","20":"instock","21":"shipping-taxable","22":"purchasable","23":"product-type-simple"},"jetpack_sharing_enabled":true,"_links":{"self":[{"href":"https:\/\/junewax.com\/index.php?rest_route=\/wp\/v2\/product\/15965","targetHints":{"allow":["GET"]}}],"collection":[{"href":"https:\/\/junewax.com\/index.php?rest_route=\/wp\/v2\/product"}],"about":[{"href":"https:\/\/junewax.com\/index.php?rest_route=\/wp\/v2\/types\/product"}],"replies":[{"embeddable":true,"href":"https:\/\/junewax.com\/index.php?rest_route=%2Fwp%2Fv2%2Fcomments&post=15965"}],"version-history":[{"count":1,"href":"https:\/\/junewax.com\/index.php?rest_route=\/wp\/v2\/product\/15965\/revisions"}],"predecessor-version":[{"id":15967,"href":"https:\/\/junewax.com\/index.php?rest_route=\/wp\/v2\/product\/15965\/revisions\/15967"}],"wp:featuredmedia":[{"embeddable":true,"href":"https:\/\/junewax.com\/index.php?rest_route=\/wp\/v2\/media\/15966"}],"wp:attachment":[{"href":"https:\/\/junewax.com\/index.php?rest_route=%2Fwp%2Fv2%2Fmedia&parent=15965"}],"wp:term":[{"taxonomy":"product_brand","embeddable":true,"href":"https:\/\/junewax.com\/index.php?rest_route=%2Fwp%2Fv2%2Fproduct_brand&post=15965"},{"taxonomy":"product_cat","embeddable":true,"href":"https:\/\/junewax.com\/index.php?rest_route=%2Fwp%2Fv2%2Fproduct_cat&post=15965"},{"taxonomy":"product_tag","embeddable":true,"href":"https:\/\/junewax.com\/index.php?rest_route=%2Fwp%2Fv2%2Fproduct_tag&post=15965"}],"curies":[{"name":"wp","href":"https:\/\/api.w.org\/{rel}","templated":true}]}}