{"id":15977,"date":"2025-06-11T13:27:51","date_gmt":"2025-06-11T13:27:51","guid":{"rendered":"https:\/\/junewax.com\/?post_type=product&#038;p=15977"},"modified":"2026-04-15T20:05:12","modified_gmt":"2026-04-15T20:05:12","slug":"polytop-rapid-one-step-plus-tek-adim-pasta-250ml","status":"publish","type":"product","link":"https:\/\/junewax.com\/?product=polytop-rapid-one-step-plus-tek-adim-pasta-250ml","title":{"rendered":"Polytop Rapid One Step Plus Tek Ad\u0131m Pasta 250ml."},"content":{"rendered":"<p>Rapid One-Step Plus, etkili a\u015f\u0131nd\u0131r\u0131c\u0131 bile\u015fenler ve y\u00fcksek kaliteli Carnauba Wax i\u00e7eren, kullan\u0131m\u0131 kolay 1 Tek Ad\u0131m Pastad\u0131r. Sadece bir i\u015flemde \u00c7izikler giderilir ve boya y\u00fczeyi uzun s\u00fcre boyunca Koruma Alt\u0131na Al\u0131r. Renk derinli\u011fi ve parlakl\u0131\u011f\u0131 art\u0131r\u0131r. Y\u00fcksek su boncuklama etkisi. Kullan\u0131lm\u0131\u015f Ve Yeni arabalar\u0131n Y\u00fczeyinin\u00a0 Haz\u0131rlanmas\u0131nda Zaman Kazand\u0131r\u0131r.<\/p>\n","protected":false},"excerpt":{"rendered":"<p>Rapid One-Step Plus, etkili a\u015f\u0131nd\u0131r\u0131c\u0131 bile\u015fenler ve y\u00fcksek kaliteli Carnauba Wax i\u00e7eren, kullan\u0131m\u0131 kolay 1 Tek Ad\u0131m Pastad\u0131r. Sadece bir<\/p>\n","protected":false},"featured_media":15978,"comment_status":"open","ping_status":"closed","template":"","meta":[],"product_brand":[228],"product_cat":[194,280],"product_tag":[224,223,198,267,196,197,229,288,290,289],"class_list":{"0":"post-15977","1":"product","2":"type-product","3":"status-publish","4":"has-post-thumbnail","6":"product_brand-polytop","7":"product_cat-pasta-ve-hare-gidericiler","8":"product_cat-tek-adim-pastalar","9":"product_tag-araba-pastasi","10":"product_tag-cizik-giderici-pasta","11":"product_tag-hare-giderici","12":"product_tag-ince-pasta","13":"product_tag-pasta","14":"product_tag-pasta-cila","15":"product_tag-polytop","16":"product_tag-polytop-pasta","17":"product_tag-polytop-rapid-one-step","18":"product_tag-polytop-tek-adim-pasta","20":"first","21":"outofstock","22":"shipping-taxable","23":"purchasable","24":"product-type-simple"},"jetpack_sharing_enabled":true,"_links":{"self":[{"href":"https:\/\/junewax.com\/index.php?rest_route=\/wp\/v2\/product\/15977","targetHints":{"allow":["GET"]}}],"collection":[{"href":"https:\/\/junewax.com\/index.php?rest_route=\/wp\/v2\/product"}],"about":[{"href":"https:\/\/junewax.com\/index.php?rest_route=\/wp\/v2\/types\/product"}],"replies":[{"embeddable":true,"href":"https:\/\/junewax.com\/index.php?rest_route=%2Fwp%2Fv2%2Fcomments&post=15977"}],"version-history":[{"count":1,"href":"https:\/\/junewax.com\/index.php?rest_route=\/wp\/v2\/product\/15977\/revisions"}],"predecessor-version":[{"id":15979,"href":"https:\/\/junewax.com\/index.php?rest_route=\/wp\/v2\/product\/15977\/revisions\/15979"}],"wp:featuredmedia":[{"embeddable":true,"href":"https:\/\/junewax.com\/index.php?rest_route=\/wp\/v2\/media\/15978"}],"wp:attachment":[{"href":"https:\/\/junewax.com\/index.php?rest_route=%2Fwp%2Fv2%2Fmedia&parent=15977"}],"wp:term":[{"taxonomy":"product_brand","embeddable":true,"href":"https:\/\/junewax.com\/index.php?rest_route=%2Fwp%2Fv2%2Fproduct_brand&post=15977"},{"taxonomy":"product_cat","embeddable":true,"href":"https:\/\/junewax.com\/index.php?rest_route=%2Fwp%2Fv2%2Fproduct_cat&post=15977"},{"taxonomy":"product_tag","embeddable":true,"href":"https:\/\/junewax.com\/index.php?rest_route=%2Fwp%2Fv2%2Fproduct_tag&post=15977"}],"curies":[{"name":"wp","href":"https:\/\/api.w.org\/{rel}","templated":true}]}}