{"id":15986,"date":"2025-06-11T13:33:56","date_gmt":"2025-06-11T13:33:56","guid":{"rendered":"https:\/\/junewax.com\/?post_type=product&#038;p=15986"},"modified":"2026-04-15T19:53:48","modified_gmt":"2026-04-15T19:53:48","slug":"slopes-x20-tek-adim-pasta-1lt","status":"publish","type":"product","link":"https:\/\/junewax.com\/?product=slopes-x20-tek-adim-pasta-1lt","title":{"rendered":"Slopes X20 Tek Ad\u0131m Pasta 1lt"},"content":{"rendered":"<div>Arac\u0131n\u0131z\u0131n Boyas\u0131nda M\u00fckemmelli\u011fe Ula\u015fman\u0131n S\u0131rr\u0131: Tek Ad\u0131mda Y\u00fcksek Performansl\u0131 Pasta<\/div>\n<div><\/div>\n<div>Arac\u0131n\u0131z\u0131n boyas\u0131 zamanla \u00e7izilebilir, y\u0131pranabilir ve eski parlakl\u0131\u011f\u0131n\u0131 kaybedebilir. Bu durum hem arac\u0131n\u0131z\u0131n g\u00f6r\u00fcn\u00fcm\u00fcn\u00fc etkiler hem de de\u011ferini d\u00fc\u015f\u00fcrebilir. Ancak endi\u015felenmeyin! Art\u0131k t\u00fcm boya sistemlerinde her t\u00fcrl\u00fc uygulamay\u0131 kapsayan, benzersiz bir \u00fcr\u00fcnle tan\u0131\u015fma zaman\u0131: **Tek Ad\u0131mda Y\u00fcksek Performansl\u0131 Pasta**<\/div>\n<div><\/div>\n<div>Bu \u00fcr\u00fcn, y\u0131pranm\u0131\u015f ve \u00e7izikli boya y\u00fczeylerinde hatalar\u0131n giderilmesini hi\u00e7 olmad\u0131\u011f\u0131 kadar kolayla\u015ft\u0131r\u0131yor. Geli\u015ftirilmi\u015f form\u00fcl\u00fc sayesinde, vernik ve boya sertli\u011finden ba\u011f\u0131ms\u0131z olarak derin \u00e7izikleri gideriyor ve y\u0131pranm\u0131\u015f y\u00fczeyleri h\u0131zl\u0131, zahmetsiz bir \u015fekilde tek bir ad\u0131mda i\u015fliyor. \u00dcstelik bunu yaparken yaln\u0131zca \u00e7izikleri gidermekle kalm\u0131yor, ayn\u0131 zamanda muazzam bir parlakl\u0131k sunuyor.<\/div>\n<div><\/div>\n<div>\u00c7izikler Art\u0131k Sorun De\u011fil<\/div>\n<div><\/div>\n<div>Arac\u0131n\u0131z\u0131n y\u00fczeyindeki \u00e7izikler, genellikle can s\u0131k\u0131c\u0131 bir problem olarak g\u00f6r\u00fcl\u00fcr. Ancak bu \u00fcr\u00fcn, \u00fcst\u00fcn \u00e7izik alma performans\u0131 ile dikkat \u00e7ekiyor. Boya y\u00fczeyindeki derin \u00e7izikleri kolayca giderirken, koyu renkli ara\u00e7larda s\u0131kl\u0131kla g\u00f6r\u00fclen hologram ve harelenmeleri bile ortadan kald\u0131r\u0131yor. \u00dcstelik bu i\u015flemleri yaparken arac\u0131n\u0131z\u0131n boyas\u0131na zarar vermiyor.<\/div>\n<div><\/div>\n<div>Ayna Gibi Parlakl\u0131k<\/div>\n<div><\/div>\n<div>Bu \u00fcr\u00fcn\u00fcn en etkileyici \u00f6zelliklerinden biri de tek ad\u0131ml\u0131 detayland\u0131rma bile\u015fimi sayesinde sa\u011flad\u0131\u011f\u0131 ayna benzeri parlakl\u0131k. Arac\u0131n\u0131z\u0131n boyas\u0131, ilk g\u00fcnk\u00fc gibi canl\u0131 ve g\u00f6z al\u0131c\u0131 bir g\u00f6r\u00fcn\u00fcme kavu\u015fuyor. \u00d6zellikle koyu renkli ara\u00e7larda bu parlakl\u0131k \u00e7ok daha belirgin hale geliyor.<\/div>\n<div><\/div>\n<div>Uygulama \u0130pu\u00e7lar\u0131: Do\u011fru Ekipmanla Maksimum Verim<\/div>\n<div><\/div>\n<div>Bu pastay\u0131 kullan\u0131rken do\u011fru ekipman se\u00e7imi, en iyi sonu\u00e7lar\u0131 elde etmenize yard\u0131mc\u0131 olur. \u0130\u015fte birka\u00e7 \u00f6neri:<\/div>\n<div><\/div>\n<div>&#8211; **Sar\u0131 Ke\u00e7e ve Bordo S\u00fcnger**: \u00c7izik giderici pasta olarak kullan\u0131ld\u0131\u011f\u0131nda en iyi performans\u0131 sa\u011flar.<\/p>\n<\/div>\n<div>&#8211; **Turuncu S\u00fcnger**: Parlakl\u0131k veren ince pasta g\u00f6revi g\u00f6rerek arac\u0131n\u0131z\u0131n y\u00fczeyine ekstra bir canl\u0131l\u0131k katar.<\/p>\n<\/div>\n<div><\/div>\n<div>Bu \u00fcr\u00fcn, hem profesyonel oto bak\u0131m ustalar\u0131 hem de kendi arac\u0131n\u0131 detayland\u0131rmak isteyen kullan\u0131c\u0131lar i\u00e7in tam anlam\u0131yla bir joker niteli\u011findedir.<\/div>\n<div><\/div>\n<div>Neden Bu \u00dcr\u00fcn\u00fc Tercih Etmelisiniz?<\/div>\n<div><\/div>\n<div>&#8211; **Zahmetsiz Uygulama**: Tek ad\u0131mda i\u015flem yaparak zaman kazand\u0131r\u0131r.<\/div>\n<div>&#8211; **Geli\u015fmi\u015f Form\u00fcl**: Vernik ve boya sertli\u011finden ba\u011f\u0131ms\u0131z olarak \u00e7al\u0131\u015f\u0131r.<\/div>\n<div>&#8211; **\u00c7ok Y\u00f6nl\u00fcl\u00fck**: Hem \u00e7izik giderici hem de parlakl\u0131k art\u0131r\u0131c\u0131 olarak kullan\u0131labilir.<\/div>\n<div>&#8211; **H\u0131zl\u0131 Sonu\u00e7lar**: \u00e7izikleri giderirken ayn\u0131 zamanda ayna gibi parlak bir y\u00fczey sa\u011flar.<\/div>\n<div><\/div>\n<div>Sonu\u00e7<\/div>\n<div><\/div>\n<div>Arac\u0131n\u0131z\u0131n boyas\u0131 i\u00e7in tek bir \u00fcr\u00fcnle hem \u00e7izikleri gidermek hem de ola\u011fan\u00fcst\u00fc bir parlakl\u0131k elde etmek istiyorsan\u0131z, bu pasta tam size g\u00f6re! Geli\u015fmi\u015f form\u00fcl\u00fc ve kolay uygulanabilirli\u011fi sayesinde arac\u0131n\u0131za profesyonel bir dokunu\u015f katabilirsiniz. \u0130ster koyu renkli ister a\u00e7\u0131k renkli bir arac\u0131n\u0131z olsun, bu \u00fcr\u00fcnle her zaman m\u00fckemmel sonu\u00e7lar elde edebilirsiniz.<\/div>\n<div><\/div>\n<div>Arac\u0131n\u0131z\u0131n hak etti\u011fi bak\u0131m\u0131 sa\u011flamak i\u00e7in \u015fimdi harekete ge\u00e7in! Unutmay\u0131n, arac\u0131n\u0131z sizin yans\u0131man\u0131zd\u0131r. Onu en iyi \u015fekilde g\u00f6stermek sizin elinizde.<\/div>\n","protected":false},"excerpt":{"rendered":"<p>Arac\u0131n\u0131z\u0131n Boyas\u0131nda M\u00fckemmelli\u011fe Ula\u015fman\u0131n S\u0131rr\u0131: Tek Ad\u0131mda Y\u00fcksek Performansl\u0131 Pasta Arac\u0131n\u0131z\u0131n boyas\u0131 zamanla \u00e7izilebilir, y\u0131pranabilir ve eski parlakl\u0131\u011f\u0131n\u0131 kaybedebilir. Bu<\/p>\n","protected":false},"featured_media":15987,"comment_status":"open","ping_status":"closed","template":"","meta":[],"product_brand":[193],"product_cat":[194,280],"product_tag":[223,198,267,196,197,210,287,285,284,286],"class_list":{"0":"post-15986","1":"product","2":"type-product","3":"status-publish","4":"has-post-thumbnail","6":"product_brand-slopes","7":"product_cat-pasta-ve-hare-gidericiler","8":"product_cat-tek-adim-pastalar","9":"product_tag-cizik-giderici-pasta","10":"product_tag-hare-giderici","11":"product_tag-ince-pasta","12":"product_tag-pasta","13":"product_tag-pasta-cila","14":"product_tag-slopes","15":"product_tag-slopes-tek-adim-pasta","16":"product_tag-slopes-x20","17":"product_tag-tek-adim-pasta","18":"product_tag-x20","20":"first","21":"instock","22":"shipping-taxable","23":"purchasable","24":"product-type-simple"},"jetpack_sharing_enabled":true,"_links":{"self":[{"href":"https:\/\/junewax.com\/index.php?rest_route=\/wp\/v2\/product\/15986","targetHints":{"allow":["GET"]}}],"collection":[{"href":"https:\/\/junewax.com\/index.php?rest_route=\/wp\/v2\/product"}],"about":[{"href":"https:\/\/junewax.com\/index.php?rest_route=\/wp\/v2\/types\/product"}],"replies":[{"embeddable":true,"href":"https:\/\/junewax.com\/index.php?rest_route=%2Fwp%2Fv2%2Fcomments&post=15986"}],"version-history":[{"count":1,"href":"https:\/\/junewax.com\/index.php?rest_route=\/wp\/v2\/product\/15986\/revisions"}],"predecessor-version":[{"id":15988,"href":"https:\/\/junewax.com\/index.php?rest_route=\/wp\/v2\/product\/15986\/revisions\/15988"}],"wp:featuredmedia":[{"embeddable":true,"href":"https:\/\/junewax.com\/index.php?rest_route=\/wp\/v2\/media\/15987"}],"wp:attachment":[{"href":"https:\/\/junewax.com\/index.php?rest_route=%2Fwp%2Fv2%2Fmedia&parent=15986"}],"wp:term":[{"taxonomy":"product_brand","embeddable":true,"href":"https:\/\/junewax.com\/index.php?rest_route=%2Fwp%2Fv2%2Fproduct_brand&post=15986"},{"taxonomy":"product_cat","embeddable":true,"href":"https:\/\/junewax.com\/index.php?rest_route=%2Fwp%2Fv2%2Fproduct_cat&post=15986"},{"taxonomy":"product_tag","embeddable":true,"href":"https:\/\/junewax.com\/index.php?rest_route=%2Fwp%2Fv2%2Fproduct_tag&post=15986"}],"curies":[{"name":"wp","href":"https:\/\/api.w.org\/{rel}","templated":true}]}}