{"id":15989,"date":"2025-06-11T13:36:15","date_gmt":"2025-06-11T13:36:15","guid":{"rendered":"https:\/\/junewax.com\/?post_type=product&#038;p=15989"},"modified":"2026-04-15T20:05:03","modified_gmt":"2026-04-15T20:05:03","slug":"auto-finesse-tripple-elle-uygulanan-cizik-giderici-cila-500ml","status":"publish","type":"product","link":"https:\/\/junewax.com\/?product=auto-finesse-tripple-elle-uygulanan-cizik-giderici-cila-500ml","title":{"rendered":"Auto Finesse Tripple Elle Uygulanan \u00c7izik Giderici Cila 500ml"},"content":{"rendered":"<div>Auto Finesse Tripple size bildi\u011finiz t\u00fcm likit cilalar\u0131 unutturacak nitelikte iddial\u0131 ! \u0130\u00e7erdi\u011fi hafif a\u015f\u0131nd\u0131r\u0131c\u0131lar, Glaze ve Carnauba Wax ile elle uygulaman\u0131zda dahil hi\u00e7 ummad\u0131\u011f\u0131n\u0131z sonu\u00e7lar yakalamaya haz\u0131r olun. Tripple y\u00fczeyde olu\u015fmu\u015f y\u0131kama \u00e7iziklerini, hologramlar\u0131 ve hatta pek \u00e7ok lekeyi hafif a\u015f\u0131nd\u0131r\u0131c\u0131s\u0131yla maskelemek yerine yok ediyor, glaze ile parlakl\u0131k kat\u0131p , carnauba ile koruma sa\u011fl\u0131yor. \u00dcstelik t\u00fcm bunlar\u0131 \u00e7ok k\u0131sa s\u00fcre i\u00e7erisinde ger\u00e7ekle\u015ftiriyor! \u00dcr\u00fcn kaliteli birle\u015fenleri sayesinde\u00a0parlakl\u0131\u011f\u0131n\u0131 ve su iticili\u011fini bir yada iki y\u0131kamadan \u00e7ok daha fazla koruyabiliyor.<\/div>\n<div><\/div>\n<div>Kullan\u0131m\u0131 :<\/div>\n<div>&#8211; Hem el hem de polisaj makinalar\u0131yla uygulanabilen Tripple&#8217;\u0131 DUAL FOAM APPLICATOR ile do\u011frusal hareketlerle, polisaj makinas\u0131nda finisaj pediyle d\u00fc\u015f\u00fck devirde y\u00fczeye s\u00fcrerek kurumas\u0131n\u0131 bekleyin.<\/div>\n<div>&#8211; \u00dcr\u00fcn y\u00fczeyde matla\u015f\u0131p donduktan sonra temiz ve kuru mikrofiber bezle silin<\/div>\n","protected":false},"excerpt":{"rendered":"<p>Auto Finesse Tripple size bildi\u011finiz t\u00fcm likit cilalar\u0131 unutturacak nitelikte iddial\u0131 ! \u0130\u00e7erdi\u011fi hafif a\u015f\u0131nd\u0131r\u0131c\u0131lar, Glaze ve Carnauba Wax ile<\/p>\n","protected":false},"featured_media":15990,"comment_status":"open","ping_status":"closed","template":"","meta":[],"product_brand":[292],"product_cat":[194,280],"product_tag":[293,294,296,297,267,196,197,295],"class_list":{"0":"post-15989","1":"product","2":"type-product","3":"status-publish","4":"has-post-thumbnail","6":"product_brand-auto-finesse","7":"product_cat-pasta-ve-hare-gidericiler","8":"product_cat-tek-adim-pastalar","9":"product_tag-auto-finesse","10":"product_tag-auto-finesse-tripple","11":"product_tag-cizik-giderici-cila","12":"product_tag-cizik-giderme","13":"product_tag-ince-pasta","14":"product_tag-pasta","15":"product_tag-pasta-cila","16":"product_tag-tripple","18":"first","19":"outofstock","20":"shipping-taxable","21":"purchasable","22":"product-type-simple"},"jetpack_sharing_enabled":true,"_links":{"self":[{"href":"https:\/\/junewax.com\/index.php?rest_route=\/wp\/v2\/product\/15989","targetHints":{"allow":["GET"]}}],"collection":[{"href":"https:\/\/junewax.com\/index.php?rest_route=\/wp\/v2\/product"}],"about":[{"href":"https:\/\/junewax.com\/index.php?rest_route=\/wp\/v2\/types\/product"}],"replies":[{"embeddable":true,"href":"https:\/\/junewax.com\/index.php?rest_route=%2Fwp%2Fv2%2Fcomments&post=15989"}],"version-history":[{"count":1,"href":"https:\/\/junewax.com\/index.php?rest_route=\/wp\/v2\/product\/15989\/revisions"}],"predecessor-version":[{"id":15991,"href":"https:\/\/junewax.com\/index.php?rest_route=\/wp\/v2\/product\/15989\/revisions\/15991"}],"wp:featuredmedia":[{"embeddable":true,"href":"https:\/\/junewax.com\/index.php?rest_route=\/wp\/v2\/media\/15990"}],"wp:attachment":[{"href":"https:\/\/junewax.com\/index.php?rest_route=%2Fwp%2Fv2%2Fmedia&parent=15989"}],"wp:term":[{"taxonomy":"product_brand","embeddable":true,"href":"https:\/\/junewax.com\/index.php?rest_route=%2Fwp%2Fv2%2Fproduct_brand&post=15989"},{"taxonomy":"product_cat","embeddable":true,"href":"https:\/\/junewax.com\/index.php?rest_route=%2Fwp%2Fv2%2Fproduct_cat&post=15989"},{"taxonomy":"product_tag","embeddable":true,"href":"https:\/\/junewax.com\/index.php?rest_route=%2Fwp%2Fv2%2Fproduct_tag&post=15989"}],"curies":[{"name":"wp","href":"https:\/\/api.w.org\/{rel}","templated":true}]}}