{"id":16000,"date":"2025-06-17T21:22:40","date_gmt":"2025-06-17T21:22:40","guid":{"rendered":"https:\/\/junewax.com\/?post_type=product&#038;p=16000"},"modified":"2025-06-17T21:22:44","modified_gmt":"2025-06-17T21:22:44","slug":"carpro-essence-plus-seramik-icerikli-boya-korucu-cila-1lt","status":"publish","type":"product","link":"https:\/\/junewax.com\/?product=carpro-essence-plus-seramik-icerikli-boya-korucu-cila-1lt","title":{"rendered":"Carpro Essence Plus Seramik \u0130\u00e7erikli Boya Korucu Cila 1lt."},"content":{"rendered":"<p>Essence Plus, seramik kaplamalar\u0131n onar\u0131m\u0131 ve performans\u0131n\u0131 art\u0131rmak i\u00e7in \u00f6zel olarak geli\u015ftirilmi\u015f, y\u00fcksek parlakl\u0131kta kuvars re\u00e7ineleri ve hidrofobik nanopartik\u00fcllerden olu\u015fan bir SiO2 nano kaplamad\u0131r.<\/p>\n<p>Bu yenilik\u00e7i \u00fcr\u00fcn, zamanla y\u0131pranm\u0131\u015f veya k\u00f6t\u00fc muamele g\u00f6rm\u00fc\u015f dayan\u0131kl\u0131 seramik kaplamalar\u0131 onararak parlakl\u0131\u011f\u0131n\u0131 geri kazand\u0131r\u0131r, performans\u0131n\u0131 iyile\u015ftirir ve \u00f6mr\u00fcn\u00fc uzat\u0131r. Y\u00fcksek parlakl\u0131k sa\u011flayan m\u00fccevher kaplama \u00f6zelli\u011fiyle dikkat \u00e7eken Essence Plus, seramik kaplama hatalar\u0131n\u0131 d\u00fczeltirken y\u00fczeyde ek bir SiO2 kuvars koruma katman\u0131 olu\u015fturarak \u00fcst\u00fcn bir koruma sa\u011flar.<\/p>\n","protected":false},"excerpt":{"rendered":"<p>Essence Plus, seramik kaplamalar\u0131n onar\u0131m\u0131 ve performans\u0131n\u0131 art\u0131rmak i\u00e7in \u00f6zel olarak geli\u015ftirilmi\u015f, y\u00fcksek parlakl\u0131kta kuvars re\u00e7ineleri ve hidrofobik nanopartik\u00fcllerden olu\u015fan<\/p>\n","protected":false},"featured_media":16001,"comment_status":"open","ping_status":"closed","template":"","meta":[],"product_brand":[233],"product_cat":[299,298],"product_tag":[304,270,312,303,234,311,310,253,196,197],"class_list":{"0":"post-16000","1":"product","2":"type-product","3":"status-publish","4":"has-post-thumbnail","6":"product_brand-carpro","7":"product_cat-cila","8":"product_cat-seramik-ve-korumalar","9":"product_tag-araba-cilasi","10":"product_tag-araba-cizik-giderme","11":"product_tag-araba-parlatici-cila","12":"product_tag-araba-parlatma","13":"product_tag-carpro","14":"product_tag-carpro-essence-plus","15":"product_tag-essence-plus","16":"product_tag-hare-giderme","17":"product_tag-pasta","18":"product_tag-pasta-cila","20":"first","21":"instock","22":"shipping-taxable","23":"purchasable","24":"product-type-simple"},"jetpack_sharing_enabled":true,"_links":{"self":[{"href":"https:\/\/junewax.com\/index.php?rest_route=\/wp\/v2\/product\/16000","targetHints":{"allow":["GET"]}}],"collection":[{"href":"https:\/\/junewax.com\/index.php?rest_route=\/wp\/v2\/product"}],"about":[{"href":"https:\/\/junewax.com\/index.php?rest_route=\/wp\/v2\/types\/product"}],"replies":[{"embeddable":true,"href":"https:\/\/junewax.com\/index.php?rest_route=%2Fwp%2Fv2%2Fcomments&post=16000"}],"version-history":[{"count":1,"href":"https:\/\/junewax.com\/index.php?rest_route=\/wp\/v2\/product\/16000\/revisions"}],"predecessor-version":[{"id":16002,"href":"https:\/\/junewax.com\/index.php?rest_route=\/wp\/v2\/product\/16000\/revisions\/16002"}],"wp:featuredmedia":[{"embeddable":true,"href":"https:\/\/junewax.com\/index.php?rest_route=\/wp\/v2\/media\/16001"}],"wp:attachment":[{"href":"https:\/\/junewax.com\/index.php?rest_route=%2Fwp%2Fv2%2Fmedia&parent=16000"}],"wp:term":[{"taxonomy":"product_brand","embeddable":true,"href":"https:\/\/junewax.com\/index.php?rest_route=%2Fwp%2Fv2%2Fproduct_brand&post=16000"},{"taxonomy":"product_cat","embeddable":true,"href":"https:\/\/junewax.com\/index.php?rest_route=%2Fwp%2Fv2%2Fproduct_cat&post=16000"},{"taxonomy":"product_tag","embeddable":true,"href":"https:\/\/junewax.com\/index.php?rest_route=%2Fwp%2Fv2%2Fproduct_tag&post=16000"}],"curies":[{"name":"wp","href":"https:\/\/api.w.org\/{rel}","templated":true}]}}