{"id":16003,"date":"2025-06-17T21:27:56","date_gmt":"2025-06-17T21:27:56","guid":{"rendered":"https:\/\/junewax.com\/?post_type=product&#038;p=16003"},"modified":"2025-06-17T21:29:29","modified_gmt":"2025-06-17T21:29:29","slug":"auto-brite-carnauba-banana-muz-kokulu-boya-koruyucu-cila-500ml","status":"publish","type":"product","link":"https:\/\/junewax.com\/?product=auto-brite-carnauba-banana-muz-kokulu-boya-koruyucu-cila-500ml","title":{"rendered":"Auto Brite Carnauba Banana Muz Kokulu Boya Koruyucu Cila 500ml."},"content":{"rendered":"<p>Araban\u0131za o s\u0131cak, yumu\u015fak par\u0131lt\u0131y\u0131 vermek i\u00e7in krem, Muz kokulu bir cila! Araban\u0131z\u0131 cilalarken, benzersiz bir tropikal his i\u00e7in Banana Carbanuba&#8217;ya Tan\u0131\u015f\u0131n. Kullan\u0131m kolayl\u0131\u011f\u0131 ve kaliteli bir biti\u015f i\u00e7in Banana Carnuabay\u0131 Tercih Edin,\u00a0 Banana Carbanuba, muz kokulu bir krem Boya koruma Cilas\u0131d\u0131r. Sadece en iyi malzemelerle, hayal edebilece\u011finizden daha fazla karnauba \u00f6z\u00fc, l\u00fcks montan \u00f6z\u00fc ve mikrokristal wax ile y\u00fckl\u00fc, boyalar\u0131n\u0131za s\u0131cak, yumu\u015fak bir parlakl\u0131k garanti Eder. Hidrofobik \u00f6zellikleri, suyun muz kabu\u011funda kaymas\u0131 gibi kaymas\u0131n\u0131 sa\u011flar ve y\u00fcksek d\u00fczeyde koruma sa\u011flar. Bir kez uyguland\u0131ktan sonra, kuruyana kadar b\u0131rak\u0131n, ard\u0131ndan Temiz Yumu\u015fak Mikrofiber Bez kullanarak muhte\u015fem bir biti\u015fe Ula\u015fana kadar parlat\u0131n! Daha derin bir parlakl\u0131k veya ekstra koruma \u00e7ekici geliyor mu? O zaman muzlara git! \u0130lk kat\u0131 tamamen kurumaya b\u0131rak\u0131n, ard\u0131ndan ayn\u0131 \u015fekilde ikinci kat\u0131 uygulay\u0131n.<\/p>\n","protected":false},"excerpt":{"rendered":"<p>Araban\u0131za o s\u0131cak, yumu\u015fak par\u0131lt\u0131y\u0131 vermek i\u00e7in krem, Muz kokulu bir cila! Araban\u0131z\u0131 cilalarken, benzersiz bir tropikal his i\u00e7in Banana<\/p>\n","protected":false},"featured_media":16004,"comment_status":"open","ping_status":"closed","template":"","meta":[],"product_brand":[313],"product_cat":[299,298],"product_tag":[],"class_list":{"0":"post-16003","1":"product","2":"type-product","3":"status-publish","4":"has-post-thumbnail","6":"product_brand-auto-brite","7":"product_cat-cila","8":"product_cat-seramik-ve-korumalar","10":"first","11":"instock","12":"shipping-taxable","13":"purchasable","14":"product-type-simple"},"jetpack_sharing_enabled":true,"_links":{"self":[{"href":"https:\/\/junewax.com\/index.php?rest_route=\/wp\/v2\/product\/16003","targetHints":{"allow":["GET"]}}],"collection":[{"href":"https:\/\/junewax.com\/index.php?rest_route=\/wp\/v2\/product"}],"about":[{"href":"https:\/\/junewax.com\/index.php?rest_route=\/wp\/v2\/types\/product"}],"replies":[{"embeddable":true,"href":"https:\/\/junewax.com\/index.php?rest_route=%2Fwp%2Fv2%2Fcomments&post=16003"}],"version-history":[{"count":1,"href":"https:\/\/junewax.com\/index.php?rest_route=\/wp\/v2\/product\/16003\/revisions"}],"predecessor-version":[{"id":16006,"href":"https:\/\/junewax.com\/index.php?rest_route=\/wp\/v2\/product\/16003\/revisions\/16006"}],"wp:featuredmedia":[{"embeddable":true,"href":"https:\/\/junewax.com\/index.php?rest_route=\/wp\/v2\/media\/16004"}],"wp:attachment":[{"href":"https:\/\/junewax.com\/index.php?rest_route=%2Fwp%2Fv2%2Fmedia&parent=16003"}],"wp:term":[{"taxonomy":"product_brand","embeddable":true,"href":"https:\/\/junewax.com\/index.php?rest_route=%2Fwp%2Fv2%2Fproduct_brand&post=16003"},{"taxonomy":"product_cat","embeddable":true,"href":"https:\/\/junewax.com\/index.php?rest_route=%2Fwp%2Fv2%2Fproduct_cat&post=16003"},{"taxonomy":"product_tag","embeddable":true,"href":"https:\/\/junewax.com\/index.php?rest_route=%2Fwp%2Fv2%2Fproduct_tag&post=16003"}],"curies":[{"name":"wp","href":"https:\/\/api.w.org\/{rel}","templated":true}]}}