{"id":16018,"date":"2025-06-17T21:39:31","date_gmt":"2025-06-17T21:39:31","guid":{"rendered":"https:\/\/junewax.com\/?post_type=product&#038;p=16018"},"modified":"2025-10-22T08:37:32","modified_gmt":"2025-10-22T08:37:32","slug":"soft99-authentic-premium-carnauba-wax-200-gr","status":"publish","type":"product","link":"https:\/\/junewax.com\/?product=soft99-authentic-premium-carnauba-wax-200-gr","title":{"rendered":"Soft99 Authentic Premium Carnauba Wax 200 gr"},"content":{"rendered":"<div>Authentic Premium, zorlu kalite testlerinden ge\u00e7en maddelerden yap\u0131lm\u0131\u015ft\u0131r.<\/div>\n<div>\u00dcretimden sonraki her bir haz\u0131rl\u0131\u011f\u0131 tek tek kontrol ediyoruz, ondan sonra sadece testten ge\u00e7en \u00fcr\u00fcnlerin sat\u0131\u015f\u0131n\u0131 yap\u0131yoruz. Bu nedenle bu \u00fcr\u00fcn tamamen \u015faheser olarak<\/div>\n<div>g\u00f6r\u00fclebilir. Form\u00fcle edilen saf carnauba, ara\u00e7 g\u00f6vdesi \u00fczerinde inan\u0131lmaz derecede \u015feffaf bir parlakl\u0131k yaratmaktad\u0131r. Y\u00fczey \u00fcst\u00fcnde su gibi p\u00fcr\u00fczs\u00fcz bir \u015fekilde yay\u0131l\u0131r ve inan\u0131lmaz bir sonu\u00e7 al\u0131rken,kolay bir \u015fekilde uygulayabilirsiniz. Kutunun alt\u0131ndaki yumu\u015fak lastik y\u00fcz\u00fck de, \u00fcr\u00fcn\u00fc kullan\u0131rken ara\u00e7 \u00fcst\u00fcne koydu\u011funuz zaman zarar g\u00f6rmesini \u00f6nler. \u00dcr\u00fcnle birlikte verilen s\u00fcngeri de, ara\u00e7 kozmetik \u00fcr\u00fcn\u00fc gibidir ve bu sayede inan\u0131lmaz iyi ve yumu\u015fakt\u0131r. Ayr\u0131ca bu \u00fcr\u00fcn yan\u0131nda verilen f\u0131r\u00e7a ile de amblem ve \u015feritlerin \u00fcst\u00fcne uygulanan wax\u2019\u0131 silebilirsiniz. B\u00fct\u00fcn ara\u00e7lar i\u00e7in kullanabilirsiniz. A\u015f\u0131nd\u0131r\u0131c\u0131 madde i\u00e7ermez. Premium kalitesinin tad\u0131n\u0131 \u00e7\u0131kartabilirsiniz.<\/div>\n<div><\/div>\n<div>Kullan\u0131m \u015eekli:<\/div>\n<div>Ara\u00e7 \u015fampuan\u0131n\u0131 kullanarak ara\u00e7taki kiri temizleyin.<\/div>\n<div>S\u00fcngere yeterli miktarda wax\u2019\u0131 s\u00fcr\u00fcn ve e\u015fit bir \u015fekilde y\u00fczeye yay\u0131n.<\/div>\n<div>Islak ya da kuru y\u00fczeyler \u00fcst\u00fcnde kullan\u0131labilir.<\/div>\n<div>5-10 Dakika kurumas\u0131n\u0131 bekleyin ve uygun bezle silin.<\/div>\n","protected":false},"excerpt":{"rendered":"<p>Authentic Premium, zorlu kalite testlerinden ge\u00e7en maddelerden yap\u0131lm\u0131\u015ft\u0131r. \u00dcretimden sonraki her bir haz\u0131rl\u0131\u011f\u0131 tek tek kontrol ediyoruz, ondan sonra sadece<\/p>\n","protected":false},"featured_media":16019,"comment_status":"open","ping_status":"closed","template":"","meta":[],"product_brand":[319],"product_cat":[318,298],"product_tag":[304,335,336,301,322,328,196,197,320,333,321,334],"class_list":{"0":"post-16018","1":"product","2":"type-product","3":"status-publish","4":"has-post-thumbnail","6":"product_brand-soft99","7":"product_cat-kati-wax","8":"product_cat-seramik-ve-korumalar","9":"product_tag-araba-cilasi","10":"product_tag-araba-sari-wax","11":"product_tag-araba-waxi","12":"product_tag-cila","13":"product_tag-kati-wax","14":"product_tag-krem-cila","15":"product_tag-pasta","16":"product_tag-pasta-cila","17":"product_tag-soft99","18":"product_tag-soft99-authentic","19":"product_tag-soft99-kati-wax","20":"product_tag-soft99-sari-wax","22":"first","23":"instock","24":"shipping-taxable","25":"purchasable","26":"product-type-simple"},"jetpack_sharing_enabled":true,"_links":{"self":[{"href":"https:\/\/junewax.com\/index.php?rest_route=\/wp\/v2\/product\/16018","targetHints":{"allow":["GET"]}}],"collection":[{"href":"https:\/\/junewax.com\/index.php?rest_route=\/wp\/v2\/product"}],"about":[{"href":"https:\/\/junewax.com\/index.php?rest_route=\/wp\/v2\/types\/product"}],"replies":[{"embeddable":true,"href":"https:\/\/junewax.com\/index.php?rest_route=%2Fwp%2Fv2%2Fcomments&post=16018"}],"version-history":[{"count":1,"href":"https:\/\/junewax.com\/index.php?rest_route=\/wp\/v2\/product\/16018\/revisions"}],"predecessor-version":[{"id":16020,"href":"https:\/\/junewax.com\/index.php?rest_route=\/wp\/v2\/product\/16018\/revisions\/16020"}],"wp:featuredmedia":[{"embeddable":true,"href":"https:\/\/junewax.com\/index.php?rest_route=\/wp\/v2\/media\/16019"}],"wp:attachment":[{"href":"https:\/\/junewax.com\/index.php?rest_route=%2Fwp%2Fv2%2Fmedia&parent=16018"}],"wp:term":[{"taxonomy":"product_brand","embeddable":true,"href":"https:\/\/junewax.com\/index.php?rest_route=%2Fwp%2Fv2%2Fproduct_brand&post=16018"},{"taxonomy":"product_cat","embeddable":true,"href":"https:\/\/junewax.com\/index.php?rest_route=%2Fwp%2Fv2%2Fproduct_cat&post=16018"},{"taxonomy":"product_tag","embeddable":true,"href":"https:\/\/junewax.com\/index.php?rest_route=%2Fwp%2Fv2%2Fproduct_tag&post=16018"}],"curies":[{"name":"wp","href":"https:\/\/api.w.org\/{rel}","templated":true}]}}