{"id":16032,"date":"2025-06-17T21:49:12","date_gmt":"2025-06-17T21:49:12","guid":{"rendered":"https:\/\/junewax.com\/?post_type=product&#038;p=16032"},"modified":"2025-06-17T21:49:19","modified_gmt":"2025-06-17T21:49:19","slug":"slopes-dark-premium-glass-coating-cift-kat-seramik-kaplama","status":"publish","type":"product","link":"https:\/\/junewax.com\/?product=slopes-dark-premium-glass-coating-cift-kat-seramik-kaplama","title":{"rendered":"Slopes Dark Premium Glass Coating \u00c7ift Kat Seramik Kaplama"},"content":{"rendered":"<div>Slopes Dark Base Coat 1 ve Dark Top Coat 2 \u0130ki kat cam\u00a0 kaplamas\u0131, m\u00fckemmel ve geni\u015fletilmi\u015f dayan\u0131kl\u0131l\u0131k ile ara\u00e7 Boyas\u0131n\u0131 Ve Verni\u011fini\u00a0 korur, son kat parlakl\u0131\u011f\u0131n\u0131, su iticili\u011fini ve kirlenme \u00f6nleme \u00f6zelliklerini iyile\u015ftirme \u00fcst\u00fcn performanslar\u0131yla \u00f6ne \u00e7\u0131kan \u00fcst d\u00fczey Seramik\u00a0 kaplamad\u0131r.<\/div>\n<div><\/div>\n<div>Kutu \u0130\u00e7eri\u011fi<\/div>\n<div>&#8211; Base Coat 1 30ml. (birinci kat)<\/div>\n<div>&#8211;\u00a0 Top Coat 2 30ml. (ikinci kat)<\/div>\n<div>&#8211;\u00a0 Conditioner 50ml. (Bak\u0131m S\u00fct\u00fc)<\/div>\n<div>&#8211;\u00a0 Uygulama Takozu x2<\/div>\n<div>&#8211;\u00a0 Seramik Uygulama Bezi x2<\/div>\n","protected":false},"excerpt":{"rendered":"<p>Slopes Dark Base Coat 1 ve Dark Top Coat 2 \u0130ki kat cam\u00a0 kaplamas\u0131, m\u00fckemmel ve geni\u015fletilmi\u015f dayan\u0131kl\u0131l\u0131k ile ara\u00e7<\/p>\n","protected":false},"featured_media":16033,"comment_status":"open","ping_status":"closed","template":"","meta":[],"product_brand":[193],"product_cat":[337,298],"product_tag":[347,349,341,340,210,348,343],"class_list":{"0":"post-16032","1":"product","2":"type-product","3":"status-publish","4":"has-post-thumbnail","6":"product_brand-slopes","7":"product_cat-seramik","8":"product_cat-seramik-ve-korumalar","9":"product_tag-arac-boya-koruma","10":"product_tag-arac-parlatici","11":"product_tag-seramik","12":"product_tag-seramik-kaplama","13":"product_tag-slopes","14":"product_tag-slopes-dark-premium-glass-coating","15":"product_tag-slopes-seramik-kaplama","17":"first","18":"instock","19":"shipping-taxable","20":"purchasable","21":"product-type-simple"},"jetpack_sharing_enabled":true,"_links":{"self":[{"href":"https:\/\/junewax.com\/index.php?rest_route=\/wp\/v2\/product\/16032","targetHints":{"allow":["GET"]}}],"collection":[{"href":"https:\/\/junewax.com\/index.php?rest_route=\/wp\/v2\/product"}],"about":[{"href":"https:\/\/junewax.com\/index.php?rest_route=\/wp\/v2\/types\/product"}],"replies":[{"embeddable":true,"href":"https:\/\/junewax.com\/index.php?rest_route=%2Fwp%2Fv2%2Fcomments&post=16032"}],"version-history":[{"count":1,"href":"https:\/\/junewax.com\/index.php?rest_route=\/wp\/v2\/product\/16032\/revisions"}],"predecessor-version":[{"id":16035,"href":"https:\/\/junewax.com\/index.php?rest_route=\/wp\/v2\/product\/16032\/revisions\/16035"}],"wp:featuredmedia":[{"embeddable":true,"href":"https:\/\/junewax.com\/index.php?rest_route=\/wp\/v2\/media\/16033"}],"wp:attachment":[{"href":"https:\/\/junewax.com\/index.php?rest_route=%2Fwp%2Fv2%2Fmedia&parent=16032"}],"wp:term":[{"taxonomy":"product_brand","embeddable":true,"href":"https:\/\/junewax.com\/index.php?rest_route=%2Fwp%2Fv2%2Fproduct_brand&post=16032"},{"taxonomy":"product_cat","embeddable":true,"href":"https:\/\/junewax.com\/index.php?rest_route=%2Fwp%2Fv2%2Fproduct_cat&post=16032"},{"taxonomy":"product_tag","embeddable":true,"href":"https:\/\/junewax.com\/index.php?rest_route=%2Fwp%2Fv2%2Fproduct_tag&post=16032"}],"curies":[{"name":"wp","href":"https:\/\/api.w.org\/{rel}","templated":true}]}}