{"id":16039,"date":"2025-06-17T21:54:15","date_gmt":"2025-06-17T21:54:15","guid":{"rendered":"https:\/\/junewax.com\/?post_type=product&#038;p=16039"},"modified":"2026-04-15T20:03:53","modified_gmt":"2026-04-15T20:03:53","slug":"igl-ecocoat-quartz-kit-seramik-kaplama-50ml","status":"publish","type":"product","link":"https:\/\/junewax.com\/?product=igl-ecocoat-quartz-kit-seramik-kaplama-50ml","title":{"rendered":"\u0130gl Ecocoat Quartz Kit Seramik Kaplama 50ml."},"content":{"rendered":"<div>ecocoat quartz, tescilli \u00d6nc\u00fc aktif malzememiz,\u00a0 nanoteknolojimiz ile kanserojen kimyasallardan ar\u0131nd\u0131r\u0131lm\u0131\u015f \u00f6nc\u00fc Do\u011fa Dostu y\u00fcksek kat\u0131 9H Sertli\u011finde seramik kaplamam\u0131zd\u0131r. Sonu\u00e7, boyan\u0131n yans\u0131t\u0131c\u0131l\u0131\u011f\u0131nda ve 2 y\u0131la kadar s\u00fcren sert kimyasallara, Y\u00fczeysel \u00c7iziklere ve Hava \u015eartlar\u0131na kar\u015f\u0131 direncinde bir art\u0131\u015f ve Koruma Sa\u011flar.<\/div>\n<div><\/div>\n<div>\u00a0Y\u00dcKSEK KATI B\u0130LE\u015e\u0130K\u00a0 % 80 aktif malzeme i\u00e7eri\u011fi ve % 20 \u00e7\u00f6z\u00fcc\u00fc ile kal\u0131n bir film yap\u0131s\u0131 ,\u00a0A\u015eIRI SERTL\u0130K\u00a0Y\u00fczeyde Olu\u015fturdu\u011fu \u00c7apraz Ba\u011flar Sayesinde Tam K\u00fcrle\u015fmede 9H Sertli\u011fe Ula\u015f\u0131r ,\u00a0\u00dcST\u00dcN H\u0130DROFOB\u0130K KAL\u0130TE\u00a0110\u00b0 &#8216;yi a\u015fan ve uzun s\u00fcre bu a\u00e7\u0131ya yak\u0131n kalan su \u0130tici a\u00e7\u0131s\u0131 ,\u00a0K\u0130R TUTMAMA\u00a0Kendi kendini temizleme etkisi sayesinde y\u00fczey daha uzun s\u00fcre temiz kal\u0131r ,\u00a0YUMU\u015eAK Y\u00dcZEY\u00a0Y\u00fczeysel \u00c7izikleri azaltmak i\u00e7in p\u00fcr\u00fczs\u00fcz bir kaplamal\u0131 y\u00fczey olu\u015fturur ,\u00a0SU LEKES\u0130\u00a0 D\u0130RENC\u0130\u00a0Kaplamal\u0131 ara\u00e7larda su lekelerinin direncini art\u0131rmak i\u00e7in geli\u015ftirilmi\u015f form\u00fclasyon<\/div>\n","protected":false},"excerpt":{"rendered":"<p>ecocoat quartz, tescilli \u00d6nc\u00fc aktif malzememiz,\u00a0 nanoteknolojimiz ile kanserojen kimyasallardan ar\u0131nd\u0131r\u0131lm\u0131\u015f \u00f6nc\u00fc Do\u011fa Dostu y\u00fcksek kat\u0131 9H Sertli\u011finde seramik kaplamam\u0131zd\u0131r.<\/p>\n","protected":false},"featured_media":16041,"comment_status":"open","ping_status":"closed","template":"","meta":[],"product_brand":[254],"product_cat":[337,298],"product_tag":[308,347,354,255,355,350,351,340],"class_list":{"0":"post-16039","1":"product","2":"type-product","3":"status-publish","4":"has-post-thumbnail","6":"product_brand-igl-coatings","7":"product_cat-seramik","8":"product_cat-seramik-ve-korumalar","9":"product_tag-araba-boya-koruma","10":"product_tag-arac-boya-koruma","11":"product_tag-arac-parlatma","12":"product_tag-igl","13":"product_tag-igl-quartz-kit","14":"product_tag-igl-seramik","15":"product_tag-igl-seramik-kaplama","16":"product_tag-seramik-kaplama","18":"first","19":"outofstock","20":"shipping-taxable","21":"purchasable","22":"product-type-simple"},"jetpack_sharing_enabled":true,"_links":{"self":[{"href":"https:\/\/junewax.com\/index.php?rest_route=\/wp\/v2\/product\/16039","targetHints":{"allow":["GET"]}}],"collection":[{"href":"https:\/\/junewax.com\/index.php?rest_route=\/wp\/v2\/product"}],"about":[{"href":"https:\/\/junewax.com\/index.php?rest_route=\/wp\/v2\/types\/product"}],"replies":[{"embeddable":true,"href":"https:\/\/junewax.com\/index.php?rest_route=%2Fwp%2Fv2%2Fcomments&post=16039"}],"version-history":[{"count":1,"href":"https:\/\/junewax.com\/index.php?rest_route=\/wp\/v2\/product\/16039\/revisions"}],"predecessor-version":[{"id":16042,"href":"https:\/\/junewax.com\/index.php?rest_route=\/wp\/v2\/product\/16039\/revisions\/16042"}],"wp:featuredmedia":[{"embeddable":true,"href":"https:\/\/junewax.com\/index.php?rest_route=\/wp\/v2\/media\/16041"}],"wp:attachment":[{"href":"https:\/\/junewax.com\/index.php?rest_route=%2Fwp%2Fv2%2Fmedia&parent=16039"}],"wp:term":[{"taxonomy":"product_brand","embeddable":true,"href":"https:\/\/junewax.com\/index.php?rest_route=%2Fwp%2Fv2%2Fproduct_brand&post=16039"},{"taxonomy":"product_cat","embeddable":true,"href":"https:\/\/junewax.com\/index.php?rest_route=%2Fwp%2Fv2%2Fproduct_cat&post=16039"},{"taxonomy":"product_tag","embeddable":true,"href":"https:\/\/junewax.com\/index.php?rest_route=%2Fwp%2Fv2%2Fproduct_tag&post=16039"}],"curies":[{"name":"wp","href":"https:\/\/api.w.org\/{rel}","templated":true}]}}