{"id":16046,"date":"2025-06-17T22:01:36","date_gmt":"2025-06-17T22:01:36","guid":{"rendered":"https:\/\/junewax.com\/?post_type=product&#038;p=16046"},"modified":"2026-04-15T20:03:13","modified_gmt":"2026-04-15T20:03:13","slug":"valet-pro-leather-soap-deri-temizleyici-500-ml","status":"publish","type":"product","link":"https:\/\/junewax.com\/?product=valet-pro-leather-soap-deri-temizleyici-500-ml","title":{"rendered":"Valet Pro Leather Soap &#8211; Deri Temizleyici 500 ml"},"content":{"rendered":"<div>\u00c7o\u011fumuz i\u00e7in ara\u00e7lar\u0131m\u0131z\u0131n i\u00e7 temizli\u011fi en az d\u0131\u015f g\u00f6r\u00fcn\u00fc\u015f\u00fc kadar \u00f6nemlidir. Valet Pro t\u00fcm kullan\u0131c\u0131lar\u0131na en iyi i\u00e7 temizlik \u00fcr\u00fcnlerini geli\u015ftirebilmek i\u00e7in u\u011fra\u015farak Leather Soap&#8217;u m\u00fc\u015fterilerinin be\u011fenisine sundu.<\/div>\n<div><\/div>\n<div>\u00dcr\u00fcn ara\u00e7 i\u00e7i deri y\u00fczeylerdeki kirleri ve ya\u011flar\u0131 h\u0131zl\u0131ca \u00e7\u0131kararak geriye do\u011fal ve parlak olmayan temiz g\u00f6r\u00fcn\u00fcm b\u0131rak\u0131yor.<\/div>\n<div><\/div>\n<div>&#8211; \u00dcr\u00fcn\u00fc katlanm\u0131\u015f, temiz ve kuru mikrofiber bezin \u00fczerine 4-5 damla d\u00f6kerek \u0131slak olmayan deri y\u00fczey \u00fczerinden ge\u00e7erek uygulay\u0131n.<\/div>\n<div>&#8211; Fazlal\u0131k kalan \u00fcr\u00fcn\u00fc bezin kuru taraf\u0131yla al\u0131n.<\/div>\n<div><\/div>\n","protected":false},"excerpt":{"rendered":"<p>\u00c7o\u011fumuz i\u00e7in ara\u00e7lar\u0131m\u0131z\u0131n i\u00e7 temizli\u011fi en az d\u0131\u015f g\u00f6r\u00fcn\u00fc\u015f\u00fc kadar \u00f6nemlidir. Valet Pro t\u00fcm kullan\u0131c\u0131lar\u0131na en iyi i\u00e7 temizlik \u00fcr\u00fcnlerini<\/p>\n","protected":false},"featured_media":16047,"comment_status":"open","ping_status":"closed","template":"","meta":[],"product_brand":[364],"product_cat":[357,356],"product_tag":[361,360,369,365,367,366,368],"class_list":{"0":"post-16046","1":"product","2":"type-product","3":"status-publish","4":"has-post-thumbnail","6":"product_brand-valet-pro","7":"product_cat-deri-temizleme-ve-koruma","8":"product_cat-ic-bakim-urunleri","9":"product_tag-deri-koruma","10":"product_tag-deri-temizleme","11":"product_tag-leather-soap","12":"product_tag-valet-pro","13":"product_tag-valet-pro-deri-koruma","14":"product_tag-valet-pro-deri-temizleme","15":"product_tag-valet-pro-leather-soap","17":"first","18":"outofstock","19":"shipping-taxable","20":"purchasable","21":"product-type-simple"},"jetpack_sharing_enabled":true,"_links":{"self":[{"href":"https:\/\/junewax.com\/index.php?rest_route=\/wp\/v2\/product\/16046","targetHints":{"allow":["GET"]}}],"collection":[{"href":"https:\/\/junewax.com\/index.php?rest_route=\/wp\/v2\/product"}],"about":[{"href":"https:\/\/junewax.com\/index.php?rest_route=\/wp\/v2\/types\/product"}],"replies":[{"embeddable":true,"href":"https:\/\/junewax.com\/index.php?rest_route=%2Fwp%2Fv2%2Fcomments&post=16046"}],"version-history":[{"count":1,"href":"https:\/\/junewax.com\/index.php?rest_route=\/wp\/v2\/product\/16046\/revisions"}],"predecessor-version":[{"id":16048,"href":"https:\/\/junewax.com\/index.php?rest_route=\/wp\/v2\/product\/16046\/revisions\/16048"}],"wp:featuredmedia":[{"embeddable":true,"href":"https:\/\/junewax.com\/index.php?rest_route=\/wp\/v2\/media\/16047"}],"wp:attachment":[{"href":"https:\/\/junewax.com\/index.php?rest_route=%2Fwp%2Fv2%2Fmedia&parent=16046"}],"wp:term":[{"taxonomy":"product_brand","embeddable":true,"href":"https:\/\/junewax.com\/index.php?rest_route=%2Fwp%2Fv2%2Fproduct_brand&post=16046"},{"taxonomy":"product_cat","embeddable":true,"href":"https:\/\/junewax.com\/index.php?rest_route=%2Fwp%2Fv2%2Fproduct_cat&post=16046"},{"taxonomy":"product_tag","embeddable":true,"href":"https:\/\/junewax.com\/index.php?rest_route=%2Fwp%2Fv2%2Fproduct_tag&post=16046"}],"curies":[{"name":"wp","href":"https:\/\/api.w.org\/{rel}","templated":true}]}}