{"id":16053,"date":"2025-06-17T22:05:01","date_gmt":"2025-06-17T22:05:01","guid":{"rendered":"https:\/\/junewax.com\/?post_type=product&#038;p=16053"},"modified":"2025-06-17T22:05:03","modified_gmt":"2025-06-17T22:05:03","slug":"polytop-leather-care-deri-koruma-500ml","status":"publish","type":"product","link":"https:\/\/junewax.com\/?product=polytop-leather-care-deri-koruma-500ml","title":{"rendered":"Polytop Leather Care Deri Koruma 500ml."},"content":{"rendered":"<div>Polytop Deri bak\u0131m \u00dcr\u00fcn\u00fc , otomobil derisinin derin bak\u0131m\u0131 i\u00e7in \u00f6zel olarak geli\u015ftirilmi\u015ftir. Y\u00fcksek kaliteli do\u011fal bile\u015fenler \u00c7atlamaya\u00a0 kar\u015f\u0131 korur. Deri daha esnek ve Natural olarak yenilenir. D\u00fczenli bak\u0131m ve kullan\u0131mda Derinin \u00f6mr\u00fcn\u00fc \u00f6nemli \u00f6l\u00e7\u00fcde art\u0131racakt\u0131r.<\/div>\n<div>\u00d6zellikler: suni deri Gibi malzemeler i\u00e7in de uygundur.<\/div>\n<div><\/div>\n<div>Onaylayan Firma : Mercedes-Benz Tavsiye Eder.(GOTIS)<\/div>\n","protected":false},"excerpt":{"rendered":"<p>Polytop Deri bak\u0131m \u00dcr\u00fcn\u00fc , otomobil derisinin derin bak\u0131m\u0131 i\u00e7in \u00f6zel olarak geli\u015ftirilmi\u015ftir. Y\u00fcksek kaliteli do\u011fal bile\u015fenler \u00c7atlamaya\u00a0 kar\u015f\u0131 korur.<\/p>\n","protected":false},"featured_media":16054,"comment_status":"open","ping_status":"closed","template":"","meta":[],"product_brand":[228],"product_cat":[357,356],"product_tag":[371,374,361,360,376,229,373,375],"class_list":{"0":"post-16053","1":"product","2":"type-product","3":"status-publish","4":"has-post-thumbnail","6":"product_brand-polytop","7":"product_cat-deri-temizleme-ve-koruma","8":"product_cat-ic-bakim-urunleri","9":"product_tag-arac-deri-koruma","10":"product_tag-arac-deri-temizleme","11":"product_tag-deri-koruma","12":"product_tag-deri-temizleme","13":"product_tag-ledepflege","14":"product_tag-polytop","15":"product_tag-polytop-deri-koruma","16":"product_tag-polytop-leather-care","18":"first","19":"instock","20":"shipping-taxable","21":"purchasable","22":"product-type-simple"},"jetpack_sharing_enabled":true,"_links":{"self":[{"href":"https:\/\/junewax.com\/index.php?rest_route=\/wp\/v2\/product\/16053","targetHints":{"allow":["GET"]}}],"collection":[{"href":"https:\/\/junewax.com\/index.php?rest_route=\/wp\/v2\/product"}],"about":[{"href":"https:\/\/junewax.com\/index.php?rest_route=\/wp\/v2\/types\/product"}],"replies":[{"embeddable":true,"href":"https:\/\/junewax.com\/index.php?rest_route=%2Fwp%2Fv2%2Fcomments&post=16053"}],"version-history":[{"count":1,"href":"https:\/\/junewax.com\/index.php?rest_route=\/wp\/v2\/product\/16053\/revisions"}],"predecessor-version":[{"id":16055,"href":"https:\/\/junewax.com\/index.php?rest_route=\/wp\/v2\/product\/16053\/revisions\/16055"}],"wp:featuredmedia":[{"embeddable":true,"href":"https:\/\/junewax.com\/index.php?rest_route=\/wp\/v2\/media\/16054"}],"wp:attachment":[{"href":"https:\/\/junewax.com\/index.php?rest_route=%2Fwp%2Fv2%2Fmedia&parent=16053"}],"wp:term":[{"taxonomy":"product_brand","embeddable":true,"href":"https:\/\/junewax.com\/index.php?rest_route=%2Fwp%2Fv2%2Fproduct_brand&post=16053"},{"taxonomy":"product_cat","embeddable":true,"href":"https:\/\/junewax.com\/index.php?rest_route=%2Fwp%2Fv2%2Fproduct_cat&post=16053"},{"taxonomy":"product_tag","embeddable":true,"href":"https:\/\/junewax.com\/index.php?rest_route=%2Fwp%2Fv2%2Fproduct_tag&post=16053"}],"curies":[{"name":"wp","href":"https:\/\/api.w.org\/{rel}","templated":true}]}}