{"id":16056,"date":"2025-06-17T22:06:28","date_gmt":"2025-06-17T22:06:28","guid":{"rendered":"https:\/\/junewax.com\/?post_type=product&#038;p=16056"},"modified":"2025-06-17T22:06:30","modified_gmt":"2025-06-17T22:06:30","slug":"auto-brite-revive-deri-bakim-kremi-250ml","status":"publish","type":"product","link":"https:\/\/junewax.com\/?product=auto-brite-revive-deri-bakim-kremi-250ml","title":{"rendered":"Auto Brite Revive Deri Bak\u0131m Kremi 250ml."},"content":{"rendered":"<p>Deri y\u00fczeylerin g\u00f6r\u00fcn\u00fcm\u00fcn\u00fc ve hissini geli\u015ftirmek i\u00e7in benzersiz bir cila ve ya\u011f kar\u0131\u015f\u0131m\u0131d\u0131r. Deriyi beslerken , kiri nazik\u00e7e kald\u0131rarak y\u00fczeyi hafif\u00e7e temizlemek i\u00e7in form\u00fcle edilmi\u015ftir. Hem yeni hem de eski deri i\u00e7in idealdir, Y\u00fczeyi nemlendirir kurumas\u0131n\u0131 ve \u00e7atlamas\u0131n\u0131 \u00f6nler. Her t\u00fcrl\u00fc deri y\u00fczey i\u00e7in ideal olan deri bak\u0131m kremi. Derinizin yeni gibi g\u00f6r\u00fcnmesini sa\u011flamak i\u00e7in yerle\u015fik leke direnci ve su ge\u00e7irmez maddeler ile Form\u00fcle Edilmi\u015ftir. 250 ml&#8217;lik \u015fi\u015fede gelir, kapa\u011f\u0131 kolay a\u00e7\u0131l\u0131r kapakl\u0131d\u0131r.<\/p>\n","protected":false},"excerpt":{"rendered":"<p>Deri y\u00fczeylerin g\u00f6r\u00fcn\u00fcm\u00fcn\u00fc ve hissini geli\u015ftirmek i\u00e7in benzersiz bir cila ve ya\u011f kar\u0131\u015f\u0131m\u0131d\u0131r. Deriyi beslerken , kiri nazik\u00e7e kald\u0131rarak y\u00fczeyi<\/p>\n","protected":false},"featured_media":16057,"comment_status":"open","ping_status":"closed","template":"","meta":[],"product_brand":[313],"product_cat":[357,356],"product_tag":[371,374,358,378,359,377,361,360],"class_list":{"0":"post-16056","1":"product","2":"type-product","3":"status-publish","4":"has-post-thumbnail","6":"product_brand-auto-brite","7":"product_cat-deri-temizleme-ve-koruma","8":"product_cat-ic-bakim-urunleri","9":"product_tag-arac-deri-koruma","10":"product_tag-arac-deri-temizleme","11":"product_tag-auto-brite","12":"product_tag-auto-brite-deri-koruma","13":"product_tag-auto-brite-deri-temizleme","14":"product_tag-auto-brite-revive","15":"product_tag-deri-koruma","16":"product_tag-deri-temizleme","18":"first","19":"instock","20":"shipping-taxable","21":"purchasable","22":"product-type-simple"},"jetpack_sharing_enabled":true,"_links":{"self":[{"href":"https:\/\/junewax.com\/index.php?rest_route=\/wp\/v2\/product\/16056","targetHints":{"allow":["GET"]}}],"collection":[{"href":"https:\/\/junewax.com\/index.php?rest_route=\/wp\/v2\/product"}],"about":[{"href":"https:\/\/junewax.com\/index.php?rest_route=\/wp\/v2\/types\/product"}],"replies":[{"embeddable":true,"href":"https:\/\/junewax.com\/index.php?rest_route=%2Fwp%2Fv2%2Fcomments&post=16056"}],"version-history":[{"count":1,"href":"https:\/\/junewax.com\/index.php?rest_route=\/wp\/v2\/product\/16056\/revisions"}],"predecessor-version":[{"id":16058,"href":"https:\/\/junewax.com\/index.php?rest_route=\/wp\/v2\/product\/16056\/revisions\/16058"}],"wp:featuredmedia":[{"embeddable":true,"href":"https:\/\/junewax.com\/index.php?rest_route=\/wp\/v2\/media\/16057"}],"wp:attachment":[{"href":"https:\/\/junewax.com\/index.php?rest_route=%2Fwp%2Fv2%2Fmedia&parent=16056"}],"wp:term":[{"taxonomy":"product_brand","embeddable":true,"href":"https:\/\/junewax.com\/index.php?rest_route=%2Fwp%2Fv2%2Fproduct_brand&post=16056"},{"taxonomy":"product_cat","embeddable":true,"href":"https:\/\/junewax.com\/index.php?rest_route=%2Fwp%2Fv2%2Fproduct_cat&post=16056"},{"taxonomy":"product_tag","embeddable":true,"href":"https:\/\/junewax.com\/index.php?rest_route=%2Fwp%2Fv2%2Fproduct_tag&post=16056"}],"curies":[{"name":"wp","href":"https:\/\/api.w.org\/{rel}","templated":true}]}}