{"id":16063,"date":"2025-06-17T22:11:05","date_gmt":"2025-06-17T22:11:05","guid":{"rendered":"https:\/\/junewax.com\/?post_type=product&#038;p=16063"},"modified":"2025-06-17T22:11:07","modified_gmt":"2025-06-17T22:11:07","slug":"valet-pro-hali-doseme-temizleme-classic-carpet-cleaner-1-lt","status":"publish","type":"product","link":"https:\/\/junewax.com\/?product=valet-pro-hali-doseme-temizleme-classic-carpet-cleaner-1-lt","title":{"rendered":"Valet Pro Hal\u0131 D\u00f6\u015feme Temizleme Classic Carpet Cleaner 1 lt."},"content":{"rendered":"<p>ValetPRO Classic Carpet Cleaner bu \u00fcr\u00fcn\u00fc harika bir d\u00f6\u015feme ve hal\u0131 y\u00fczeyi temizleyicisi elde etmek i\u00e7in \u00f6zenle geli\u015ftirdi! Bu \u00fcr\u00fcn \u00f6zellikle y\u00fczeye yap\u0131\u015fm\u0131\u015f kirlerin h\u0131zl\u0131ca ve zahmetsizce \u00e7\u00f6zme konusunda uzman.<\/p>\n<p>Classic Carpet Cleaner \u0131n ba\u015far\u0131s\u0131n\u0131n s\u0131rr\u0131 mevcut kirleri temizlemesinin yan\u0131 s\u0131ra y\u00fczeyi koruyarak kirlenmeyi engelleyici \u00f6zellik katmas\u0131d\u0131r. Pek \u00e7ok d\u00f6\u015feme temizleyici aksine Valet Pro Classic Carpet Cleaner size daha az zahmet harcatarak en iyi sonucu elde etmenize yard\u0131mc\u0131 olacak.<\/p>\n<p>Bu etkilerinin yan\u0131nda ho\u015f kokusu ve yepyeni g\u00f6r\u00fcn\u00fcm\u00fcyle arac\u0131n\u0131z\u0131n i\u00e7 aksam\u0131n\u0131 daha \u00e7ok seveceksiniz.<\/p>\n<p>&#8211; \u00dcr\u00fcn\u00fc kirlenmi\u015f y\u00fczeye p\u00fcsk\u00fcrt\u00fcn.<\/p>\n<p>&#8211; F\u0131r\u00e7a veya temiz mikrofiber bez yard\u0131m\u0131yla y\u00fczey \u00fczerinde yay\u0131n.<\/p>\n<p>&#8211; Kuru ve temiz mikrofiber bez yard\u0131m\u0131yla \u00fcr\u00fcn\u00fcn fazlas\u0131n\u0131 silin.<\/p>\n<p>&#8211; Kurumaya b\u0131rak\u0131n.<\/p>\n","protected":false},"excerpt":{"rendered":"<p>ValetPRO Classic Carpet Cleaner bu \u00fcr\u00fcn\u00fc harika bir d\u00f6\u015feme ve hal\u0131 y\u00fczeyi temizleyicisi elde etmek i\u00e7in \u00f6zenle geli\u015ftirdi! Bu \u00fcr\u00fcn<\/p>\n","protected":false},"featured_media":16064,"comment_status":"open","ping_status":"closed","template":"","meta":[],"product_brand":[364],"product_cat":[379,356],"product_tag":[383,385,384,381,365,380],"class_list":{"0":"post-16063","1":"product","2":"type-product","3":"status-publish","4":"has-post-thumbnail","6":"product_brand-valet-pro","7":"product_cat-detayli-temizlik-urunleri","8":"product_cat-ic-bakim-urunleri","9":"product_tag-arac-doseme-temizleyici","10":"product_tag-arac-ici-detayli-temizleyici","11":"product_tag-carpet-cleaner","12":"product_tag-doseme-temizleyici","13":"product_tag-valet-pro","14":"product_tag-valet-pro-carpet","16":"first","17":"instock","18":"shipping-taxable","19":"purchasable","20":"product-type-simple"},"jetpack_sharing_enabled":true,"_links":{"self":[{"href":"https:\/\/junewax.com\/index.php?rest_route=\/wp\/v2\/product\/16063","targetHints":{"allow":["GET"]}}],"collection":[{"href":"https:\/\/junewax.com\/index.php?rest_route=\/wp\/v2\/product"}],"about":[{"href":"https:\/\/junewax.com\/index.php?rest_route=\/wp\/v2\/types\/product"}],"replies":[{"embeddable":true,"href":"https:\/\/junewax.com\/index.php?rest_route=%2Fwp%2Fv2%2Fcomments&post=16063"}],"version-history":[{"count":1,"href":"https:\/\/junewax.com\/index.php?rest_route=\/wp\/v2\/product\/16063\/revisions"}],"predecessor-version":[{"id":16066,"href":"https:\/\/junewax.com\/index.php?rest_route=\/wp\/v2\/product\/16063\/revisions\/16066"}],"wp:featuredmedia":[{"embeddable":true,"href":"https:\/\/junewax.com\/index.php?rest_route=\/wp\/v2\/media\/16064"}],"wp:attachment":[{"href":"https:\/\/junewax.com\/index.php?rest_route=%2Fwp%2Fv2%2Fmedia&parent=16063"}],"wp:term":[{"taxonomy":"product_brand","embeddable":true,"href":"https:\/\/junewax.com\/index.php?rest_route=%2Fwp%2Fv2%2Fproduct_brand&post=16063"},{"taxonomy":"product_cat","embeddable":true,"href":"https:\/\/junewax.com\/index.php?rest_route=%2Fwp%2Fv2%2Fproduct_cat&post=16063"},{"taxonomy":"product_tag","embeddable":true,"href":"https:\/\/junewax.com\/index.php?rest_route=%2Fwp%2Fv2%2Fproduct_tag&post=16063"}],"curies":[{"name":"wp","href":"https:\/\/api.w.org\/{rel}","templated":true}]}}