{"id":16067,"date":"2025-06-17T22:14:00","date_gmt":"2025-06-17T22:14:00","guid":{"rendered":"https:\/\/junewax.com\/?post_type=product&#038;p=16067"},"modified":"2025-06-17T22:14:01","modified_gmt":"2025-06-17T22:14:01","slug":"auto-finesse-ic-detay-spreyi-spritz-500-ml","status":"publish","type":"product","link":"https:\/\/junewax.com\/?product=auto-finesse-ic-detay-spreyi-spritz-500-ml","title":{"rendered":"Auto Finesse \u0130\u00e7 Detay Spreyi &#8211; Spritz &#8211; 500 ML"},"content":{"rendered":"<div>Arac\u0131n\u0131z i\u00e7in geli\u015ftirilmi\u015f bir genel i\u00e7 temizleyici sprey \u00fcr\u00fcn\u00fcnden ne beklerdiniz? Spritz size anti-statik , mat g\u00f6r\u00fcn\u00fcm sunmay\u0131 vaad eden , deri ve plastik \u00fczerinde g\u00fcvenle \u00e7al\u0131\u015f\u0131p olduk\u00e7a h\u0131zl\u0131 sonu\u00e7 veren bir temizleyicidir. Spreyledi\u011finiz y\u00fczeyi kirlenmeye ve g\u00fcne\u015fin zararl\u0131 \u0131\u015f\u0131nlar\u0131na kar\u015f\u0131 korur.<\/div>\n<div><\/div>\n<div>Kullan\u0131m\u0131 :<\/div>\n<div>&#8211; Temizlemek istedi\u011finiz plastik y\u00fczeye p\u00fcsk\u00fcrt\u00fcn . Temiz ve kuru bir mikrofiber bez ile silin.<\/div>\n","protected":false},"excerpt":{"rendered":"<p>Arac\u0131n\u0131z i\u00e7in geli\u015ftirilmi\u015f bir genel i\u00e7 temizleyici sprey \u00fcr\u00fcn\u00fcnden ne beklerdiniz? Spritz size anti-statik , mat g\u00f6r\u00fcn\u00fcm sunmay\u0131 vaad eden<\/p>\n","protected":false},"featured_media":16068,"comment_status":"open","ping_status":"closed","template":"","meta":[],"product_brand":[292],"product_cat":[379,356],"product_tag":[383,385,293,386],"class_list":{"0":"post-16067","1":"product","2":"type-product","3":"status-publish","4":"has-post-thumbnail","6":"product_brand-auto-finesse","7":"product_cat-detayli-temizlik-urunleri","8":"product_cat-ic-bakim-urunleri","9":"product_tag-arac-doseme-temizleyici","10":"product_tag-arac-ici-detayli-temizleyici","11":"product_tag-auto-finesse","12":"product_tag-auto-finesse-spritz","14":"first","15":"instock","16":"shipping-taxable","17":"purchasable","18":"product-type-simple"},"jetpack_sharing_enabled":true,"_links":{"self":[{"href":"https:\/\/junewax.com\/index.php?rest_route=\/wp\/v2\/product\/16067","targetHints":{"allow":["GET"]}}],"collection":[{"href":"https:\/\/junewax.com\/index.php?rest_route=\/wp\/v2\/product"}],"about":[{"href":"https:\/\/junewax.com\/index.php?rest_route=\/wp\/v2\/types\/product"}],"replies":[{"embeddable":true,"href":"https:\/\/junewax.com\/index.php?rest_route=%2Fwp%2Fv2%2Fcomments&post=16067"}],"version-history":[{"count":1,"href":"https:\/\/junewax.com\/index.php?rest_route=\/wp\/v2\/product\/16067\/revisions"}],"predecessor-version":[{"id":16069,"href":"https:\/\/junewax.com\/index.php?rest_route=\/wp\/v2\/product\/16067\/revisions\/16069"}],"wp:featuredmedia":[{"embeddable":true,"href":"https:\/\/junewax.com\/index.php?rest_route=\/wp\/v2\/media\/16068"}],"wp:attachment":[{"href":"https:\/\/junewax.com\/index.php?rest_route=%2Fwp%2Fv2%2Fmedia&parent=16067"}],"wp:term":[{"taxonomy":"product_brand","embeddable":true,"href":"https:\/\/junewax.com\/index.php?rest_route=%2Fwp%2Fv2%2Fproduct_brand&post=16067"},{"taxonomy":"product_cat","embeddable":true,"href":"https:\/\/junewax.com\/index.php?rest_route=%2Fwp%2Fv2%2Fproduct_cat&post=16067"},{"taxonomy":"product_tag","embeddable":true,"href":"https:\/\/junewax.com\/index.php?rest_route=%2Fwp%2Fv2%2Fproduct_tag&post=16067"}],"curies":[{"name":"wp","href":"https:\/\/api.w.org\/{rel}","templated":true}]}}