{"id":16074,"date":"2025-06-18T20:53:37","date_gmt":"2025-06-18T20:53:37","guid":{"rendered":"https:\/\/junewax.com\/?post_type=product&#038;p=16074"},"modified":"2026-04-15T20:40:51","modified_gmt":"2026-04-15T20:40:51","slug":"auto-brite-purple-velvet-konsantre-cilali-sampuan-500ml","status":"publish","type":"product","link":"https:\/\/junewax.com\/?product=auto-brite-purple-velvet-konsantre-cilali-sampuan-500ml","title":{"rendered":"Auto Brite Purple Velvet Konsantre Cilal\u0131 \u015eampuan 500ml."},"content":{"rendered":"<div>Purple Velvet Y\u00fcksek Konsante Ve Y\u00fcksek parlakl\u0131k Sa\u011flayan araba \u015fampuan\u0131m\u0131z, arac\u0131n\u0131z\u0131 kaplayan kiri s\u00f6ken ve arkas\u0131nda kadifemsi bir parlakl\u0131k b\u0131rakan yo\u011fun k\u00f6p\u00fckler yaratan inan\u0131lmaz seyreltme Oran\u0131 ile Ekonomik ve l\u00fcks \u015eampuan\u0131m\u0131zd\u0131r. Her seferinde kaygan bir y\u00fczeye sahip olan bu araba \u015fampuan\u0131 pH n\u00f6trd\u00fcr ve mevcut cila veya LSP katmanlar\u0131na zarar vermez ve normal araba temizli\u011fi i\u00e7in harikad\u0131r. \u0130htiyac\u0131n\u0131z olan her \u015feyi yapan ger\u00e7ekten \u00e7arp\u0131c\u0131 bir \u015fampuan, kokusunu alana kadar bekleyin! Purple Velvet High Gloss \u015eampuan&#8217;\u0131 mutlaka denemelisiniz!<\/div>\n<div><\/div>\n<div>Yo\u011fun K\u00f6p\u00fckl\u00fc ve l\u00fcks \u015fampuan<\/div>\n<div>\u00c7ok parlak bir y\u00fczey b\u0131rak\u0131r<\/div>\n<div>1500 &#8211; 1 y\u00fcksek konsantrasyonlu seyreltme oran\u0131<\/div>\n<div>Ho\u015f, kaygan bir son b\u0131rak\u0131r<\/div>\n<div>Muhte\u015fem Meyve\u00a0 kokusu<\/div>\n<div>PH N\u00f6tr form\u00fcl &#8211; t\u00fcm Cila ve Boya Korumal\u0131 y\u00fczeylerinde g\u00fcvenlidir.<\/div>\n","protected":false},"excerpt":{"rendered":"<p>Purple Velvet Y\u00fcksek Konsante Ve Y\u00fcksek parlakl\u0131k Sa\u011flayan araba \u015fampuan\u0131m\u0131z, arac\u0131n\u0131z\u0131 kaplayan kiri s\u00f6ken ve arkas\u0131nda kadifemsi bir parlakl\u0131k b\u0131rakan<\/p>\n","protected":false},"featured_media":16075,"comment_status":"open","ping_status":"closed","template":"","meta":[],"product_brand":[313],"product_cat":[396,397],"product_tag":[400,399,358,404,403,401,402],"class_list":{"0":"post-16074","1":"product","2":"type-product","3":"status-publish","4":"has-post-thumbnail","6":"product_brand-auto-brite","7":"product_cat-dis-bakim-urunleri","8":"product_cat-sampuanlar","9":"product_tag-araba-sampuani","10":"product_tag-arac-sampuani","11":"product_tag-auto-brite","12":"product_tag-auto-brite-sampuan","13":"product_tag-auto-brite-velvet","14":"product_tag-cilali-arac-sampuani","15":"product_tag-cilali-oto-sampuan","17":"first","18":"outofstock","19":"shipping-taxable","20":"purchasable","21":"product-type-simple"},"jetpack_sharing_enabled":true,"_links":{"self":[{"href":"https:\/\/junewax.com\/index.php?rest_route=\/wp\/v2\/product\/16074","targetHints":{"allow":["GET"]}}],"collection":[{"href":"https:\/\/junewax.com\/index.php?rest_route=\/wp\/v2\/product"}],"about":[{"href":"https:\/\/junewax.com\/index.php?rest_route=\/wp\/v2\/types\/product"}],"replies":[{"embeddable":true,"href":"https:\/\/junewax.com\/index.php?rest_route=%2Fwp%2Fv2%2Fcomments&post=16074"}],"version-history":[{"count":1,"href":"https:\/\/junewax.com\/index.php?rest_route=\/wp\/v2\/product\/16074\/revisions"}],"predecessor-version":[{"id":16076,"href":"https:\/\/junewax.com\/index.php?rest_route=\/wp\/v2\/product\/16074\/revisions\/16076"}],"wp:featuredmedia":[{"embeddable":true,"href":"https:\/\/junewax.com\/index.php?rest_route=\/wp\/v2\/media\/16075"}],"wp:attachment":[{"href":"https:\/\/junewax.com\/index.php?rest_route=%2Fwp%2Fv2%2Fmedia&parent=16074"}],"wp:term":[{"taxonomy":"product_brand","embeddable":true,"href":"https:\/\/junewax.com\/index.php?rest_route=%2Fwp%2Fv2%2Fproduct_brand&post=16074"},{"taxonomy":"product_cat","embeddable":true,"href":"https:\/\/junewax.com\/index.php?rest_route=%2Fwp%2Fv2%2Fproduct_cat&post=16074"},{"taxonomy":"product_tag","embeddable":true,"href":"https:\/\/junewax.com\/index.php?rest_route=%2Fwp%2Fv2%2Fproduct_tag&post=16074"}],"curies":[{"name":"wp","href":"https:\/\/api.w.org\/{rel}","templated":true}]}}