{"id":16077,"date":"2025-06-18T20:55:30","date_gmt":"2025-06-18T20:55:30","guid":{"rendered":"https:\/\/junewax.com\/?post_type=product&#038;p=16077"},"modified":"2026-04-15T20:03:00","modified_gmt":"2026-04-15T20:03:00","slug":"valet-pro-foamula-1-ph-notr-yikama-kopugu-1lt","status":"publish","type":"product","link":"https:\/\/junewax.com\/?product=valet-pro-foamula-1-ph-notr-yikama-kopugu-1lt","title":{"rendered":"Valet Pro Foamula 1 Ph N\u00f6tr Y\u0131kama K\u00f6p\u00fc\u011f\u00fc 1lt."},"content":{"rendered":"<p>Foamula 1, T\u00fcm Ara\u00e7lar\u0131n y\u0131kanmas\u0131na ger\u00e7ek Pratiklik sa\u011flayan y\u00fcksek performansl\u0131 pH n\u00f6tr Y\u0131kama K\u00f6p\u00fc\u011f\u00fcd\u00fcr. Ph N\u00f6tr Form\u00fcl\u00fc Sayesinde \u00d6nceden Yap\u0131lm\u0131\u015f Boya Koruma Cila Uygulamalar\u0131na Zarar Vermez.Bol K\u00f6p\u00fckl\u00fc Yap\u0131s\u0131 Sayesinde durulama a\u015famas\u0131 s\u0131ras\u0131nda Kirlerin kolayca s\u00f6k\u00fclmesini sa\u011flamak i\u00e7in Y\u00fczeyde Uzun S\u00fcre Kalarak Kirlerin Y\u00fczeyden S\u00f6k\u00fclmesine Yard\u0131mc\u0131 olur.<\/p>\n","protected":false},"excerpt":{"rendered":"<p>Foamula 1, T\u00fcm Ara\u00e7lar\u0131n y\u0131kanmas\u0131na ger\u00e7ek Pratiklik sa\u011flayan y\u00fcksek performansl\u0131 pH n\u00f6tr Y\u0131kama K\u00f6p\u00fc\u011f\u00fcd\u00fcr. Ph N\u00f6tr Form\u00fcl\u00fc Sayesinde \u00d6nceden Yap\u0131lm\u0131\u015f<\/p>\n","protected":false},"featured_media":16078,"comment_status":"open","ping_status":"closed","template":"","meta":[],"product_brand":[364],"product_cat":[396,397],"product_tag":[399,408,409,411,410,365,407,406,405],"class_list":{"0":"post-16077","1":"product","2":"type-product","3":"status-publish","4":"has-post-thumbnail","6":"product_brand-valet-pro","7":"product_cat-dis-bakim-urunleri","8":"product_cat-sampuanlar","9":"product_tag-arac-sampuani","10":"product_tag-foamula-1","11":"product_tag-ph-notr-sampuan","12":"product_tag-ppf-sampuani","13":"product_tag-seramik-sampuani","14":"product_tag-valet-pro","15":"product_tag-valet-pro-foamula","16":"product_tag-valet-pro-foamula-1","17":"product_tag-valet-pro-sampuan","19":"first","20":"outofstock","21":"shipping-taxable","22":"purchasable","23":"product-type-simple"},"jetpack_sharing_enabled":true,"_links":{"self":[{"href":"https:\/\/junewax.com\/index.php?rest_route=\/wp\/v2\/product\/16077","targetHints":{"allow":["GET"]}}],"collection":[{"href":"https:\/\/junewax.com\/index.php?rest_route=\/wp\/v2\/product"}],"about":[{"href":"https:\/\/junewax.com\/index.php?rest_route=\/wp\/v2\/types\/product"}],"replies":[{"embeddable":true,"href":"https:\/\/junewax.com\/index.php?rest_route=%2Fwp%2Fv2%2Fcomments&post=16077"}],"version-history":[{"count":1,"href":"https:\/\/junewax.com\/index.php?rest_route=\/wp\/v2\/product\/16077\/revisions"}],"predecessor-version":[{"id":16079,"href":"https:\/\/junewax.com\/index.php?rest_route=\/wp\/v2\/product\/16077\/revisions\/16079"}],"wp:featuredmedia":[{"embeddable":true,"href":"https:\/\/junewax.com\/index.php?rest_route=\/wp\/v2\/media\/16078"}],"wp:attachment":[{"href":"https:\/\/junewax.com\/index.php?rest_route=%2Fwp%2Fv2%2Fmedia&parent=16077"}],"wp:term":[{"taxonomy":"product_brand","embeddable":true,"href":"https:\/\/junewax.com\/index.php?rest_route=%2Fwp%2Fv2%2Fproduct_brand&post=16077"},{"taxonomy":"product_cat","embeddable":true,"href":"https:\/\/junewax.com\/index.php?rest_route=%2Fwp%2Fv2%2Fproduct_cat&post=16077"},{"taxonomy":"product_tag","embeddable":true,"href":"https:\/\/junewax.com\/index.php?rest_route=%2Fwp%2Fv2%2Fproduct_tag&post=16077"}],"curies":[{"name":"wp","href":"https:\/\/api.w.org\/{rel}","templated":true}]}}