{"id":16083,"date":"2025-06-18T20:59:30","date_gmt":"2025-06-18T20:59:30","guid":{"rendered":"https:\/\/junewax.com\/?post_type=product&#038;p=16083"},"modified":"2026-04-15T20:02:28","modified_gmt":"2026-04-15T20:02:28","slug":"valet-pro-advanced-poseidon-cilali-parlatici-sampuan-5lt","status":"publish","type":"product","link":"https:\/\/junewax.com\/?product=valet-pro-advanced-poseidon-cilali-parlatici-sampuan-5lt","title":{"rendered":"Valet Pro Advanced Poseidon &#8211; Cilal\u0131 Parlat\u0131c\u0131 \u015eampuan 5lt."},"content":{"rendered":"<p>Valet Pro Poseidon Car Wash \u015fampuan\u0131 en \u00fcst d\u00fczey kalitede \u00fcretilmi\u015f bile\u015fenlerden olu\u015fmaktad\u0131r. Hi\u00e7 cilalanmam\u0131\u015f y\u00fczeyde bile y\u0131kama sonras\u0131nda iyi oranda cilalanm\u0131\u015f su kayd\u0131r\u0131c\u0131k \u00f6zelli\u011fi kazand\u0131r\u0131r! Bu \u00f6zelli\u011fi arac\u0131n\u0131za hem harika parlakl\u0131k kat\u0131p hem de daha \u00f6nce uygulanm\u0131\u015f mevcut cilay\u0131 tekrar canland\u0131racakt\u0131r.<\/p>\n<p>Valet Pro Poseidon Car Wash piyasadaki en iyi araba \u015fampuanlar\u0131ndan biridir. Carnauba balmumu ile harmanlanm\u0131\u015f olmas\u0131 sebebiyle hem koruyucu hem de ultra derin parlakl\u0131k vererek arac\u0131n\u0131z\u0131n parlakl\u0131\u011f\u0131n\u0131 \u00fcst d\u00fczeye \u00e7\u0131kartacakt\u0131r.<\/p>\n<p>Bu \u00fcr\u00fcn so\u011fuk suda da g\u00f6revini lay\u0131\u011f\u0131yla yerine getirmekte fakat daha iyi bir sonu\u00e7 i\u00e7in \u0131l\u0131k su kullanabilirsiniz.<\/p>\n<p>5 Litreye yaln\u0131zca 50 ML Poseidon Car Wash harika bir kar\u0131\u015f\u0131m de\u011feri sa\u011flad\u0131\u011f\u0131 gibi olduk\u00e7a da ekonomik!<\/p>\n","protected":false},"excerpt":{"rendered":"<p>Valet Pro Poseidon Car Wash \u015fampuan\u0131 en \u00fcst d\u00fczey kalitede \u00fcretilmi\u015f bile\u015fenlerden olu\u015fmaktad\u0131r. Hi\u00e7 cilalanmam\u0131\u015f y\u00fczeyde bile y\u0131kama sonras\u0131nda iyi<\/p>\n","protected":false},"featured_media":16084,"comment_status":"open","ping_status":"closed","template":"","meta":[],"product_brand":[364],"product_cat":[396,397],"product_tag":[401,417,413,412,365,415,416,405],"class_list":{"0":"post-16083","1":"product","2":"type-product","3":"status-publish","4":"has-post-thumbnail","6":"product_brand-valet-pro","7":"product_cat-dis-bakim-urunleri","8":"product_cat-sampuanlar","9":"product_tag-cilali-arac-sampuani","10":"product_tag-cilali-sampuan","11":"product_tag-oto-kopuk","12":"product_tag-oto-sampuan","13":"product_tag-valet-pro","14":"product_tag-valet-pro-advanced-posedion","15":"product_tag-valet-pro-cilali-sampuan","16":"product_tag-valet-pro-sampuan","18":"first","19":"outofstock","20":"shipping-taxable","21":"purchasable","22":"product-type-simple"},"jetpack_sharing_enabled":true,"_links":{"self":[{"href":"https:\/\/junewax.com\/index.php?rest_route=\/wp\/v2\/product\/16083","targetHints":{"allow":["GET"]}}],"collection":[{"href":"https:\/\/junewax.com\/index.php?rest_route=\/wp\/v2\/product"}],"about":[{"href":"https:\/\/junewax.com\/index.php?rest_route=\/wp\/v2\/types\/product"}],"replies":[{"embeddable":true,"href":"https:\/\/junewax.com\/index.php?rest_route=%2Fwp%2Fv2%2Fcomments&post=16083"}],"version-history":[{"count":1,"href":"https:\/\/junewax.com\/index.php?rest_route=\/wp\/v2\/product\/16083\/revisions"}],"predecessor-version":[{"id":16086,"href":"https:\/\/junewax.com\/index.php?rest_route=\/wp\/v2\/product\/16083\/revisions\/16086"}],"wp:featuredmedia":[{"embeddable":true,"href":"https:\/\/junewax.com\/index.php?rest_route=\/wp\/v2\/media\/16084"}],"wp:attachment":[{"href":"https:\/\/junewax.com\/index.php?rest_route=%2Fwp%2Fv2%2Fmedia&parent=16083"}],"wp:term":[{"taxonomy":"product_brand","embeddable":true,"href":"https:\/\/junewax.com\/index.php?rest_route=%2Fwp%2Fv2%2Fproduct_brand&post=16083"},{"taxonomy":"product_cat","embeddable":true,"href":"https:\/\/junewax.com\/index.php?rest_route=%2Fwp%2Fv2%2Fproduct_cat&post=16083"},{"taxonomy":"product_tag","embeddable":true,"href":"https:\/\/junewax.com\/index.php?rest_route=%2Fwp%2Fv2%2Fproduct_tag&post=16083"}],"curies":[{"name":"wp","href":"https:\/\/api.w.org\/{rel}","templated":true}]}}