{"id":16110,"date":"2025-06-19T14:39:59","date_gmt":"2025-06-19T14:39:59","guid":{"rendered":"https:\/\/junewax.com\/?post_type=product&#038;p=16110"},"modified":"2026-04-15T19:59:53","modified_gmt":"2026-04-15T19:59:53","slug":"spta-cam-pasta-kecesi-130mm","status":"publish","type":"product","link":"https:\/\/junewax.com\/?product=spta-cam-pasta-kecesi-130mm","title":{"rendered":"Spta Cam Pasta Ke\u00e7esi 130mm"},"content":{"rendered":"<div>Ebat : 135mm<\/div>\n<div>\u00d6zellikler : Y\u00fcksek Diren\u00e7li<\/div>\n<div>Matching GRIP Pad: 36300 (M14), 17000 (5\/16)<\/div>\n<div>Max Devir : 7,500<\/div>\n<div>Max \u00c7al\u0131\u015fma Devri : 4,500<\/div>\n","protected":false},"excerpt":{"rendered":"<p>Ebat : 135mm \u00d6zellikler : Y\u00fcksek Diren\u00e7li Matching GRIP Pad: 36300 (M14), 17000 (5\/16) Max Devir : 7,500 Max \u00c7al\u0131\u015fma<\/p>\n","protected":false},"featured_media":16111,"comment_status":"open","ping_status":"closed","template":"","meta":[],"product_brand":[438],"product_cat":[441,396,440,439],"product_tag":[445,444,442,196,197,448,447,443,446],"class_list":{"0":"post-16110","1":"product","2":"type-product","3":"status-publish","4":"has-post-thumbnail","6":"product_brand-spta","7":"product_cat-cam-ve-far-urunleri","8":"product_cat-dis-bakim-urunleri","9":"product_cat-pedler-ve-keceler","10":"product_cat-uygulama-pedleri-ve-bezler","11":"product_tag-cam-kecesi","12":"product_tag-cam-pasta-kecesi","13":"product_tag-cam-pastasi","14":"product_tag-pasta","15":"product_tag-pasta-cila","16":"product_tag-pasta-cila-uygulama-kecesi","17":"product_tag-pasta-cila-uygulama-pedi","18":"product_tag-spta-cam-kecesi","19":"product_tag-uygulama-pedi","21":"first","22":"outofstock","23":"shipping-taxable","24":"purchasable","25":"product-type-simple"},"jetpack_sharing_enabled":true,"_links":{"self":[{"href":"https:\/\/junewax.com\/index.php?rest_route=\/wp\/v2\/product\/16110","targetHints":{"allow":["GET"]}}],"collection":[{"href":"https:\/\/junewax.com\/index.php?rest_route=\/wp\/v2\/product"}],"about":[{"href":"https:\/\/junewax.com\/index.php?rest_route=\/wp\/v2\/types\/product"}],"replies":[{"embeddable":true,"href":"https:\/\/junewax.com\/index.php?rest_route=%2Fwp%2Fv2%2Fcomments&post=16110"}],"version-history":[{"count":1,"href":"https:\/\/junewax.com\/index.php?rest_route=\/wp\/v2\/product\/16110\/revisions"}],"predecessor-version":[{"id":16112,"href":"https:\/\/junewax.com\/index.php?rest_route=\/wp\/v2\/product\/16110\/revisions\/16112"}],"wp:featuredmedia":[{"embeddable":true,"href":"https:\/\/junewax.com\/index.php?rest_route=\/wp\/v2\/media\/16111"}],"wp:attachment":[{"href":"https:\/\/junewax.com\/index.php?rest_route=%2Fwp%2Fv2%2Fmedia&parent=16110"}],"wp:term":[{"taxonomy":"product_brand","embeddable":true,"href":"https:\/\/junewax.com\/index.php?rest_route=%2Fwp%2Fv2%2Fproduct_brand&post=16110"},{"taxonomy":"product_cat","embeddable":true,"href":"https:\/\/junewax.com\/index.php?rest_route=%2Fwp%2Fv2%2Fproduct_cat&post=16110"},{"taxonomy":"product_tag","embeddable":true,"href":"https:\/\/junewax.com\/index.php?rest_route=%2Fwp%2Fv2%2Fproduct_tag&post=16110"}],"curies":[{"name":"wp","href":"https:\/\/api.w.org\/{rel}","templated":true}]}}