{"id":16119,"date":"2025-06-19T14:44:25","date_gmt":"2025-06-19T14:44:25","guid":{"rendered":"https:\/\/junewax.com\/?post_type=product&#038;p=16119"},"modified":"2025-10-22T08:37:00","modified_gmt":"2025-10-22T08:37:00","slug":"soft99-glaco-q-yagmur-su-kaydirici-75ml","status":"publish","type":"product","link":"https:\/\/junewax.com\/?product=soft99-glaco-q-yagmur-su-kaydirici-75ml","title":{"rendered":"Soft99 Glaco Q Ya\u011fmur su Kayd\u0131r\u0131c\u0131 75ml."},"content":{"rendered":"<p>soft99 Glaco Q\u00a0uygulad\u0131\u011f\u0131n\u0131zda ya\u011fmur camdan damlac\u0131klar halinde yukar\u0131ya do\u011fru yuvarlanacak ve yol boyunca di\u011fer sular\u0131 da temiz bir \u015fekilde beraberinde g\u00f6t\u00fcrecektir. Sadece 45 km\/saat veya daha y\u00fcksek bir h\u0131zla s\u00fcr\u00fc\u015f yapt\u0131\u011f\u0131n\u0131zda t\u00fcm su camdan u\u00e7up gidecek! Y\u00fczey haz\u0131rl\u0131\u011f\u0131 gerektirmez! Glaco Q, trafik tabakas\u0131n\u0131 veya \u00f6nceki kaplamay\u0131 Temizlerken ayn\u0131 zamanda cam\u0131 da kaplar. Bilgisayar faresi \u015feklindeki bu kavramas\u0131 kolay aplikat\u00f6r, hidrofobik cam kaplaman\u0131z\u0131 yenilemek i\u00e7in gereken s\u00fcreyi k\u0131salt\u0131r.<\/p>\n","protected":false},"excerpt":{"rendered":"<p>soft99 Glaco Q\u00a0uygulad\u0131\u011f\u0131n\u0131zda ya\u011fmur camdan damlac\u0131klar halinde yukar\u0131ya do\u011fru yuvarlanacak ve yol boyunca di\u011fer sular\u0131 da temiz bir \u015fekilde beraberinde<\/p>\n","protected":false},"featured_media":16120,"comment_status":"open","ping_status":"closed","template":"","meta":[],"product_brand":[319],"product_cat":[441,396],"product_tag":[457,451,455,320,456,449,454],"class_list":{"0":"post-16119","1":"product","2":"type-product","3":"status-publish","4":"has-post-thumbnail","6":"product_brand-soft99","7":"product_cat-cam-ve-far-urunleri","8":"product_cat-dis-bakim-urunleri","9":"product_tag-arac-cami-su-kaydirici","10":"product_tag-cam-su-kaydirici","11":"product_tag-glaco-q","12":"product_tag-soft99","13":"product_tag-soft99-cam-su-kaydirici","14":"product_tag-soft99-glaco","15":"product_tag-soft99-glaco-q","17":"first","18":"instock","19":"shipping-taxable","20":"purchasable","21":"product-type-simple"},"jetpack_sharing_enabled":true,"_links":{"self":[{"href":"https:\/\/junewax.com\/index.php?rest_route=\/wp\/v2\/product\/16119","targetHints":{"allow":["GET"]}}],"collection":[{"href":"https:\/\/junewax.com\/index.php?rest_route=\/wp\/v2\/product"}],"about":[{"href":"https:\/\/junewax.com\/index.php?rest_route=\/wp\/v2\/types\/product"}],"replies":[{"embeddable":true,"href":"https:\/\/junewax.com\/index.php?rest_route=%2Fwp%2Fv2%2Fcomments&post=16119"}],"version-history":[{"count":1,"href":"https:\/\/junewax.com\/index.php?rest_route=\/wp\/v2\/product\/16119\/revisions"}],"predecessor-version":[{"id":16124,"href":"https:\/\/junewax.com\/index.php?rest_route=\/wp\/v2\/product\/16119\/revisions\/16124"}],"wp:featuredmedia":[{"embeddable":true,"href":"https:\/\/junewax.com\/index.php?rest_route=\/wp\/v2\/media\/16120"}],"wp:attachment":[{"href":"https:\/\/junewax.com\/index.php?rest_route=%2Fwp%2Fv2%2Fmedia&parent=16119"}],"wp:term":[{"taxonomy":"product_brand","embeddable":true,"href":"https:\/\/junewax.com\/index.php?rest_route=%2Fwp%2Fv2%2Fproduct_brand&post=16119"},{"taxonomy":"product_cat","embeddable":true,"href":"https:\/\/junewax.com\/index.php?rest_route=%2Fwp%2Fv2%2Fproduct_cat&post=16119"},{"taxonomy":"product_tag","embeddable":true,"href":"https:\/\/junewax.com\/index.php?rest_route=%2Fwp%2Fv2%2Fproduct_tag&post=16119"}],"curies":[{"name":"wp","href":"https:\/\/api.w.org\/{rel}","templated":true}]}}