{"id":16131,"date":"2025-06-19T14:49:26","date_gmt":"2025-06-19T14:49:26","guid":{"rendered":"https:\/\/junewax.com\/?post_type=product&#038;p=16131"},"modified":"2026-02-18T12:00:24","modified_gmt":"2026-02-18T12:00:24","slug":"soft99-yagmur-su-kaydirici-oto-cam-su-kaydirici","status":"publish","type":"product","link":"https:\/\/junewax.com\/?product=soft99-yagmur-su-kaydirici-oto-cam-su-kaydirici","title":{"rendered":"Soft99 Yagmur Su Kayd\u0131r\u0131c\u0131 &#8211; Glaco Roll On Large 120ml"},"content":{"rendered":"<div>\u00dcr\u00fcn ba\u015fl\u0131\u011f\u0131, piyasadaki di\u011fer \u00fcr\u00fcnlerin iki kat\u0131 b\u00fcy\u00fckl\u00fc\u011f\u00fcndedir ve \u015fi\u015fesi elinize tam oturmas\u0131 i\u00e7in tasarlanm\u0131\u015ft\u0131r. Bu iki \u00f6zelli\u011fin birle\u015fimi, sizlere h\u0131zl\u0131 ve kusursuz bir temizlik sa\u011flar. 45km veya daha h\u0131zl\u0131 giderken su ge\u00e7irmezli\u011fi sayesinde, su damlalar\u0131n\u0131n camdan d\u00fc\u015ferek temiz bir g\u00f6r\u00fc\u015f sa\u011flad\u0131\u011f\u0131ndan bahsetmeye gerek bile duymuyoruz.<\/div>\n<div><\/div>\n<div>Kullan\u0131m \u015eekli:<\/div>\n<div><\/div>\n<div>1 &#8211; Kullanmadan \u00f6nce \u00f6n camdaki kiri ve tozu suyla y\u0131kayarak temizleyin.Kapa\u011f\u0131n\u0131 a\u00e7\u0131n ve kuru olan cama uygulay\u0131n. S\u0131v\u0131n\u0131n akmas\u0131 i\u00e7in \u015fi\u015fenin yan\u0131n\u0131 s\u0131k\u0131n ve s\u0131v\u0131y\u0131 s\u0131\u00e7ratmadan sert bir \u015fekilde cam\u0131 ovarak devam edin.Islak cam \u00fczerinde kullanmay\u0131n aksi takdirde camda zarara neden olabilir.<\/div>\n<div>2 \u2013 Kuruduktan 5-10 dakika sonra, suyu s\u0131k\u0131lm\u0131\u015f hafif nemli bir bez ile hafif\u00e7e silin<\/div>\n","protected":false},"excerpt":{"rendered":"<p>\u00dcr\u00fcn ba\u015fl\u0131\u011f\u0131, piyasadaki di\u011fer \u00fcr\u00fcnlerin iki kat\u0131 b\u00fcy\u00fckl\u00fc\u011f\u00fcndedir ve \u015fi\u015fesi elinize tam oturmas\u0131 i\u00e7in tasarlanm\u0131\u015ft\u0131r. Bu iki \u00f6zelli\u011fin birle\u015fimi, sizlere<\/p>\n","protected":false},"featured_media":16132,"comment_status":"open","ping_status":"closed","template":"","meta":[],"product_brand":[319],"product_cat":[441,396],"product_tag":[453,451,456,449,459],"class_list":{"0":"post-16131","1":"product","2":"type-product","3":"status-publish","4":"has-post-thumbnail","6":"product_brand-soft99","7":"product_cat-cam-ve-far-urunleri","8":"product_cat-dis-bakim-urunleri","9":"product_tag-araba-cami-su-kaydirici","10":"product_tag-cam-su-kaydirici","11":"product_tag-soft99-cam-su-kaydirici","12":"product_tag-soft99-glaco","13":"product_tag-soft99-glaco-120-ml","15":"first","16":"instock","17":"shipping-taxable","18":"purchasable","19":"product-type-simple"},"jetpack_sharing_enabled":true,"_links":{"self":[{"href":"https:\/\/junewax.com\/index.php?rest_route=\/wp\/v2\/product\/16131","targetHints":{"allow":["GET"]}}],"collection":[{"href":"https:\/\/junewax.com\/index.php?rest_route=\/wp\/v2\/product"}],"about":[{"href":"https:\/\/junewax.com\/index.php?rest_route=\/wp\/v2\/types\/product"}],"replies":[{"embeddable":true,"href":"https:\/\/junewax.com\/index.php?rest_route=%2Fwp%2Fv2%2Fcomments&post=16131"}],"version-history":[{"count":1,"href":"https:\/\/junewax.com\/index.php?rest_route=\/wp\/v2\/product\/16131\/revisions"}],"predecessor-version":[{"id":16136,"href":"https:\/\/junewax.com\/index.php?rest_route=\/wp\/v2\/product\/16131\/revisions\/16136"}],"wp:featuredmedia":[{"embeddable":true,"href":"https:\/\/junewax.com\/index.php?rest_route=\/wp\/v2\/media\/16132"}],"wp:attachment":[{"href":"https:\/\/junewax.com\/index.php?rest_route=%2Fwp%2Fv2%2Fmedia&parent=16131"}],"wp:term":[{"taxonomy":"product_brand","embeddable":true,"href":"https:\/\/junewax.com\/index.php?rest_route=%2Fwp%2Fv2%2Fproduct_brand&post=16131"},{"taxonomy":"product_cat","embeddable":true,"href":"https:\/\/junewax.com\/index.php?rest_route=%2Fwp%2Fv2%2Fproduct_cat&post=16131"},{"taxonomy":"product_tag","embeddable":true,"href":"https:\/\/junewax.com\/index.php?rest_route=%2Fwp%2Fv2%2Fproduct_tag&post=16131"}],"curies":[{"name":"wp","href":"https:\/\/api.w.org\/{rel}","templated":true}]}}