{"id":16143,"date":"2025-06-19T15:03:31","date_gmt":"2025-06-19T15:03:31","guid":{"rendered":"https:\/\/junewax.com\/?post_type=product&#038;p=16143"},"modified":"2026-02-18T12:02:21","modified_gmt":"2026-02-18T12:02:21","slug":"soft99-yagmur-oto-cam-su-kaydirici","status":"publish","type":"product","link":"https:\/\/junewax.com\/?product=soft99-yagmur-oto-cam-su-kaydirici","title":{"rendered":"Soft99 Yagmur Su Kayd\u0131r\u0131c\u0131 &#8211; Ultra Glaco 70ml"},"content":{"rendered":"<div>Teknoloji harikas\u0131 bu \u00fcr\u00fcn\u00fcm\u00fcz, sileceklerden, tozdan, oto y\u0131kamac\u0131lar\u0131ndan ve di\u011fer temizleyicilerden kaynaklanan \u00e7izilmelere kar\u015f\u0131 son derece sa\u011flam bir katman olu\u015fturur ve etkisi di\u011fer s\u0131radan kaplama \u00fcr\u00fcnlerine nazaran 6 kat daha uzun s\u00fcrer. Su ge\u00e7irmezlik \u00f6zelli\u011fi 1 y\u0131la kadar devam eder.<\/div>\n<div><\/div>\n<div>Kullan\u0131m \u015eekli:<\/div>\n<div>Kullanmadan \u00f6nce camdaki tozu ve kiri su ile temizleyin.<\/div>\n<div>1. Kapa\u011f\u0131 s\u0131k\u0131ca kapatarak \u015fi\u015feyi \u00e7alkalay\u0131n.<\/div>\n<div>2. Kapa\u011f\u0131 a\u00e7arak kuru cam \u00fczerine dengeli bir \u015fekilde tatbik edin.<\/div>\n<div>\uf0b7 Islak cama uygulamay\u0131n\u0131z, aksi takdirde y\u00fczeyin deforme olmas\u0131na sebebiyet verebilir.<\/div>\n<div>3. 5-10 dakika kurumaya b\u0131rakt\u0131ktan sonra kuru temiz bir bez ile silin. Daha sonra, katman\u0131n iyice sar\u0131lmas\u0131 i\u00e7in,cam\u0131 12 saat boyunca kuru tutun.<\/div>\n","protected":false},"excerpt":{"rendered":"<p>Teknoloji harikas\u0131 bu \u00fcr\u00fcn\u00fcm\u00fcz, sileceklerden, tozdan, oto y\u0131kamac\u0131lar\u0131ndan ve di\u011fer temizleyicilerden kaynaklanan \u00e7izilmelere kar\u015f\u0131 son derece sa\u011flam bir katman olu\u015fturur<\/p>\n","protected":false},"featured_media":16144,"comment_status":"open","ping_status":"closed","template":"","meta":[],"product_brand":[319],"product_cat":[441,396],"product_tag":[453,451,320,456,461],"class_list":{"0":"post-16143","1":"product","2":"type-product","3":"status-publish","4":"has-post-thumbnail","6":"product_brand-soft99","7":"product_cat-cam-ve-far-urunleri","8":"product_cat-dis-bakim-urunleri","9":"product_tag-araba-cami-su-kaydirici","10":"product_tag-cam-su-kaydirici","11":"product_tag-soft99","12":"product_tag-soft99-cam-su-kaydirici","13":"product_tag-soft99-glaco-ultra","15":"first","16":"instock","17":"shipping-taxable","18":"purchasable","19":"product-type-simple"},"jetpack_sharing_enabled":true,"_links":{"self":[{"href":"https:\/\/junewax.com\/index.php?rest_route=\/wp\/v2\/product\/16143","targetHints":{"allow":["GET"]}}],"collection":[{"href":"https:\/\/junewax.com\/index.php?rest_route=\/wp\/v2\/product"}],"about":[{"href":"https:\/\/junewax.com\/index.php?rest_route=\/wp\/v2\/types\/product"}],"replies":[{"embeddable":true,"href":"https:\/\/junewax.com\/index.php?rest_route=%2Fwp%2Fv2%2Fcomments&post=16143"}],"version-history":[{"count":1,"href":"https:\/\/junewax.com\/index.php?rest_route=\/wp\/v2\/product\/16143\/revisions"}],"predecessor-version":[{"id":16148,"href":"https:\/\/junewax.com\/index.php?rest_route=\/wp\/v2\/product\/16143\/revisions\/16148"}],"wp:featuredmedia":[{"embeddable":true,"href":"https:\/\/junewax.com\/index.php?rest_route=\/wp\/v2\/media\/16144"}],"wp:attachment":[{"href":"https:\/\/junewax.com\/index.php?rest_route=%2Fwp%2Fv2%2Fmedia&parent=16143"}],"wp:term":[{"taxonomy":"product_brand","embeddable":true,"href":"https:\/\/junewax.com\/index.php?rest_route=%2Fwp%2Fv2%2Fproduct_brand&post=16143"},{"taxonomy":"product_cat","embeddable":true,"href":"https:\/\/junewax.com\/index.php?rest_route=%2Fwp%2Fv2%2Fproduct_cat&post=16143"},{"taxonomy":"product_tag","embeddable":true,"href":"https:\/\/junewax.com\/index.php?rest_route=%2Fwp%2Fv2%2Fproduct_tag&post=16143"}],"curies":[{"name":"wp","href":"https:\/\/api.w.org\/{rel}","templated":true}]}}