{"id":16152,"date":"2025-06-19T15:06:45","date_gmt":"2025-06-19T15:06:45","guid":{"rendered":"https:\/\/junewax.com\/?post_type=product&#038;p=16152"},"modified":"2026-04-15T19:55:14","modified_gmt":"2026-04-15T19:55:14","slug":"slopes-x6-glass-compound-cizik-giderici-cam-pastasi-250ml","status":"publish","type":"product","link":"https:\/\/junewax.com\/?product=slopes-x6-glass-compound-cizik-giderici-cam-pastasi-250ml","title":{"rendered":"Slopes X6 Glass Compound \u00c7izik Giderici Cam Pastas\u0131 250ml."},"content":{"rendered":"<div><strong><a href=\"https:\/\/www.yamaclardetailing.com\/arama\/cam%20pasta%20ke%C3%A7esi\" target=\"_blank\" rel=\"noopener\">Spta Ryon Cam Ke\u00e7eleriyle Kullan\u0131ma Uygundur.\u00a0<\/a><\/strong><\/div>\n<div><strong>\u00a0PROFESYONEL KULLANIMA UYGUNDUR.<\/strong><\/div>\n<div><\/div>\n<div>\n<div>Cam Y\u00fczeylerdeki \u00c7iziklerin Giderilmesi \u0130\u00e7in \u00c7\u00f6z\u00fcm<\/div>\n<div><\/div>\n<div>Cam y\u00fczeylerde zamanla olu\u015fan \u00e7izikler, hem estetik a\u00e7\u0131dan rahats\u0131z edici olabilir hem de cam\u0131n kullan\u0131m \u00f6mr\u00fcn\u00fc olumsuz etkileyebilir. Neyse ki, bu sorun i\u00e7in etkili bir \u00e7\u00f6z\u00fcm mevcut! \u00c7izik giderici \u00fcr\u00fcnler sayesinde cam y\u00fczeylerdeki \u00e7izikleri tamamen ortadan kald\u0131rmak m\u00fcmk\u00fcn.<\/div>\n<div><\/div>\n<div><\/div>\n<div>\u00c7izikleri Kal\u0131c\u0131 Olarak Yok Edin<\/div>\n<div><\/div>\n<div>En \u00f6nemli \u00f6zelliklerinden biri, cam y\u00fczeydeki \u00e7izikleri kal\u0131c\u0131 olarak yok etmesidir. Bu \u00fcr\u00fcnler, \u00e7iziklerin sadece g\u00f6r\u00fcn\u00fcm\u00fcn\u00fc ge\u00e7ici olarak d\u00fczeltmekle kalmaz, ayn\u0131 zamanda y\u00fczeyi p\u00fcr\u00fczs\u00fcz hale getirerek uzun s\u00fcreli bir \u00e7\u00f6z\u00fcm sunar. B\u00f6ylece, cam y\u00fczeyleriniz ilk g\u00fcnk\u00fc gibi parlak ve kusursuz bir g\u00f6r\u00fcn\u00fcme kavu\u015fur.<\/div>\n<\/div>\n","protected":false},"excerpt":{"rendered":"<p>Spta Ryon Cam Ke\u00e7eleriyle Kullan\u0131ma Uygundur.\u00a0 \u00a0PROFESYONEL KULLANIMA UYGUNDUR. Cam Y\u00fczeylerdeki \u00c7iziklerin Giderilmesi \u0130\u00e7in \u00c7\u00f6z\u00fcm Cam y\u00fczeylerde zamanla olu\u015fan \u00e7izikler,<\/p>\n","protected":false},"featured_media":16153,"comment_status":"open","ping_status":"closed","template":"","meta":[],"product_brand":[193],"product_cat":[441,396],"product_tag":[467,468,223,196,197,210,463,464],"class_list":{"0":"post-16152","1":"product","2":"type-product","3":"status-publish","4":"has-post-thumbnail","6":"product_brand-slopes","7":"product_cat-cam-ve-far-urunleri","8":"product_cat-dis-bakim-urunleri","9":"product_tag-cam-cizik-giderici","10":"product_tag-cam-cizik-giderici-pasta","11":"product_tag-cizik-giderici-pasta","12":"product_tag-pasta","13":"product_tag-pasta-cila","14":"product_tag-slopes","15":"product_tag-slopes-x6","16":"product_tag-x6-cam-pastasi","18":"first","19":"instock","20":"shipping-taxable","21":"purchasable","22":"product-type-simple"},"jetpack_sharing_enabled":true,"_links":{"self":[{"href":"https:\/\/junewax.com\/index.php?rest_route=\/wp\/v2\/product\/16152","targetHints":{"allow":["GET"]}}],"collection":[{"href":"https:\/\/junewax.com\/index.php?rest_route=\/wp\/v2\/product"}],"about":[{"href":"https:\/\/junewax.com\/index.php?rest_route=\/wp\/v2\/types\/product"}],"replies":[{"embeddable":true,"href":"https:\/\/junewax.com\/index.php?rest_route=%2Fwp%2Fv2%2Fcomments&post=16152"}],"version-history":[{"count":1,"href":"https:\/\/junewax.com\/index.php?rest_route=\/wp\/v2\/product\/16152\/revisions"}],"predecessor-version":[{"id":16154,"href":"https:\/\/junewax.com\/index.php?rest_route=\/wp\/v2\/product\/16152\/revisions\/16154"}],"wp:featuredmedia":[{"embeddable":true,"href":"https:\/\/junewax.com\/index.php?rest_route=\/wp\/v2\/media\/16153"}],"wp:attachment":[{"href":"https:\/\/junewax.com\/index.php?rest_route=%2Fwp%2Fv2%2Fmedia&parent=16152"}],"wp:term":[{"taxonomy":"product_brand","embeddable":true,"href":"https:\/\/junewax.com\/index.php?rest_route=%2Fwp%2Fv2%2Fproduct_brand&post=16152"},{"taxonomy":"product_cat","embeddable":true,"href":"https:\/\/junewax.com\/index.php?rest_route=%2Fwp%2Fv2%2Fproduct_cat&post=16152"},{"taxonomy":"product_tag","embeddable":true,"href":"https:\/\/junewax.com\/index.php?rest_route=%2Fwp%2Fv2%2Fproduct_tag&post=16152"}],"curies":[{"name":"wp","href":"https:\/\/api.w.org\/{rel}","templated":true}]}}