{"id":16155,"date":"2025-06-19T15:08:59","date_gmt":"2025-06-19T15:08:59","guid":{"rendered":"https:\/\/junewax.com\/?post_type=product&#038;p=16155"},"modified":"2025-10-22T08:36:09","modified_gmt":"2025-10-22T08:36:09","slug":"soft99-fukupika-anti-fog-gel-bugu-onleyici-jel-80ml","status":"publish","type":"product","link":"https:\/\/junewax.com\/?product=soft99-fukupika-anti-fog-gel-bugu-onleyici-jel-80ml","title":{"rendered":"Soft99 Fukupika Anti Fog Gel Bu\u011fu \u00d6nleyici Jel 80ml."},"content":{"rendered":"<div>Bu\u011fulanmaya neden olan kiri temizler ve bu\u011fulanmay\u0131 \u00f6nleyen dayan\u0131kl\u0131 bir Tabaka Olu\u015fturur. Kullan\u0131m\u0131 kolay, temizlik ve Bu\u011fu \u00d6nleme\u00a0 tek ad\u0131mda tamamlan\u0131r.<\/div>\n<div><\/div>\n<div>\n<div>\u00dcr\u00fcn nas\u0131l kullan\u0131l\u0131r?<\/div>\n<div>1. P\u00fcsk\u00fcrtme ba\u015fl\u0131\u011f\u0131n\u0131 (A\u00c7IK) konumuna getirin.<\/div>\n<div>2. \u00c7alkalad\u0131ktan Sonra , \u00dcr\u00fcn\u00fc 15 cm &#8211; 20 cm uzakl\u0131ktaki cam y\u00fczeye p\u00fcsk\u00fcrt\u00fcn, ard\u0131ndan derhal temiz, kuru bir havluyla cam\u0131n \u00e7evresini silin.<\/div>\n<div>3. Gerekti\u011finde havlunun yeni bir y\u00fczeyine ge\u00e7erek kiri silin. Son olarak Bezin kuru bir Taraf\u0131yla silin.<\/div>\n<div>\u00a0 * Cam\u0131n \u00fczerinde bir miktar kal\u0131nt\u0131 kal\u0131rsa, temiz bir havluyla tekrar silin.<\/div>\n<\/div>\n","protected":false},"excerpt":{"rendered":"<p>Bu\u011fulanmaya neden olan kiri temizler ve bu\u011fulanmay\u0131 \u00f6nleyen dayan\u0131kl\u0131 bir Tabaka Olu\u015fturur. Kullan\u0131m\u0131 kolay, temizlik ve Bu\u011fu \u00d6nleme\u00a0 tek ad\u0131mda<\/p>\n","protected":false},"featured_media":16156,"comment_status":"open","ping_status":"closed","template":"","meta":[],"product_brand":[319],"product_cat":[441,396],"product_tag":[475,474,473,471,472,320,470,469],"class_list":{"0":"post-16155","1":"product","2":"type-product","3":"status-publish","4":"has-post-thumbnail","6":"product_brand-soft99","7":"product_cat-cam-ve-far-urunleri","8":"product_cat-dis-bakim-urunleri","9":"product_tag-araba-cami-bugu-nasil-engellenir","10":"product_tag-araba-cami-bugu-nasil-giderilir","11":"product_tag-araba-cami-bugu-onleyici","12":"product_tag-bugu-onleyici-jel","13":"product_tag-bugu-onleyici-sprey","14":"product_tag-soft99","15":"product_tag-soft99-bugu-onleyici","16":"product_tag-soft99-fukupika","18":"first","19":"instock","20":"shipping-taxable","21":"purchasable","22":"product-type-simple"},"jetpack_sharing_enabled":true,"_links":{"self":[{"href":"https:\/\/junewax.com\/index.php?rest_route=\/wp\/v2\/product\/16155","targetHints":{"allow":["GET"]}}],"collection":[{"href":"https:\/\/junewax.com\/index.php?rest_route=\/wp\/v2\/product"}],"about":[{"href":"https:\/\/junewax.com\/index.php?rest_route=\/wp\/v2\/types\/product"}],"replies":[{"embeddable":true,"href":"https:\/\/junewax.com\/index.php?rest_route=%2Fwp%2Fv2%2Fcomments&post=16155"}],"version-history":[{"count":1,"href":"https:\/\/junewax.com\/index.php?rest_route=\/wp\/v2\/product\/16155\/revisions"}],"predecessor-version":[{"id":16160,"href":"https:\/\/junewax.com\/index.php?rest_route=\/wp\/v2\/product\/16155\/revisions\/16160"}],"wp:featuredmedia":[{"embeddable":true,"href":"https:\/\/junewax.com\/index.php?rest_route=\/wp\/v2\/media\/16156"}],"wp:attachment":[{"href":"https:\/\/junewax.com\/index.php?rest_route=%2Fwp%2Fv2%2Fmedia&parent=16155"}],"wp:term":[{"taxonomy":"product_brand","embeddable":true,"href":"https:\/\/junewax.com\/index.php?rest_route=%2Fwp%2Fv2%2Fproduct_brand&post=16155"},{"taxonomy":"product_cat","embeddable":true,"href":"https:\/\/junewax.com\/index.php?rest_route=%2Fwp%2Fv2%2Fproduct_cat&post=16155"},{"taxonomy":"product_tag","embeddable":true,"href":"https:\/\/junewax.com\/index.php?rest_route=%2Fwp%2Fv2%2Fproduct_tag&post=16155"}],"curies":[{"name":"wp","href":"https:\/\/api.w.org\/{rel}","templated":true}]}}