{"id":16161,"date":"2025-06-19T15:11:50","date_gmt":"2025-06-19T15:11:50","guid":{"rendered":"https:\/\/junewax.com\/?post_type=product&#038;p=16161"},"modified":"2026-02-10T10:39:45","modified_gmt":"2026-02-10T10:39:45","slug":"carpro-ceriglass-polish-cam-pastasi-150ml","status":"publish","type":"product","link":"https:\/\/junewax.com\/?product=carpro-ceriglass-polish-cam-pastasi-150ml","title":{"rendered":"Carpro CeriGlass Polish Cam Pastas\u0131 150ml."},"content":{"rendered":"<div>CeriGlass, seramik a\u015f\u0131nd\u0131r\u0131c\u0131lar, seryum oksit ve nanoteknolojik bile\u015fenlerin bir kar\u0131\u015f\u0131m\u0131n\u0131 kullanarak cam d\u00fczeltme i\u00e7in son teknoloji bir \u00e7\u00f6z\u00fcm sunmaktad\u0131r. Geleneksel cam parlatma \u00fcr\u00fcnlerinin yerini alarak, daha etkili ve g\u00fcvenli bir alternatif olu\u015fturur.<\/div>\n<div><\/div>\n<div>Bu d\u00fczeltme bile\u015fi\u011fi, y\u00fczey bozulmas\u0131 olmadan ciddi su lekelerini ve hafif \u00e7izikleri etkili bir \u015fekilde giderir. Kullan\u0131c\u0131lar, CeriGlass ile uygulama yapt\u0131klar\u0131nda m\u00fckemmel bir g\u00f6r\u00fc\u015f netli\u011fi elde ederler, bu da maksimum s\u00fcr\u00fc\u015f g\u00fcvenli\u011fini sa\u011flar. \u00dcr\u00fcn, sadece cam y\u00fczeylerde de\u011fil, ayn\u0131 zamanda pleksiglas, metal ve krom gibi farkl\u0131 malzemelerde de kullan\u0131labilir, bu da onu \u00e7ok y\u00f6nl\u00fc bir se\u00e7enek haline getirir.<\/div>\n<div><\/div>\n<div>CeriGlass\u2019\u0131n en b\u00fcy\u00fck avantajlar\u0131ndan biri, uygulama sonras\u0131 b\u0131rakm\u0131\u015f oldu\u011fu p\u00fcr\u00fczs\u00fcz y\u00fczeydir. Bu \u00f6zellik, hem estetik a\u00e7\u0131dan hem de i\u015flevsellik a\u00e7\u0131s\u0131ndan \u00f6nemli bir katk\u0131 sa\u011flar. Kullan\u0131c\u0131lar, bu \u00fcr\u00fcnle hem zaman kazan\u0131r hem de ara\u00e7lar\u0131n\u0131n g\u00f6r\u00fcn\u00fcm\u00fcn\u00fc \u00f6nemli \u00f6l\u00e7\u00fcde iyile\u015ftirir.<\/div>\n<div><\/div>\n<div>Sonu\u00e7 olarak, CeriGlass, cam d\u00fczeltme i\u015flemlerinde devrim niteli\u011finde bir \u00fcr\u00fcn olup, hem profesyonel hem de amat\u00f6r kullan\u0131c\u0131lar i\u00e7in ideal bir \u00e7\u00f6z\u00fcmd\u00fcr. Geli\u015fmi\u015f form\u00fcl\u00fc sayesinde, ara\u00e7 bak\u0131m\u0131nda y\u00fcksek standartlar arayan herkes i\u00e7in m\u00fckemmel bir tercih sunmaktad\u0131r.<\/div>\n","protected":false},"excerpt":{"rendered":"<p>CeriGlass, seramik a\u015f\u0131nd\u0131r\u0131c\u0131lar, seryum oksit ve nanoteknolojik bile\u015fenlerin bir kar\u0131\u015f\u0131m\u0131n\u0131 kullanarak cam d\u00fczeltme i\u00e7in son teknoloji bir \u00e7\u00f6z\u00fcm sunmaktad\u0131r. Geleneksel<\/p>\n","protected":false},"featured_media":16162,"comment_status":"open","ping_status":"closed","template":"","meta":[],"product_brand":[233],"product_cat":[441,396],"product_tag":[468,465,442,234,476,477,196,197],"class_list":{"0":"post-16161","1":"product","2":"type-product","3":"status-publish","4":"has-post-thumbnail","6":"product_brand-carpro","7":"product_cat-cam-ve-far-urunleri","8":"product_cat-dis-bakim-urunleri","9":"product_tag-cam-cizik-giderici-pasta","10":"product_tag-cam-cizik-giderme","11":"product_tag-cam-pastasi","12":"product_tag-carpro","13":"product_tag-carpro-cam-pastasi","14":"product_tag-carpro-ceriglass","15":"product_tag-pasta","16":"product_tag-pasta-cila","18":"first","19":"instock","20":"shipping-taxable","21":"purchasable","22":"product-type-simple"},"jetpack_sharing_enabled":true,"_links":{"self":[{"href":"https:\/\/junewax.com\/index.php?rest_route=\/wp\/v2\/product\/16161","targetHints":{"allow":["GET"]}}],"collection":[{"href":"https:\/\/junewax.com\/index.php?rest_route=\/wp\/v2\/product"}],"about":[{"href":"https:\/\/junewax.com\/index.php?rest_route=\/wp\/v2\/types\/product"}],"replies":[{"embeddable":true,"href":"https:\/\/junewax.com\/index.php?rest_route=%2Fwp%2Fv2%2Fcomments&post=16161"}],"version-history":[{"count":1,"href":"https:\/\/junewax.com\/index.php?rest_route=\/wp\/v2\/product\/16161\/revisions"}],"predecessor-version":[{"id":16163,"href":"https:\/\/junewax.com\/index.php?rest_route=\/wp\/v2\/product\/16161\/revisions\/16163"}],"wp:featuredmedia":[{"embeddable":true,"href":"https:\/\/junewax.com\/index.php?rest_route=\/wp\/v2\/media\/16162"}],"wp:attachment":[{"href":"https:\/\/junewax.com\/index.php?rest_route=%2Fwp%2Fv2%2Fmedia&parent=16161"}],"wp:term":[{"taxonomy":"product_brand","embeddable":true,"href":"https:\/\/junewax.com\/index.php?rest_route=%2Fwp%2Fv2%2Fproduct_brand&post=16161"},{"taxonomy":"product_cat","embeddable":true,"href":"https:\/\/junewax.com\/index.php?rest_route=%2Fwp%2Fv2%2Fproduct_cat&post=16161"},{"taxonomy":"product_tag","embeddable":true,"href":"https:\/\/junewax.com\/index.php?rest_route=%2Fwp%2Fv2%2Fproduct_tag&post=16161"}],"curies":[{"name":"wp","href":"https:\/\/api.w.org\/{rel}","templated":true}]}}