{"id":16169,"date":"2025-06-19T15:22:05","date_gmt":"2025-06-19T15:22:05","guid":{"rendered":"https:\/\/junewax.com\/?post_type=product&#038;p=16169"},"modified":"2025-06-19T15:22:07","modified_gmt":"2025-06-19T15:22:07","slug":"valet-pro-yuzey-temizleyici-turuncu-kil-orange-clay-100gr","status":"publish","type":"product","link":"https:\/\/junewax.com\/?product=valet-pro-yuzey-temizleyici-turuncu-kil-orange-clay-100gr","title":{"rendered":"Valet Pro Y\u00fczey Temizleyici Turuncu Kil &#8211; Orange Clay 100gr"},"content":{"rendered":"<div>Valet Pro Y\u00fczey Temizleyici Kil\u00a0YUMU\u015eAK\u00a0&#8211; Orange Clay 100gr<\/div>\n<div>Y\u00fczey Temizleme Killeri , boyal\u0131 y\u00fczeylerden bu yap\u0131\u015fm\u0131\u015f Kirleri gidermek i\u00e7in tasarlanm\u0131\u015ft\u0131r &#8211; tamamen temiz g\u00f6r\u00fcnse bile, bir arac\u0131n boya y\u00fczeyinde ne kadar birle\u015fik kirlenmenin yakaland\u0131\u011f\u0131na \u015fa\u015f\u0131racaks\u0131n\u0131z.<\/div>\n","protected":false},"excerpt":{"rendered":"<p>Valet Pro Y\u00fczey Temizleyici Kil\u00a0YUMU\u015eAK\u00a0&#8211; Orange Clay 100gr Y\u00fczey Temizleme Killeri , boyal\u0131 y\u00fczeylerden bu yap\u0131\u015fm\u0131\u015f Kirleri gidermek i\u00e7in tasarlanm\u0131\u015ft\u0131r<\/p>\n","protected":false},"featured_media":16170,"comment_status":"open","ping_status":"closed","template":"","meta":[],"product_brand":[364],"product_cat":[396,478],"product_tag":[196,197,482,365,484,485],"class_list":{"0":"post-16169","1":"product","2":"type-product","3":"status-publish","4":"has-post-thumbnail","6":"product_brand-valet-pro","7":"product_cat-dis-bakim-urunleri","8":"product_cat-kil-urunleri","9":"product_tag-pasta","10":"product_tag-pasta-cila","11":"product_tag-pasta-cila-kil-hamuru","12":"product_tag-valet-pro","13":"product_tag-valet-pro-kil-hamuru","14":"product_tag-valet-pro-turuncu-kil-hamuru","16":"first","17":"instock","18":"shipping-taxable","19":"purchasable","20":"product-type-simple"},"jetpack_sharing_enabled":true,"_links":{"self":[{"href":"https:\/\/junewax.com\/index.php?rest_route=\/wp\/v2\/product\/16169","targetHints":{"allow":["GET"]}}],"collection":[{"href":"https:\/\/junewax.com\/index.php?rest_route=\/wp\/v2\/product"}],"about":[{"href":"https:\/\/junewax.com\/index.php?rest_route=\/wp\/v2\/types\/product"}],"replies":[{"embeddable":true,"href":"https:\/\/junewax.com\/index.php?rest_route=%2Fwp%2Fv2%2Fcomments&post=16169"}],"version-history":[{"count":1,"href":"https:\/\/junewax.com\/index.php?rest_route=\/wp\/v2\/product\/16169\/revisions"}],"predecessor-version":[{"id":16171,"href":"https:\/\/junewax.com\/index.php?rest_route=\/wp\/v2\/product\/16169\/revisions\/16171"}],"wp:featuredmedia":[{"embeddable":true,"href":"https:\/\/junewax.com\/index.php?rest_route=\/wp\/v2\/media\/16170"}],"wp:attachment":[{"href":"https:\/\/junewax.com\/index.php?rest_route=%2Fwp%2Fv2%2Fmedia&parent=16169"}],"wp:term":[{"taxonomy":"product_brand","embeddable":true,"href":"https:\/\/junewax.com\/index.php?rest_route=%2Fwp%2Fv2%2Fproduct_brand&post=16169"},{"taxonomy":"product_cat","embeddable":true,"href":"https:\/\/junewax.com\/index.php?rest_route=%2Fwp%2Fv2%2Fproduct_cat&post=16169"},{"taxonomy":"product_tag","embeddable":true,"href":"https:\/\/junewax.com\/index.php?rest_route=%2Fwp%2Fv2%2Fproduct_tag&post=16169"}],"curies":[{"name":"wp","href":"https:\/\/api.w.org\/{rel}","templated":true}]}}