{"id":16172,"date":"2025-06-19T15:23:16","date_gmt":"2025-06-19T15:23:16","guid":{"rendered":"https:\/\/junewax.com\/?post_type=product&#038;p=16172"},"modified":"2025-06-19T15:23:16","modified_gmt":"2025-06-19T15:23:16","slug":"valet-pro-yuzey-temizleyici-mavi-kil-blue-clay-100gr","status":"publish","type":"product","link":"https:\/\/junewax.com\/?product=valet-pro-yuzey-temizleyici-mavi-kil-blue-clay-100gr","title":{"rendered":"Valet Pro Y\u00fczey Temizleyici Mavi Kil &#8211; Blue Clay 100gr"},"content":{"rendered":"<div>Valet Pro Y\u00fczey Temizleme Kili\u00a0\u00a0SERT\u00a0\u00a0100 gr.<\/div>\n<div>Y\u00fczey Temizleme Killeri , boyal\u0131 y\u00fczeylerden bu yap\u0131\u015fm\u0131\u015f Kirleri gidermek i\u00e7in tasarlanm\u0131\u015ft\u0131r &#8211; tamamen temiz g\u00f6r\u00fcnse bile, bir arac\u0131n boya y\u00fczeyinde ne kadar birle\u015fik kirlenmenin yakaland\u0131\u011f\u0131na \u015fa\u015f\u0131racaks\u0131n\u0131z.<\/div>\n<div>1. Kil hamurunu ikiye b\u00f6l\u00fcn (ambalaj\u0131n yar\u0131s\u0131n\u0131 saklay\u0131n).<\/div>\n<div>2. Kil Hamurunu\u00a0 \u0131s\u0131tmak i\u00e7in ellerinizde yo\u011furun.<\/div>\n<div>3. Kil Hamurunu\u00a0 bir disk \u015fekline getirin.<\/div>\n<div>4. Clay Rider (kil Kayd\u0131r\u0131c\u0131) ayn\u0131 anda arac\u0131n Y\u00fczeyine Kare \u015eeklinde\u00a0 p\u00fcsk\u00fcrt\u00fcn.<\/div>\n<div>5. Kil Hamurunu Kil Kay\u0131d\u0131r\u0131c\u0131 ile iyi Islanm\u0131\u015f y\u00fczey boyunca ileri geri kayd\u0131r\u0131n. \u00c7ubuk yap\u0131\u015f\u0131rsa, daha fazla kil Kayd\u0131r\u0131c\u0131 uygulay\u0131n.<\/div>\n<div>6. Kil Hamurunu kirlenme a\u00e7\u0131s\u0131ndan inceleyin.<\/div>\n<div>7. Temiz bir y\u00fczey olu\u015fturmak i\u00e7in Kil Hamurunu yo\u011furun ve i\u00e7eri do\u011fru katlay\u0131n.<\/div>\n<div>8. Ara\u00e7 tamamlanana kadar ba\u015fka Farkl\u0131 Par\u00e7a\u00a0 \u00fczerinde tekrarlay\u0131n.<\/div>\n","protected":false},"excerpt":{"rendered":"<p>Valet Pro Y\u00fczey Temizleme Kili\u00a0\u00a0SERT\u00a0\u00a0100 gr. Y\u00fczey Temizleme Killeri , boyal\u0131 y\u00fczeylerden bu yap\u0131\u015fm\u0131\u015f Kirleri gidermek i\u00e7in tasarlanm\u0131\u015ft\u0131r &#8211; tamamen<\/p>\n","protected":false},"featured_media":16173,"comment_status":"open","ping_status":"closed","template":"","meta":[],"product_brand":[364],"product_cat":[396,478],"product_tag":[196,197,482,365,484,486],"class_list":{"0":"post-16172","1":"product","2":"type-product","3":"status-publish","4":"has-post-thumbnail","6":"product_brand-valet-pro","7":"product_cat-dis-bakim-urunleri","8":"product_cat-kil-urunleri","9":"product_tag-pasta","10":"product_tag-pasta-cila","11":"product_tag-pasta-cila-kil-hamuru","12":"product_tag-valet-pro","13":"product_tag-valet-pro-kil-hamuru","14":"product_tag-valet-pro-mavi-kil-hamuru","16":"first","17":"instock","18":"shipping-taxable","19":"purchasable","20":"product-type-simple"},"jetpack_sharing_enabled":true,"_links":{"self":[{"href":"https:\/\/junewax.com\/index.php?rest_route=\/wp\/v2\/product\/16172","targetHints":{"allow":["GET"]}}],"collection":[{"href":"https:\/\/junewax.com\/index.php?rest_route=\/wp\/v2\/product"}],"about":[{"href":"https:\/\/junewax.com\/index.php?rest_route=\/wp\/v2\/types\/product"}],"replies":[{"embeddable":true,"href":"https:\/\/junewax.com\/index.php?rest_route=%2Fwp%2Fv2%2Fcomments&post=16172"}],"version-history":[{"count":1,"href":"https:\/\/junewax.com\/index.php?rest_route=\/wp\/v2\/product\/16172\/revisions"}],"predecessor-version":[{"id":16174,"href":"https:\/\/junewax.com\/index.php?rest_route=\/wp\/v2\/product\/16172\/revisions\/16174"}],"wp:featuredmedia":[{"embeddable":true,"href":"https:\/\/junewax.com\/index.php?rest_route=\/wp\/v2\/media\/16173"}],"wp:attachment":[{"href":"https:\/\/junewax.com\/index.php?rest_route=%2Fwp%2Fv2%2Fmedia&parent=16172"}],"wp:term":[{"taxonomy":"product_brand","embeddable":true,"href":"https:\/\/junewax.com\/index.php?rest_route=%2Fwp%2Fv2%2Fproduct_brand&post=16172"},{"taxonomy":"product_cat","embeddable":true,"href":"https:\/\/junewax.com\/index.php?rest_route=%2Fwp%2Fv2%2Fproduct_cat&post=16172"},{"taxonomy":"product_tag","embeddable":true,"href":"https:\/\/junewax.com\/index.php?rest_route=%2Fwp%2Fv2%2Fproduct_tag&post=16172"}],"curies":[{"name":"wp","href":"https:\/\/api.w.org\/{rel}","templated":true}]}}