{"id":16175,"date":"2025-06-19T15:24:53","date_gmt":"2025-06-19T15:24:53","guid":{"rendered":"https:\/\/junewax.com\/?post_type=product&#038;p=16175"},"modified":"2026-04-15T19:59:35","modified_gmt":"2026-04-15T19:59:35","slug":"spta-kil-diski-150mm","status":"publish","type":"product","link":"https:\/\/junewax.com\/?product=spta-kil-diski-150mm","title":{"rendered":"Spta Kil Diski 150mm"},"content":{"rendered":"<p>Boya Y\u00fczeyinde D\u0131\u015f Etmenlerden Dolay\u0131 Olu\u015fan Boya Tozlar\u0131 , A\u011fa\u00e7 Re\u00e7ineleri Vb. G\u00fcvenle Y\u00fczeyi \u00c7izmeden Temizlemek \u0130\u00e7in Kullan\u0131l\u0131r.150mm C\u0131rt Tabanlara Uyumludur.<\/p>\n","protected":false},"excerpt":{"rendered":"<p>Boya Y\u00fczeyinde D\u0131\u015f Etmenlerden Dolay\u0131 Olu\u015fan Boya Tozlar\u0131 , A\u011fa\u00e7 Re\u00e7ineleri Vb. G\u00fcvenle Y\u00fczeyi \u00c7izmeden Temizlemek \u0130\u00e7in Kullan\u0131l\u0131r.150mm C\u0131rt Tabanlara<\/p>\n","protected":false},"featured_media":16176,"comment_status":"open","ping_status":"closed","template":"","meta":[],"product_brand":[438],"product_cat":[396,478],"product_tag":[488,481,196,197,489,482,462,487],"class_list":{"0":"post-16175","1":"product","2":"type-product","3":"status-publish","4":"has-post-thumbnail","6":"product_brand-spta","7":"product_cat-dis-bakim-urunleri","8":"product_cat-kil-urunleri","9":"product_tag-kil-diski","10":"product_tag-kil-hamuru","11":"product_tag-pasta","12":"product_tag-pasta-cila","13":"product_tag-pasta-cila-kil-diski","14":"product_tag-pasta-cila-kil-hamuru","15":"product_tag-spta","16":"product_tag-spta-kil-diski","18":"first","19":"outofstock","20":"shipping-taxable","21":"purchasable","22":"product-type-simple"},"jetpack_sharing_enabled":true,"_links":{"self":[{"href":"https:\/\/junewax.com\/index.php?rest_route=\/wp\/v2\/product\/16175","targetHints":{"allow":["GET"]}}],"collection":[{"href":"https:\/\/junewax.com\/index.php?rest_route=\/wp\/v2\/product"}],"about":[{"href":"https:\/\/junewax.com\/index.php?rest_route=\/wp\/v2\/types\/product"}],"replies":[{"embeddable":true,"href":"https:\/\/junewax.com\/index.php?rest_route=%2Fwp%2Fv2%2Fcomments&post=16175"}],"version-history":[{"count":1,"href":"https:\/\/junewax.com\/index.php?rest_route=\/wp\/v2\/product\/16175\/revisions"}],"predecessor-version":[{"id":16177,"href":"https:\/\/junewax.com\/index.php?rest_route=\/wp\/v2\/product\/16175\/revisions\/16177"}],"wp:featuredmedia":[{"embeddable":true,"href":"https:\/\/junewax.com\/index.php?rest_route=\/wp\/v2\/media\/16176"}],"wp:attachment":[{"href":"https:\/\/junewax.com\/index.php?rest_route=%2Fwp%2Fv2%2Fmedia&parent=16175"}],"wp:term":[{"taxonomy":"product_brand","embeddable":true,"href":"https:\/\/junewax.com\/index.php?rest_route=%2Fwp%2Fv2%2Fproduct_brand&post=16175"},{"taxonomy":"product_cat","embeddable":true,"href":"https:\/\/junewax.com\/index.php?rest_route=%2Fwp%2Fv2%2Fproduct_cat&post=16175"},{"taxonomy":"product_tag","embeddable":true,"href":"https:\/\/junewax.com\/index.php?rest_route=%2Fwp%2Fv2%2Fproduct_tag&post=16175"}],"curies":[{"name":"wp","href":"https:\/\/api.w.org\/{rel}","templated":true}]}}