{"id":16181,"date":"2025-06-19T15:32:28","date_gmt":"2025-06-19T15:32:28","guid":{"rendered":"https:\/\/junewax.com\/?post_type=product&#038;p=16181"},"modified":"2025-08-19T11:27:24","modified_gmt":"2025-08-19T11:27:24","slug":"carpro-mild-clay-yumusak-yuzey-temizleyici-turuncu-kil-100gr","status":"publish","type":"product","link":"https:\/\/junewax.com\/?product=carpro-mild-clay-yumusak-yuzey-temizleyici-turuncu-kil-100gr","title":{"rendered":"Carpro Mild Clay Yumu\u015fak Y\u00fczey Temizleyici Turuncu Kil 100gr."},"content":{"rendered":"<div>Yeni hafif ve agresif Y\u00fczey Temizleyici Kil Hamurlar\u0131<\/p>\n<\/div>\n<div>Her detayc\u0131n\u0131n ara\u00e7 bak\u0131m\u0131nda vazge\u00e7ilmez bir \u00fcr\u00fcn\u00fc. Yeni kil barlar\u0131m\u0131z, art\u0131r\u0131lm\u0131\u015f sabun ve y\u00fcksek pH direnci sayesinde \u00e7ok daha dayan\u0131kl\u0131 hale geldi.<\/div>\n<div>\u015eimdi ayr\u0131 olarak daha yumu\u015fak bir hafif s\u0131n\u0131f veya daha agresif bir versiyon olarak sunulmaktad\u0131r.<\/div>\n","protected":false},"excerpt":{"rendered":"<p>Yeni hafif ve agresif Y\u00fczey Temizleyici Kil Hamurlar\u0131 Her detayc\u0131n\u0131n ara\u00e7 bak\u0131m\u0131nda vazge\u00e7ilmez bir \u00fcr\u00fcn\u00fc. Yeni kil barlar\u0131m\u0131z, art\u0131r\u0131lm\u0131\u015f sabun<\/p>\n","protected":false},"featured_media":16182,"comment_status":"open","ping_status":"closed","template":"","meta":[],"product_brand":[233],"product_cat":[396,478],"product_tag":[234,490,481,196,197,482],"class_list":{"0":"post-16181","1":"product","2":"type-product","3":"status-publish","4":"has-post-thumbnail","6":"product_brand-carpro","7":"product_cat-dis-bakim-urunleri","8":"product_cat-kil-urunleri","9":"product_tag-carpro","10":"product_tag-carpro-kil-hamuru","11":"product_tag-kil-hamuru","12":"product_tag-pasta","13":"product_tag-pasta-cila","14":"product_tag-pasta-cila-kil-hamuru","16":"first","17":"instock","18":"shipping-taxable","19":"purchasable","20":"product-type-simple"},"jetpack_sharing_enabled":true,"_links":{"self":[{"href":"https:\/\/junewax.com\/index.php?rest_route=\/wp\/v2\/product\/16181","targetHints":{"allow":["GET"]}}],"collection":[{"href":"https:\/\/junewax.com\/index.php?rest_route=\/wp\/v2\/product"}],"about":[{"href":"https:\/\/junewax.com\/index.php?rest_route=\/wp\/v2\/types\/product"}],"replies":[{"embeddable":true,"href":"https:\/\/junewax.com\/index.php?rest_route=%2Fwp%2Fv2%2Fcomments&post=16181"}],"version-history":[{"count":1,"href":"https:\/\/junewax.com\/index.php?rest_route=\/wp\/v2\/product\/16181\/revisions"}],"predecessor-version":[{"id":16183,"href":"https:\/\/junewax.com\/index.php?rest_route=\/wp\/v2\/product\/16181\/revisions\/16183"}],"wp:featuredmedia":[{"embeddable":true,"href":"https:\/\/junewax.com\/index.php?rest_route=\/wp\/v2\/media\/16182"}],"wp:attachment":[{"href":"https:\/\/junewax.com\/index.php?rest_route=%2Fwp%2Fv2%2Fmedia&parent=16181"}],"wp:term":[{"taxonomy":"product_brand","embeddable":true,"href":"https:\/\/junewax.com\/index.php?rest_route=%2Fwp%2Fv2%2Fproduct_brand&post=16181"},{"taxonomy":"product_cat","embeddable":true,"href":"https:\/\/junewax.com\/index.php?rest_route=%2Fwp%2Fv2%2Fproduct_cat&post=16181"},{"taxonomy":"product_tag","embeddable":true,"href":"https:\/\/junewax.com\/index.php?rest_route=%2Fwp%2Fv2%2Fproduct_tag&post=16181"}],"curies":[{"name":"wp","href":"https:\/\/api.w.org\/{rel}","templated":true}]}}