{"id":16187,"date":"2025-06-19T15:36:09","date_gmt":"2025-06-19T15:36:09","guid":{"rendered":"https:\/\/junewax.com\/?post_type=product&#038;p=16187"},"modified":"2026-04-15T19:56:07","modified_gmt":"2026-04-15T19:56:07","slug":"slopes-w10-smart-iron-demir-tozu-temizleyici-10lt","status":"publish","type":"product","link":"https:\/\/junewax.com\/?product=slopes-w10-smart-iron-demir-tozu-temizleyici-10lt","title":{"rendered":"Slopes W10 Smart \u0130ron Demir Tozu Temizleyici 10lt."},"content":{"rendered":"<div>Slopes W10 Smart Iron Demir Tozu Temizleyici: Arac\u0131n\u0131z\u0131n Yeni Yard\u0131mc\u0131s\u0131!<\/div>\n<div><\/div>\n<div>Arac\u0131m\u0131z, g\u00fcnl\u00fck kullan\u0131mda bir\u00e7ok \u00e7evresel fakt\u00f6re maruz kal\u0131r. \u00d6zellikle demir tozlar\u0131, hem arac\u0131n estetik g\u00f6r\u00fcn\u00fcm\u00fcn\u00fc olumsuz etkiler hem de uzun vadede y\u00fczeye zarar verebilir. Neyse ki, bu sorunla ba\u015fa \u00e7\u0131kmak art\u0131k \u00e7ok daha kolay! Slopes W10 Smart Iron Demir Tozu Temizleyici ile arac\u0131n\u0131z\u0131n y\u00fczeyini g\u00fcvenle koruyabilirsiniz.<\/div>\n<div><\/div>\n<div>Neden Demir Tozlar\u0131 Temizlenmeli?<\/p>\n<\/div>\n<div><\/div>\n<div>Demir tozlar\u0131, genelde fren balatalar\u0131ndan veya \u00e7evresel kirlilikten kaynaklan\u0131r. Bu tozlar, arac\u0131n\u0131z\u0131n boyal\u0131 y\u00fczeyine, camlar\u0131na ve plastik aksamlar\u0131na yap\u0131\u015farak zamanla korozyona neden olabilir. Bu durum yaln\u0131zca arac\u0131n\u0131z\u0131n g\u00f6r\u00fcn\u00fcm\u00fcn\u00fc bozmakla kalmaz, ayn\u0131 zamanda y\u00fczeylerde kal\u0131c\u0131 hasarlara yol a\u00e7abilir. \u0130\u015fte tam da bu noktada Slopes W10 devreye giriyor!<\/div>\n<div><\/div>\n<div>Slopes W10 Smart Iron ile G\u00fcvenli Temizlik<\/div>\n<div><\/div>\n<div>Slopes W10, boyal\u0131 y\u00fczeyler, camlar ve plastik aksamlar dahil olmak \u00fczere arac\u0131n\u0131z\u0131n her t\u00fcrl\u00fc y\u00fczeyinde g\u00fcvenle kullan\u0131labilir. \u00dcstelik bu \u00fcr\u00fcn, demir tozlar\u0131n\u0131 y\u00fczeye zarar vermeden etkili bir \u015fekilde temizler. Kullan\u0131m\u0131 son derece kolay olan bu temizleyici, arac\u0131n\u0131za profesyonel bir bak\u0131m yapman\u0131z\u0131 sa\u011flar.<\/div>\n<div><\/div>\n<div>**Nas\u0131l Kullan\u0131l\u0131r?**<\/div>\n<div><\/div>\n<div>Slopes W10 Smart Iron Demir Tozu Temizleyici&#8217;nin kullan\u0131m\u0131 olduk\u00e7a basittir. \u0130\u015fte ad\u0131m ad\u0131m uygulama talimatlar\u0131:<\/div>\n<div><\/div>\n<div>1. **Spreyi Uygulay\u0131n:** \u00dcr\u00fcn\u00fc demir tozlar\u0131n\u0131n bulundu\u011fu b\u00f6lgeye s\u0131k\u0131n. \u00dcr\u00fcn\u00fcn y\u00fczeye e\u015fit bir \u015fekilde da\u011f\u0131ld\u0131\u011f\u0131ndan emin olun.<\/div>\n<div>2. **Renk De\u011fi\u015fimini Bekleyin:** Sprey uyguland\u0131ktan sonra yakla\u015f\u0131k 2 dakika bekleyin. Bu s\u00fcre i\u00e7inde \u00fcr\u00fcn demir tozlar\u0131yla etkile\u015fime girerek rengini bordoya \u00e7evirecektir.<\/div>\n<div>3. **Durulama:** Bas\u0131n\u00e7l\u0131 su kullanarak y\u00fczeyi iyice durulay\u0131n. E\u011fer bas\u0131n\u00e7l\u0131 suya eri\u015fiminiz yoksa, bir f\u0131r\u00e7a yard\u0131m\u0131yla y\u00fczeyi temizlemeniz \u00f6nerilir.<\/div>\n<div><\/div>\n<div>Bu kadar kolay! Slopes W10 sayesinde arac\u0131n\u0131z yeniden temiz ve parlak g\u00f6r\u00fcnecek.<\/div>\n<div><\/div>\n<div>\u00a0**Neden Slopes W10&#8217;u Tercih Etmelisiniz?**<\/div>\n<div><\/div>\n<div>&#8211; **Etkili Temizlik:** Demir tozlar\u0131n\u0131 y\u00fczeye zarar vermeden tamamen temizler.<\/div>\n<div>&#8211; **\u00c7ok Y\u00f6nl\u00fc Kullan\u0131m:** Boyal\u0131 y\u00fczeylerde, camlarda ve plastik aksamda g\u00fcvenle kullan\u0131labilir.<\/div>\n<div>&#8211; **Kolay Uygulama:** Sprey form\u00fcl\u00fc sayesinde zahmetsiz bir \u015fekilde uygulan\u0131r.<\/div>\n<div>&#8211; **Zamandan Tasarruf:** H\u0131zl\u0131 etki g\u00f6stererek ara\u00e7 bak\u0131m\u0131n\u0131 k\u0131sa s\u00fcrede tamamlaman\u0131z\u0131 sa\u011flar.<\/div>\n<div><\/div>\n<div>**Sonu\u00e7**<\/div>\n<div><\/div>\n<div>Arac\u0131n\u0131z\u0131 demir tozlar\u0131ndan ar\u0131nd\u0131rmak ve y\u00fczeylerini korumak i\u00e7in Slopes W10 Smart Iron Demir Tozu Temizleyici m\u00fckemmel bir \u00e7\u00f6z\u00fcmd\u00fcr. Kolay kullan\u0131m\u0131 ve etkili form\u00fcl\u00fc sayesinde, arac\u0131n\u0131za zarar vermeden profesyonel bir temizlik deneyimi ya\u015fayabilirsiniz. Slopes W10 ile arac\u0131n\u0131z her zaman ilk g\u00fcnk\u00fc gibi temiz ve \u015f\u0131k g\u00f6r\u00fcns\u00fcn!<\/div>\n<div><\/div>\n<div>Unutmay\u0131n, d\u00fczenli bak\u0131m arac\u0131n\u0131z\u0131n \u00f6mr\u00fcn\u00fc uzat\u0131r ve de\u011ferini korur. Slopes W10\u2019u deneyin ve fark\u0131 kendi g\u00f6zlerinizle g\u00f6r\u00fcn!<\/div>\n","protected":false},"excerpt":{"rendered":"<p>Slopes W10 Smart Iron Demir Tozu Temizleyici: Arac\u0131n\u0131z\u0131n Yeni Yard\u0131mc\u0131s\u0131! Arac\u0131m\u0131z, g\u00fcnl\u00fck kullan\u0131mda bir\u00e7ok \u00e7evresel fakt\u00f6re maruz kal\u0131r. \u00d6zellikle demir<\/p>\n","protected":false},"featured_media":16188,"comment_status":"open","ping_status":"closed","template":"","meta":[],"product_brand":[193],"product_cat":[396,431],"product_tag":[493,498,494,437,499,210,497,496],"class_list":{"0":"post-16187","1":"product","2":"type-product","3":"status-publish","4":"has-post-thumbnail","6":"product_brand-slopes","7":"product_cat-dis-bakim-urunleri","8":"product_cat-lastik-ve-jant-bakim-urunleri","9":"product_tag-demir-tozu-temizleyici","10":"product_tag-jant-demir-tozu-temizleyici","11":"product_tag-jant-temizleyici","12":"product_tag-lastik-parlatici","13":"product_tag-lastik-temizleyici","14":"product_tag-slopes","15":"product_tag-slopes-demir-tozu-temizleyici","16":"product_tag-slopes-w10","18":"first","19":"instock","20":"shipping-taxable","21":"purchasable","22":"product-type-simple"},"jetpack_sharing_enabled":true,"_links":{"self":[{"href":"https:\/\/junewax.com\/index.php?rest_route=\/wp\/v2\/product\/16187","targetHints":{"allow":["GET"]}}],"collection":[{"href":"https:\/\/junewax.com\/index.php?rest_route=\/wp\/v2\/product"}],"about":[{"href":"https:\/\/junewax.com\/index.php?rest_route=\/wp\/v2\/types\/product"}],"replies":[{"embeddable":true,"href":"https:\/\/junewax.com\/index.php?rest_route=%2Fwp%2Fv2%2Fcomments&post=16187"}],"version-history":[{"count":1,"href":"https:\/\/junewax.com\/index.php?rest_route=\/wp\/v2\/product\/16187\/revisions"}],"predecessor-version":[{"id":16189,"href":"https:\/\/junewax.com\/index.php?rest_route=\/wp\/v2\/product\/16187\/revisions\/16189"}],"wp:featuredmedia":[{"embeddable":true,"href":"https:\/\/junewax.com\/index.php?rest_route=\/wp\/v2\/media\/16188"}],"wp:attachment":[{"href":"https:\/\/junewax.com\/index.php?rest_route=%2Fwp%2Fv2%2Fmedia&parent=16187"}],"wp:term":[{"taxonomy":"product_brand","embeddable":true,"href":"https:\/\/junewax.com\/index.php?rest_route=%2Fwp%2Fv2%2Fproduct_brand&post=16187"},{"taxonomy":"product_cat","embeddable":true,"href":"https:\/\/junewax.com\/index.php?rest_route=%2Fwp%2Fv2%2Fproduct_cat&post=16187"},{"taxonomy":"product_tag","embeddable":true,"href":"https:\/\/junewax.com\/index.php?rest_route=%2Fwp%2Fv2%2Fproduct_tag&post=16187"}],"curies":[{"name":"wp","href":"https:\/\/api.w.org\/{rel}","templated":true}]}}