{"id":16193,"date":"2025-06-19T15:43:59","date_gmt":"2025-06-19T15:43:59","guid":{"rendered":"https:\/\/junewax.com\/?post_type=product&#038;p=16193"},"modified":"2026-04-15T19:59:25","modified_gmt":"2026-04-15T19:59:25","slug":"auto-brite-purple-rain-demir-tozu-temizleyici-500ml","status":"publish","type":"product","link":"https:\/\/junewax.com\/?product=auto-brite-purple-rain-demir-tozu-temizleyici-500ml","title":{"rendered":"Auto Brite Purple Rain Demir Tozu Temizleyici 500ml"},"content":{"rendered":"<p>Purple Rain Versiyon 3, daha derin d\u0131\u015f temizlik i\u00e7in Y\u00fczeydeki kirleri ortadan kald\u0131ran yeni, yo\u011fun pH dengeli (pH 6-7) bir demir tozu gidericidir. En \u00e7ok satan jant temizleyici \u00fcr\u00fcnlerimizden biri olan Purple Rain, hasar verici ve ho\u015f g\u00f6r\u00fcnmeyen Balata tozlar\u0131n\u0131 Ortadan Kald\u0131rarak ara\u00e7lar\u0131n Bak\u0131ml\u0131 ve yeni g\u00f6r\u00fcnmesini sa\u011flar. En iyi sonu\u00e7lar i\u00e7in daima so\u011fuk Y\u00fczeylerde Ve Jantlarda kullan\u0131n. H\u0131zl\u0131 etkili, reaktif jel bazl\u0131 form\u00fcl y\u00fczeylere yap\u0131\u015f\u0131r ve end\u00fcstriyel serpinti, Is\u0131ya Maruz Kalm\u0131\u015f fren tozu ve demir partik\u00fcl kirlili\u011fini h\u0131zla yok eder. Bu demir Tozlar\u0131 , y\u00fcksek s\u0131cakl\u0131klar alt\u0131nda veya zamanla kendilerini y\u00fczeye g\u00f6mmeye ba\u015flar ve sonunda boyal\u0131 y\u00fczeylere zarar verebilir.Bu Nedenle Demir Tozu Temizli\u011fi B\u00fcy\u00fck \u00d6nem Ta\u015f\u0131r.<\/p>\n","protected":false},"excerpt":{"rendered":"<p>Purple Rain Versiyon 3, daha derin d\u0131\u015f temizlik i\u00e7in Y\u00fczeydeki kirleri ortadan kald\u0131ran yeni, yo\u011fun pH dengeli (pH 6-7) bir<\/p>\n","protected":false},"featured_media":16194,"comment_status":"open","ping_status":"closed","template":"","meta":[],"product_brand":[313],"product_cat":[396,431],"product_tag":[358,502,501,493,494,437,499],"class_list":{"0":"post-16193","1":"product","2":"type-product","3":"status-publish","4":"has-post-thumbnail","6":"product_brand-auto-brite","7":"product_cat-dis-bakim-urunleri","8":"product_cat-lastik-ve-jant-bakim-urunleri","9":"product_tag-auto-brite","10":"product_tag-auto-brite-demir-tozu-temizleyici","11":"product_tag-auto-brite-purple-rain","12":"product_tag-demir-tozu-temizleyici","13":"product_tag-jant-temizleyici","14":"product_tag-lastik-parlatici","15":"product_tag-lastik-temizleyici","17":"first","18":"outofstock","19":"shipping-taxable","20":"purchasable","21":"product-type-simple"},"jetpack_sharing_enabled":true,"_links":{"self":[{"href":"https:\/\/junewax.com\/index.php?rest_route=\/wp\/v2\/product\/16193","targetHints":{"allow":["GET"]}}],"collection":[{"href":"https:\/\/junewax.com\/index.php?rest_route=\/wp\/v2\/product"}],"about":[{"href":"https:\/\/junewax.com\/index.php?rest_route=\/wp\/v2\/types\/product"}],"replies":[{"embeddable":true,"href":"https:\/\/junewax.com\/index.php?rest_route=%2Fwp%2Fv2%2Fcomments&post=16193"}],"version-history":[{"count":1,"href":"https:\/\/junewax.com\/index.php?rest_route=\/wp\/v2\/product\/16193\/revisions"}],"predecessor-version":[{"id":16198,"href":"https:\/\/junewax.com\/index.php?rest_route=\/wp\/v2\/product\/16193\/revisions\/16198"}],"wp:featuredmedia":[{"embeddable":true,"href":"https:\/\/junewax.com\/index.php?rest_route=\/wp\/v2\/media\/16194"}],"wp:attachment":[{"href":"https:\/\/junewax.com\/index.php?rest_route=%2Fwp%2Fv2%2Fmedia&parent=16193"}],"wp:term":[{"taxonomy":"product_brand","embeddable":true,"href":"https:\/\/junewax.com\/index.php?rest_route=%2Fwp%2Fv2%2Fproduct_brand&post=16193"},{"taxonomy":"product_cat","embeddable":true,"href":"https:\/\/junewax.com\/index.php?rest_route=%2Fwp%2Fv2%2Fproduct_cat&post=16193"},{"taxonomy":"product_tag","embeddable":true,"href":"https:\/\/junewax.com\/index.php?rest_route=%2Fwp%2Fv2%2Fproduct_tag&post=16193"}],"curies":[{"name":"wp","href":"https:\/\/api.w.org\/{rel}","templated":true}]}}