{"id":16199,"date":"2025-06-19T15:46:43","date_gmt":"2025-06-19T15:46:43","guid":{"rendered":"https:\/\/junewax.com\/?post_type=product&#038;p=16199"},"modified":"2025-06-19T15:46:43","modified_gmt":"2025-06-19T15:46:43","slug":"auto-brite-metalworx-krom-ve-metal-parlatici-100gr","status":"publish","type":"product","link":"https:\/\/junewax.com\/?product=auto-brite-metalworx-krom-ve-metal-parlatici-100gr","title":{"rendered":"Auto Brite Metalworx Krom Ve Metal Parlat\u0131c\u0131 100gr."},"content":{"rendered":"<p>Autobrite MetalWorx, t\u00fcm parlak jant ve egzoz tutkunlar\u0131 i\u00e7in bir zorunluluktur. Bug\u00fcn piyasadaki en iyi Metal Cilalardan biridir. MetalWorx, y\u00fczeydeki kirleri, pas\u0131, kararmay\u0131\u00a0 ve Egsoz Duman\u0131 birikintilerini nazik\u00e7e temizler ve metal, krom, pirin\u00e7, al\u00fcminyum d\u00f6k\u00fcm, alt\u0131n, bak\u0131r, ala\u015f\u0131m ve temizleyebilece\u011finiz di\u011fer t\u00fcm \u00e7\u0131plak metal y\u00fczeyleri p\u0131r\u0131l p\u0131r\u0131l ve yeni gibi yapar. Macun benzeri \u00fcr\u00fcn, t\u00fcm y\u00fczeylere hassas bir uygulama sa\u011flar. Kolay a\u00e7\u0131l\u0131r ve kolay kapan\u0131r! Y\u00fczeyi lekelemez veya Harelendirmez. T\u00fcm metal y\u00fczeyleri temiz ve cilal\u0131 b\u0131rakacak basit ve etkili bir metal cilas\u0131d\u0131r.<\/p>\n","protected":false},"excerpt":{"rendered":"<p>Autobrite MetalWorx, t\u00fcm parlak jant ve egzoz tutkunlar\u0131 i\u00e7in bir zorunluluktur. Bug\u00fcn piyasadaki en iyi Metal Cilalardan biridir. MetalWorx, y\u00fczeydeki<\/p>\n","protected":false},"featured_media":16200,"comment_status":"open","ping_status":"closed","template":"","meta":[],"product_brand":[313],"product_cat":[396,503],"product_tag":[506,358,505,504],"class_list":{"0":"post-16199","1":"product","2":"type-product","3":"status-publish","4":"has-post-thumbnail","6":"product_brand-auto-brite","7":"product_cat-dis-bakim-urunleri","8":"product_cat-krom-ve-metal-parlatici","9":"product_tag-arac-metal-ve-krom-parlatici","10":"product_tag-auto-brite","11":"product_tag-auto-brite-metal-krom-parlatici","12":"product_tag-auto-brite-metalworx","14":"first","15":"instock","16":"shipping-taxable","17":"purchasable","18":"product-type-simple"},"jetpack_sharing_enabled":true,"_links":{"self":[{"href":"https:\/\/junewax.com\/index.php?rest_route=\/wp\/v2\/product\/16199","targetHints":{"allow":["GET"]}}],"collection":[{"href":"https:\/\/junewax.com\/index.php?rest_route=\/wp\/v2\/product"}],"about":[{"href":"https:\/\/junewax.com\/index.php?rest_route=\/wp\/v2\/types\/product"}],"replies":[{"embeddable":true,"href":"https:\/\/junewax.com\/index.php?rest_route=%2Fwp%2Fv2%2Fcomments&post=16199"}],"version-history":[{"count":1,"href":"https:\/\/junewax.com\/index.php?rest_route=\/wp\/v2\/product\/16199\/revisions"}],"predecessor-version":[{"id":16202,"href":"https:\/\/junewax.com\/index.php?rest_route=\/wp\/v2\/product\/16199\/revisions\/16202"}],"wp:featuredmedia":[{"embeddable":true,"href":"https:\/\/junewax.com\/index.php?rest_route=\/wp\/v2\/media\/16200"}],"wp:attachment":[{"href":"https:\/\/junewax.com\/index.php?rest_route=%2Fwp%2Fv2%2Fmedia&parent=16199"}],"wp:term":[{"taxonomy":"product_brand","embeddable":true,"href":"https:\/\/junewax.com\/index.php?rest_route=%2Fwp%2Fv2%2Fproduct_brand&post=16199"},{"taxonomy":"product_cat","embeddable":true,"href":"https:\/\/junewax.com\/index.php?rest_route=%2Fwp%2Fv2%2Fproduct_cat&post=16199"},{"taxonomy":"product_tag","embeddable":true,"href":"https:\/\/junewax.com\/index.php?rest_route=%2Fwp%2Fv2%2Fproduct_tag&post=16199"}],"curies":[{"name":"wp","href":"https:\/\/api.w.org\/{rel}","templated":true}]}}