{"id":16207,"date":"2025-06-19T15:49:48","date_gmt":"2025-06-19T15:49:48","guid":{"rendered":"https:\/\/junewax.com\/?post_type=product&#038;p=16207"},"modified":"2025-06-19T15:49:49","modified_gmt":"2025-06-19T15:49:49","slug":"polytop-plastic-car-care-plastik-vinil-bakim-500ml","status":"publish","type":"product","link":"https:\/\/junewax.com\/?product=polytop-plastic-car-care-plastik-vinil-bakim-500ml","title":{"rendered":"Polytop Plastic Car Care Plastik Vinil Bak\u0131m 500ml."},"content":{"rendered":"<p>Boyanmam\u0131\u015f t\u00fcm plastik ve kau\u00e7uk par\u00e7alara etkileyici bir son kat sa\u011flar. Aktif bile\u015fenlerin y\u00fcksek safl\u0131\u011f\u0131, uzun s\u00fcreli koruma ve ipeksi mat parlakl\u0131k ile Solmu\u015f Plastikleri \u0130lk G\u00fcnk\u00fc Haline Getirir.<\/p>\n","protected":false},"excerpt":{"rendered":"<p>Boyanmam\u0131\u015f t\u00fcm plastik ve kau\u00e7uk par\u00e7alara etkileyici bir son kat sa\u011flar. Aktif bile\u015fenlerin y\u00fcksek safl\u0131\u011f\u0131, uzun s\u00fcreli koruma ve ipeksi<\/p>\n","protected":false},"featured_media":16209,"comment_status":"open","ping_status":"closed","template":"","meta":[],"product_brand":[228],"product_cat":[396,356,387],"product_tag":[392,229,511,512,513],"class_list":{"0":"post-16207","1":"product","2":"type-product","3":"status-publish","4":"has-post-thumbnail","6":"product_brand-polytop","7":"product_cat-dis-bakim-urunleri","8":"product_cat-ic-bakim-urunleri","9":"product_cat-plastik-aksam-koruma","10":"product_tag-plastik-aksam-parlatici","11":"product_tag-polytop","12":"product_tag-polytop-plastik-aksam-parlatici","13":"product_tag-torpido-parlatici","14":"product_tag-torpido-sutu","16":"first","17":"instock","18":"shipping-taxable","19":"purchasable","20":"product-type-simple"},"jetpack_sharing_enabled":true,"_links":{"self":[{"href":"https:\/\/junewax.com\/index.php?rest_route=\/wp\/v2\/product\/16207","targetHints":{"allow":["GET"]}}],"collection":[{"href":"https:\/\/junewax.com\/index.php?rest_route=\/wp\/v2\/product"}],"about":[{"href":"https:\/\/junewax.com\/index.php?rest_route=\/wp\/v2\/types\/product"}],"replies":[{"embeddable":true,"href":"https:\/\/junewax.com\/index.php?rest_route=%2Fwp%2Fv2%2Fcomments&post=16207"}],"version-history":[{"count":1,"href":"https:\/\/junewax.com\/index.php?rest_route=\/wp\/v2\/product\/16207\/revisions"}],"predecessor-version":[{"id":16210,"href":"https:\/\/junewax.com\/index.php?rest_route=\/wp\/v2\/product\/16207\/revisions\/16210"}],"wp:featuredmedia":[{"embeddable":true,"href":"https:\/\/junewax.com\/index.php?rest_route=\/wp\/v2\/media\/16209"}],"wp:attachment":[{"href":"https:\/\/junewax.com\/index.php?rest_route=%2Fwp%2Fv2%2Fmedia&parent=16207"}],"wp:term":[{"taxonomy":"product_brand","embeddable":true,"href":"https:\/\/junewax.com\/index.php?rest_route=%2Fwp%2Fv2%2Fproduct_brand&post=16207"},{"taxonomy":"product_cat","embeddable":true,"href":"https:\/\/junewax.com\/index.php?rest_route=%2Fwp%2Fv2%2Fproduct_cat&post=16207"},{"taxonomy":"product_tag","embeddable":true,"href":"https:\/\/junewax.com\/index.php?rest_route=%2Fwp%2Fv2%2Fproduct_tag&post=16207"}],"curies":[{"name":"wp","href":"https:\/\/api.w.org\/{rel}","templated":true}]}}