{"id":16225,"date":"2025-08-07T15:01:58","date_gmt":"2025-08-07T15:01:58","guid":{"rendered":"https:\/\/junewax.com\/?post_type=product&#038;p=16225"},"modified":"2026-02-09T09:46:47","modified_gmt":"2026-02-09T09:46:47","slug":"3d-hd-poxy-son-kat-cila-koruyucu-1lt","status":"publish","type":"product","link":"https:\/\/junewax.com\/?product=3d-hd-poxy-son-kat-cila-koruyucu-1lt","title":{"rendered":"3D HD Poxy Son Kat Cila Koruyucu 1lt"},"content":{"rendered":"<div>3D POXY, ara\u00e7 y\u00fczeyine kuvvetli bir \u015fekilde tutunmak ve uzun s\u00fcreli parlakl\u0131k ve koruma sa\u011flamak \u00fczere 4, nano teknolojik hibrid wax ve sealantt\u0131r.<\/div>\n<div>Montan wax yap\u0131s\u0131ndan dolay\u0131, y\u00fczeye derin, \u0131slak parlak g\u00f6r\u00fcnt\u00fcs\u00fc verir.<\/div>\n<div>Montan wax \u00e7izilmelere kar\u015f\u0131 koruma, derin bir parlakl\u0131k ve \u00fcst\u00fcn bir su iticilik katar.<\/div>\n<div>Siyah ve koyu renkler de dahil olmak \u00fczere t\u00fcm renklerde ayn\u0131 derecede parlakl\u0131k ve kusursuzluk elde edilmesini sa\u011flar.<\/div>\n<div>\u00c7ok y\u00fcksek cam efekti verir.<\/div>\n<div>Di\u011fer bilinen t\u00fcm waxlar\u0131n aksine, HD POXY wax, parlakl\u0131k ve \u0131slak g\u00f6r\u00fcnt\u00fc verirken ayn\u0131 zamanda do\u011fa etkileri, asit ya\u011fmurlar\u0131 ve sert y\u0131kama suyu etkileri ile ku\u015f art\u0131klar\u0131na kar\u015f\u0131 da \u00fcst\u00fcn koruma sa\u011flar.<\/div>\n<div>Y\u00fcksek teknoloji ile rafine edilen Montan wax sayesinde, piyasada bulunabilecek en y\u00fcksek \u0131s\u0131 dayan\u0131ml\u0131 wax d\u0131r.<\/div>\n<div>Carnauba waxlar 86 C derecede erirken, Montan Wax\u0131n erime derecesi 95 C dir.<\/div>\n<div><\/div>\n<h3><strong>3d Poxy Kullan\u0131m :<\/strong><\/h3>\n<div><\/div>\n<div>\u00dcr\u00fcn sar\u0131 renklidir.<\/div>\n<div>Ara\u00e7 boyas\u0131 \u00fczerinde t\u00fcm pastalama i\u015flemlerinin tamamland\u0131\u011f\u0131na ve t\u00fcm y\u00fczeyin temiz oldu\u011funa ve wax%27lamaya haz\u0131r oldu\u011fundan emin olunuz.<\/div>\n<div>\u00dcr\u00fcn altta haz\u0131rlad\u0131\u011f\u0131n\u0131z m\u00fckemmel boya y\u00fczeyine m\u00fch\u00fcrleme i\u015flemi yapacakt\u0131r.<\/div>\n<div>\u00dcr\u00fcn\u00fcn ara\u00e7 \u00fczerinde ki krom, metal, plastik ve cam ala\u015f\u0131mlara hi\u00e7 bir zarar\u0131 yoktur, bu y\u00fczeylerde de g\u00fcvenle kullan\u0131labilir.<\/div>\n<div>El pedi veya makine ile y\u00fczeye uygulay\u0131n.<\/div>\n<div>Polisaj pad%27i \u00fczerine 5-6 adet nohut b\u00fcy\u00fckl\u00fc\u011f\u00fcn de \u00fcr\u00fcn koyun.Bu kadar \u00fcr\u00fcnle arac\u0131n\u0131z\u0131n yar\u0131s\u0131na rahat\u00e7a uygulayabilirsiniz.<\/div>\n<div>Y\u00fcksek performans ve daha parlak efekt i\u00e7in 3D siyah Pad kullanman\u0131z tavsiye edilir.<\/div>\n<div>\u00dcr\u00fcn\u00fc merkezden kenarlara do\u011fru uygulay\u0131n.<\/div>\n<div>Daha g\u00fc\u00e7l\u00fc ve uzun s\u00fcreli koruyucu etki i\u00e7in 2 kat uygulanmas\u0131 tavsiye edilir<\/div>\n<div>Kaliteli temiz bir mikrofiber bez ile silin.<\/div>\n<div>\u00d6nemli :<\/div>\n<div>\n<div>Kullanmadan \u00f6nce \u00f6n deneme yap\u0131n\u0131z.<\/div>\n<div>Ambalaj\u0131n a\u011fz\u0131n\u0131 kapal\u0131 tutunuz.<\/div>\n<div>\u00c7ocuklardan uzak tutunuz.<\/div>\n<div>El, v\u00fccut, y\u00fcz ve g\u0131da temizli\u011finde kullanmay\u0131n\u0131z.<\/div>\n<div>Cilt ile temas\u0131nda bol suyla y\u0131kay\u0131n\u0131z.<\/div>\n<div>Serin ve kuru yerde muhafaza ediniz.<\/div>\n<\/div>\n","protected":false},"excerpt":{"rendered":"<p>3D POXY, ara\u00e7 y\u00fczeyine kuvvetli bir \u015fekilde tutunmak ve uzun s\u00fcreli parlakl\u0131k ve koruma sa\u011flamak \u00fczere 4, nano teknolojik hibrid<\/p>\n","protected":false},"featured_media":17097,"comment_status":"open","ping_status":"closed","template":"","meta":[],"product_brand":[517],"product_cat":[299,194,298],"product_tag":[],"class_list":{"0":"post-16225","1":"product","2":"type-product","3":"status-publish","4":"has-post-thumbnail","6":"product_brand-3d","7":"product_cat-cila","8":"product_cat-pasta-ve-hare-gidericiler","9":"product_cat-seramik-ve-korumalar","11":"first","12":"instock","13":"shipping-taxable","14":"purchasable","15":"product-type-simple"},"jetpack_sharing_enabled":true,"_links":{"self":[{"href":"https:\/\/junewax.com\/index.php?rest_route=\/wp\/v2\/product\/16225","targetHints":{"allow":["GET"]}}],"collection":[{"href":"https:\/\/junewax.com\/index.php?rest_route=\/wp\/v2\/product"}],"about":[{"href":"https:\/\/junewax.com\/index.php?rest_route=\/wp\/v2\/types\/product"}],"replies":[{"embeddable":true,"href":"https:\/\/junewax.com\/index.php?rest_route=%2Fwp%2Fv2%2Fcomments&post=16225"}],"version-history":[{"count":1,"href":"https:\/\/junewax.com\/index.php?rest_route=\/wp\/v2\/product\/16225\/revisions"}],"predecessor-version":[{"id":16226,"href":"https:\/\/junewax.com\/index.php?rest_route=\/wp\/v2\/product\/16225\/revisions\/16226"}],"wp:featuredmedia":[{"embeddable":true,"href":"https:\/\/junewax.com\/index.php?rest_route=\/wp\/v2\/media\/17097"}],"wp:attachment":[{"href":"https:\/\/junewax.com\/index.php?rest_route=%2Fwp%2Fv2%2Fmedia&parent=16225"}],"wp:term":[{"taxonomy":"product_brand","embeddable":true,"href":"https:\/\/junewax.com\/index.php?rest_route=%2Fwp%2Fv2%2Fproduct_brand&post=16225"},{"taxonomy":"product_cat","embeddable":true,"href":"https:\/\/junewax.com\/index.php?rest_route=%2Fwp%2Fv2%2Fproduct_cat&post=16225"},{"taxonomy":"product_tag","embeddable":true,"href":"https:\/\/junewax.com\/index.php?rest_route=%2Fwp%2Fv2%2Fproduct_tag&post=16225"}],"curies":[{"name":"wp","href":"https:\/\/api.w.org\/{rel}","templated":true}]}}