{"id":16235,"date":"2025-08-07T15:18:01","date_gmt":"2025-08-07T15:18:01","guid":{"rendered":"https:\/\/junewax.com\/?post_type=product&#038;p=16235"},"modified":"2026-04-15T19:58:37","modified_gmt":"2026-04-15T19:58:37","slug":"cartainer-firmpro-turkuaz-detay-firca-3lu-sentetik-set","status":"publish","type":"product","link":"https:\/\/junewax.com\/?product=cartainer-firmpro-turkuaz-detay-firca-3lu-sentetik-set","title":{"rendered":"Cartainer FirmPro Turkuaz Detay F\u0131r\u00e7a 3&#8217;l\u00fc Sentetik Set"},"content":{"rendered":"","protected":false},"excerpt":{"rendered":"","protected":false},"featured_media":17093,"comment_status":"open","ping_status":"closed","template":"","meta":[],"product_brand":[523],"product_cat":[515,524],"product_tag":[],"class_list":{"0":"post-16235","1":"product","2":"type-product","3":"status-publish","4":"has-post-thumbnail","6":"product_brand-cartainer","7":"product_cat-dagitici-siseler-fircalar-aksesuarlar","8":"product_cat-fircalar","10":"first","11":"outofstock","12":"shipping-taxable","13":"purchasable","14":"product-type-simple"},"jetpack_sharing_enabled":true,"_links":{"self":[{"href":"https:\/\/junewax.com\/index.php?rest_route=\/wp\/v2\/product\/16235","targetHints":{"allow":["GET"]}}],"collection":[{"href":"https:\/\/junewax.com\/index.php?rest_route=\/wp\/v2\/product"}],"about":[{"href":"https:\/\/junewax.com\/index.php?rest_route=\/wp\/v2\/types\/product"}],"replies":[{"embeddable":true,"href":"https:\/\/junewax.com\/index.php?rest_route=%2Fwp%2Fv2%2Fcomments&post=16235"}],"version-history":[{"count":1,"href":"https:\/\/junewax.com\/index.php?rest_route=\/wp\/v2\/product\/16235\/revisions"}],"predecessor-version":[{"id":16236,"href":"https:\/\/junewax.com\/index.php?rest_route=\/wp\/v2\/product\/16235\/revisions\/16236"}],"wp:featuredmedia":[{"embeddable":true,"href":"https:\/\/junewax.com\/index.php?rest_route=\/wp\/v2\/media\/17093"}],"wp:attachment":[{"href":"https:\/\/junewax.com\/index.php?rest_route=%2Fwp%2Fv2%2Fmedia&parent=16235"}],"wp:term":[{"taxonomy":"product_brand","embeddable":true,"href":"https:\/\/junewax.com\/index.php?rest_route=%2Fwp%2Fv2%2Fproduct_brand&post=16235"},{"taxonomy":"product_cat","embeddable":true,"href":"https:\/\/junewax.com\/index.php?rest_route=%2Fwp%2Fv2%2Fproduct_cat&post=16235"},{"taxonomy":"product_tag","embeddable":true,"href":"https:\/\/junewax.com\/index.php?rest_route=%2Fwp%2Fv2%2Fproduct_tag&post=16235"}],"curies":[{"name":"wp","href":"https:\/\/api.w.org\/{rel}","templated":true}]}}