{"id":16237,"date":"2025-08-07T15:18:32","date_gmt":"2025-08-07T15:18:32","guid":{"rendered":"https:\/\/junewax.com\/?post_type=product&#038;p=16237"},"modified":"2025-08-25T11:38:09","modified_gmt":"2025-08-25T11:38:09","slug":"cartainer-rubberpro-kaucuk-govdeli-acili-ve-sokulebilir-firca-seti","status":"publish","type":"product","link":"https:\/\/junewax.com\/?product=cartainer-rubberpro-kaucuk-govdeli-acili-ve-sokulebilir-firca-seti","title":{"rendered":"Cartainer RubberPro Kau\u00e7uk G\u00f6vdeli A\u00e7\u0131l\u0131 ve S\u00f6k\u00fclebilir F\u0131r\u00e7a Seti"},"content":{"rendered":"","protected":false},"excerpt":{"rendered":"","protected":false},"featured_media":17092,"comment_status":"open","ping_status":"closed","template":"","meta":[],"product_brand":[523],"product_cat":[515,524],"product_tag":[],"class_list":{"0":"post-16237","1":"product","2":"type-product","3":"status-publish","4":"has-post-thumbnail","6":"product_brand-cartainer","7":"product_cat-dagitici-siseler-fircalar-aksesuarlar","8":"product_cat-fircalar","10":"first","11":"outofstock","12":"shipping-taxable","13":"purchasable","14":"product-type-simple"},"jetpack_sharing_enabled":true,"_links":{"self":[{"href":"https:\/\/junewax.com\/index.php?rest_route=\/wp\/v2\/product\/16237","targetHints":{"allow":["GET"]}}],"collection":[{"href":"https:\/\/junewax.com\/index.php?rest_route=\/wp\/v2\/product"}],"about":[{"href":"https:\/\/junewax.com\/index.php?rest_route=\/wp\/v2\/types\/product"}],"replies":[{"embeddable":true,"href":"https:\/\/junewax.com\/index.php?rest_route=%2Fwp%2Fv2%2Fcomments&post=16237"}],"version-history":[{"count":1,"href":"https:\/\/junewax.com\/index.php?rest_route=\/wp\/v2\/product\/16237\/revisions"}],"predecessor-version":[{"id":16238,"href":"https:\/\/junewax.com\/index.php?rest_route=\/wp\/v2\/product\/16237\/revisions\/16238"}],"wp:featuredmedia":[{"embeddable":true,"href":"https:\/\/junewax.com\/index.php?rest_route=\/wp\/v2\/media\/17092"}],"wp:attachment":[{"href":"https:\/\/junewax.com\/index.php?rest_route=%2Fwp%2Fv2%2Fmedia&parent=16237"}],"wp:term":[{"taxonomy":"product_brand","embeddable":true,"href":"https:\/\/junewax.com\/index.php?rest_route=%2Fwp%2Fv2%2Fproduct_brand&post=16237"},{"taxonomy":"product_cat","embeddable":true,"href":"https:\/\/junewax.com\/index.php?rest_route=%2Fwp%2Fv2%2Fproduct_cat&post=16237"},{"taxonomy":"product_tag","embeddable":true,"href":"https:\/\/junewax.com\/index.php?rest_route=%2Fwp%2Fv2%2Fproduct_tag&post=16237"}],"curies":[{"name":"wp","href":"https:\/\/api.w.org\/{rel}","templated":true}]}}