{"id":16239,"date":"2025-08-07T15:19:01","date_gmt":"2025-08-07T15:19:01","guid":{"rendered":"https:\/\/junewax.com\/?post_type=product&#038;p=16239"},"modified":"2026-02-14T10:33:20","modified_gmt":"2026-02-14T10:33:20","slug":"cartainer-u-softpro-2li-ultra-soft-detay-fircasi","status":"publish","type":"product","link":"https:\/\/junewax.com\/?product=cartainer-u-softpro-2li-ultra-soft-detay-fircasi","title":{"rendered":"Cartainer U-SoftPro 2&#8217;Li Ultra Soft Detay F\u0131r\u00e7as\u0131"},"content":{"rendered":"","protected":false},"excerpt":{"rendered":"","protected":false},"featured_media":17091,"comment_status":"open","ping_status":"closed","template":"","meta":[],"product_brand":[523],"product_cat":[515,524],"product_tag":[],"class_list":{"0":"post-16239","1":"product","2":"type-product","3":"status-publish","4":"has-post-thumbnail","6":"product_brand-cartainer","7":"product_cat-dagitici-siseler-fircalar-aksesuarlar","8":"product_cat-fircalar","10":"first","11":"outofstock","12":"shipping-taxable","13":"purchasable","14":"product-type-simple"},"jetpack_sharing_enabled":true,"_links":{"self":[{"href":"https:\/\/junewax.com\/index.php?rest_route=\/wp\/v2\/product\/16239","targetHints":{"allow":["GET"]}}],"collection":[{"href":"https:\/\/junewax.com\/index.php?rest_route=\/wp\/v2\/product"}],"about":[{"href":"https:\/\/junewax.com\/index.php?rest_route=\/wp\/v2\/types\/product"}],"replies":[{"embeddable":true,"href":"https:\/\/junewax.com\/index.php?rest_route=%2Fwp%2Fv2%2Fcomments&post=16239"}],"version-history":[{"count":1,"href":"https:\/\/junewax.com\/index.php?rest_route=\/wp\/v2\/product\/16239\/revisions"}],"predecessor-version":[{"id":16240,"href":"https:\/\/junewax.com\/index.php?rest_route=\/wp\/v2\/product\/16239\/revisions\/16240"}],"wp:featuredmedia":[{"embeddable":true,"href":"https:\/\/junewax.com\/index.php?rest_route=\/wp\/v2\/media\/17091"}],"wp:attachment":[{"href":"https:\/\/junewax.com\/index.php?rest_route=%2Fwp%2Fv2%2Fmedia&parent=16239"}],"wp:term":[{"taxonomy":"product_brand","embeddable":true,"href":"https:\/\/junewax.com\/index.php?rest_route=%2Fwp%2Fv2%2Fproduct_brand&post=16239"},{"taxonomy":"product_cat","embeddable":true,"href":"https:\/\/junewax.com\/index.php?rest_route=%2Fwp%2Fv2%2Fproduct_cat&post=16239"},{"taxonomy":"product_tag","embeddable":true,"href":"https:\/\/junewax.com\/index.php?rest_route=%2Fwp%2Fv2%2Fproduct_tag&post=16239"}],"curies":[{"name":"wp","href":"https:\/\/api.w.org\/{rel}","templated":true}]}}