{"id":16242,"date":"2025-08-07T15:21:21","date_gmt":"2025-08-07T15:21:21","guid":{"rendered":"https:\/\/junewax.com\/?post_type=product&#038;p=16242"},"modified":"2025-08-25T11:37:25","modified_gmt":"2025-08-25T11:37:25","slug":"deri-koltuk-temizleme-fircasi-dogal-kil","status":"publish","type":"product","link":"https:\/\/junewax.com\/?product=deri-koltuk-temizleme-fircasi-dogal-kil","title":{"rendered":"Deri Koltuk Temizleme F\u0131r\u00e7as\u0131"},"content":{"rendered":"","protected":false},"excerpt":{"rendered":"","protected":false},"featured_media":17088,"comment_status":"open","ping_status":"closed","template":"","meta":[],"product_brand":[514],"product_cat":[515,357,524,356],"product_tag":[],"class_list":{"0":"post-16242","1":"product","2":"type-product","3":"status-publish","4":"has-post-thumbnail","6":"product_brand-junewax","7":"product_cat-dagitici-siseler-fircalar-aksesuarlar","8":"product_cat-deri-temizleme-ve-koruma","9":"product_cat-fircalar","10":"product_cat-ic-bakim-urunleri","12":"first","13":"instock","14":"shipping-taxable","15":"purchasable","16":"product-type-simple"},"jetpack_sharing_enabled":true,"_links":{"self":[{"href":"https:\/\/junewax.com\/index.php?rest_route=\/wp\/v2\/product\/16242","targetHints":{"allow":["GET"]}}],"collection":[{"href":"https:\/\/junewax.com\/index.php?rest_route=\/wp\/v2\/product"}],"about":[{"href":"https:\/\/junewax.com\/index.php?rest_route=\/wp\/v2\/types\/product"}],"replies":[{"embeddable":true,"href":"https:\/\/junewax.com\/index.php?rest_route=%2Fwp%2Fv2%2Fcomments&post=16242"}],"version-history":[{"count":3,"href":"https:\/\/junewax.com\/index.php?rest_route=\/wp\/v2\/product\/16242\/revisions"}],"predecessor-version":[{"id":17090,"href":"https:\/\/junewax.com\/index.php?rest_route=\/wp\/v2\/product\/16242\/revisions\/17090"}],"wp:featuredmedia":[{"embeddable":true,"href":"https:\/\/junewax.com\/index.php?rest_route=\/wp\/v2\/media\/17088"}],"wp:attachment":[{"href":"https:\/\/junewax.com\/index.php?rest_route=%2Fwp%2Fv2%2Fmedia&parent=16242"}],"wp:term":[{"taxonomy":"product_brand","embeddable":true,"href":"https:\/\/junewax.com\/index.php?rest_route=%2Fwp%2Fv2%2Fproduct_brand&post=16242"},{"taxonomy":"product_cat","embeddable":true,"href":"https:\/\/junewax.com\/index.php?rest_route=%2Fwp%2Fv2%2Fproduct_cat&post=16242"},{"taxonomy":"product_tag","embeddable":true,"href":"https:\/\/junewax.com\/index.php?rest_route=%2Fwp%2Fv2%2Fproduct_tag&post=16242"}],"curies":[{"name":"wp","href":"https:\/\/api.w.org\/{rel}","templated":true}]}}