{"id":16285,"date":"2025-08-07T15:45:55","date_gmt":"2025-08-07T15:45:55","guid":{"rendered":"https:\/\/junewax.com\/?post_type=product&#038;p=16285"},"modified":"2026-04-15T20:14:37","modified_gmt":"2026-04-15T20:14:37","slug":"junewax-aplikatorlu-bordo-pasta-sungeri","status":"publish","type":"product","link":"https:\/\/junewax.com\/?product=junewax-aplikatorlu-bordo-pasta-sungeri","title":{"rendered":"JuneWax Aplikat\u00f6rl\u00fc Bordo Pasta S\u00fcngeri"},"content":{"rendered":"","protected":false},"excerpt":{"rendered":"","protected":false},"featured_media":17061,"comment_status":"open","ping_status":"closed","template":"","meta":[],"product_brand":[514],"product_cat":[440,439],"product_tag":[],"class_list":{"0":"post-16285","1":"product","2":"type-product","3":"status-publish","4":"has-post-thumbnail","6":"product_brand-junewax","7":"product_cat-pedler-ve-keceler","8":"product_cat-uygulama-pedleri-ve-bezler","10":"first","11":"instock","12":"shipping-taxable","13":"purchasable","14":"product-type-simple"},"jetpack_sharing_enabled":true,"_links":{"self":[{"href":"https:\/\/junewax.com\/index.php?rest_route=\/wp\/v2\/product\/16285","targetHints":{"allow":["GET"]}}],"collection":[{"href":"https:\/\/junewax.com\/index.php?rest_route=\/wp\/v2\/product"}],"about":[{"href":"https:\/\/junewax.com\/index.php?rest_route=\/wp\/v2\/types\/product"}],"replies":[{"embeddable":true,"href":"https:\/\/junewax.com\/index.php?rest_route=%2Fwp%2Fv2%2Fcomments&post=16285"}],"version-history":[{"count":1,"href":"https:\/\/junewax.com\/index.php?rest_route=\/wp\/v2\/product\/16285\/revisions"}],"predecessor-version":[{"id":16286,"href":"https:\/\/junewax.com\/index.php?rest_route=\/wp\/v2\/product\/16285\/revisions\/16286"}],"wp:featuredmedia":[{"embeddable":true,"href":"https:\/\/junewax.com\/index.php?rest_route=\/wp\/v2\/media\/17061"}],"wp:attachment":[{"href":"https:\/\/junewax.com\/index.php?rest_route=%2Fwp%2Fv2%2Fmedia&parent=16285"}],"wp:term":[{"taxonomy":"product_brand","embeddable":true,"href":"https:\/\/junewax.com\/index.php?rest_route=%2Fwp%2Fv2%2Fproduct_brand&post=16285"},{"taxonomy":"product_cat","embeddable":true,"href":"https:\/\/junewax.com\/index.php?rest_route=%2Fwp%2Fv2%2Fproduct_cat&post=16285"},{"taxonomy":"product_tag","embeddable":true,"href":"https:\/\/junewax.com\/index.php?rest_route=%2Fwp%2Fv2%2Fproduct_tag&post=16285"}],"curies":[{"name":"wp","href":"https:\/\/api.w.org\/{rel}","templated":true}]}}