{"id":16297,"date":"2025-08-07T15:53:43","date_gmt":"2025-08-07T15:53:43","guid":{"rendered":"https:\/\/junewax.com\/?post_type=product&#038;p=16297"},"modified":"2025-08-25T11:28:59","modified_gmt":"2025-08-25T11:28:59","slug":"junewax-jant-temizleme-fircasi","status":"publish","type":"product","link":"https:\/\/junewax.com\/?product=junewax-jant-temizleme-fircasi","title":{"rendered":"JuneWax Jant Temizleme F\u0131r\u00e7as\u0131"},"content":{"rendered":"","protected":false},"excerpt":{"rendered":"","protected":false},"featured_media":17057,"comment_status":"open","ping_status":"closed","template":"","meta":[],"product_brand":[514],"product_cat":[515,524,431],"product_tag":[],"class_list":{"0":"post-16297","1":"product","2":"type-product","3":"status-publish","4":"has-post-thumbnail","6":"product_brand-junewax","7":"product_cat-dagitici-siseler-fircalar-aksesuarlar","8":"product_cat-fircalar","9":"product_cat-lastik-ve-jant-bakim-urunleri","11":"first","12":"instock","13":"shipping-taxable","14":"purchasable","15":"product-type-simple"},"jetpack_sharing_enabled":true,"_links":{"self":[{"href":"https:\/\/junewax.com\/index.php?rest_route=\/wp\/v2\/product\/16297","targetHints":{"allow":["GET"]}}],"collection":[{"href":"https:\/\/junewax.com\/index.php?rest_route=\/wp\/v2\/product"}],"about":[{"href":"https:\/\/junewax.com\/index.php?rest_route=\/wp\/v2\/types\/product"}],"replies":[{"embeddable":true,"href":"https:\/\/junewax.com\/index.php?rest_route=%2Fwp%2Fv2%2Fcomments&post=16297"}],"version-history":[{"count":1,"href":"https:\/\/junewax.com\/index.php?rest_route=\/wp\/v2\/product\/16297\/revisions"}],"predecessor-version":[{"id":16298,"href":"https:\/\/junewax.com\/index.php?rest_route=\/wp\/v2\/product\/16297\/revisions\/16298"}],"wp:featuredmedia":[{"embeddable":true,"href":"https:\/\/junewax.com\/index.php?rest_route=\/wp\/v2\/media\/17057"}],"wp:attachment":[{"href":"https:\/\/junewax.com\/index.php?rest_route=%2Fwp%2Fv2%2Fmedia&parent=16297"}],"wp:term":[{"taxonomy":"product_brand","embeddable":true,"href":"https:\/\/junewax.com\/index.php?rest_route=%2Fwp%2Fv2%2Fproduct_brand&post=16297"},{"taxonomy":"product_cat","embeddable":true,"href":"https:\/\/junewax.com\/index.php?rest_route=%2Fwp%2Fv2%2Fproduct_cat&post=16297"},{"taxonomy":"product_tag","embeddable":true,"href":"https:\/\/junewax.com\/index.php?rest_route=%2Fwp%2Fv2%2Fproduct_tag&post=16297"}],"curies":[{"name":"wp","href":"https:\/\/api.w.org\/{rel}","templated":true}]}}