{"id":16348,"date":"2025-08-08T11:40:36","date_gmt":"2025-08-08T11:40:36","guid":{"rendered":"https:\/\/junewax.com\/?post_type=product&#038;p=16348"},"modified":"2025-08-25T11:21:21","modified_gmt":"2025-08-25T11:21:21","slug":"junewax-jw84-cilek-oto-parfumu-400ml","status":"publish","type":"product","link":"https:\/\/junewax.com\/?product=junewax-jw84-cilek-oto-parfumu-400ml","title":{"rendered":"JuneWax JW84 \u00c7ilek Oto Parf\u00fcm\u00fc 400ml"},"content":{"rendered":"","protected":false},"excerpt":{"rendered":"","protected":false},"featured_media":0,"comment_status":"open","ping_status":"closed","template":"","meta":[],"product_brand":[514],"product_cat":[356,522],"product_tag":[],"class_list":{"0":"post-16348","1":"product","2":"type-product","3":"status-publish","5":"product_brand-junewax","6":"product_cat-ic-bakim-urunleri","7":"product_cat-kokular","9":"first","10":"instock","11":"shipping-taxable","12":"purchasable","13":"product-type-simple"},"jetpack_sharing_enabled":true,"_links":{"self":[{"href":"https:\/\/junewax.com\/index.php?rest_route=\/wp\/v2\/product\/16348","targetHints":{"allow":["GET"]}}],"collection":[{"href":"https:\/\/junewax.com\/index.php?rest_route=\/wp\/v2\/product"}],"about":[{"href":"https:\/\/junewax.com\/index.php?rest_route=\/wp\/v2\/types\/product"}],"replies":[{"embeddable":true,"href":"https:\/\/junewax.com\/index.php?rest_route=%2Fwp%2Fv2%2Fcomments&post=16348"}],"version-history":[{"count":1,"href":"https:\/\/junewax.com\/index.php?rest_route=\/wp\/v2\/product\/16348\/revisions"}],"predecessor-version":[{"id":16349,"href":"https:\/\/junewax.com\/index.php?rest_route=\/wp\/v2\/product\/16348\/revisions\/16349"}],"wp:attachment":[{"href":"https:\/\/junewax.com\/index.php?rest_route=%2Fwp%2Fv2%2Fmedia&parent=16348"}],"wp:term":[{"taxonomy":"product_brand","embeddable":true,"href":"https:\/\/junewax.com\/index.php?rest_route=%2Fwp%2Fv2%2Fproduct_brand&post=16348"},{"taxonomy":"product_cat","embeddable":true,"href":"https:\/\/junewax.com\/index.php?rest_route=%2Fwp%2Fv2%2Fproduct_cat&post=16348"},{"taxonomy":"product_tag","embeddable":true,"href":"https:\/\/junewax.com\/index.php?rest_route=%2Fwp%2Fv2%2Fproduct_tag&post=16348"}],"curies":[{"name":"wp","href":"https:\/\/api.w.org\/{rel}","templated":true}]}}