{"id":16354,"date":"2025-08-08T11:43:34","date_gmt":"2025-08-08T11:43:34","guid":{"rendered":"https:\/\/junewax.com\/?post_type=product&#038;p=16354"},"modified":"2026-04-15T20:11:46","modified_gmt":"2026-04-15T20:11:46","slug":"junewax-kopuk-yapan-basincli-pompa-2-lt","status":"publish","type":"product","link":"https:\/\/junewax.com\/?product=junewax-kopuk-yapan-basincli-pompa-2-lt","title":{"rendered":"JUNEWAX K\u00d6P\u00dcK YAPAN BASIN\u00c7LI POMPA 2 LT."},"content":{"rendered":"","protected":false},"excerpt":{"rendered":"","protected":false},"featured_media":17035,"comment_status":"open","ping_status":"closed","template":"","meta":[],"product_brand":[514],"product_cat":[515,516],"product_tag":[],"class_list":{"0":"post-16354","1":"product","2":"type-product","3":"status-publish","4":"has-post-thumbnail","6":"product_brand-junewax","7":"product_cat-dagitici-siseler-fircalar-aksesuarlar","8":"product_cat-sprey-siseler-ve-basincli-pompalar","10":"first","11":"instock","12":"shipping-taxable","13":"purchasable","14":"product-type-simple"},"jetpack_sharing_enabled":true,"_links":{"self":[{"href":"https:\/\/junewax.com\/index.php?rest_route=\/wp\/v2\/product\/16354","targetHints":{"allow":["GET"]}}],"collection":[{"href":"https:\/\/junewax.com\/index.php?rest_route=\/wp\/v2\/product"}],"about":[{"href":"https:\/\/junewax.com\/index.php?rest_route=\/wp\/v2\/types\/product"}],"replies":[{"embeddable":true,"href":"https:\/\/junewax.com\/index.php?rest_route=%2Fwp%2Fv2%2Fcomments&post=16354"}],"version-history":[{"count":1,"href":"https:\/\/junewax.com\/index.php?rest_route=\/wp\/v2\/product\/16354\/revisions"}],"predecessor-version":[{"id":16355,"href":"https:\/\/junewax.com\/index.php?rest_route=\/wp\/v2\/product\/16354\/revisions\/16355"}],"wp:featuredmedia":[{"embeddable":true,"href":"https:\/\/junewax.com\/index.php?rest_route=\/wp\/v2\/media\/17035"}],"wp:attachment":[{"href":"https:\/\/junewax.com\/index.php?rest_route=%2Fwp%2Fv2%2Fmedia&parent=16354"}],"wp:term":[{"taxonomy":"product_brand","embeddable":true,"href":"https:\/\/junewax.com\/index.php?rest_route=%2Fwp%2Fv2%2Fproduct_brand&post=16354"},{"taxonomy":"product_cat","embeddable":true,"href":"https:\/\/junewax.com\/index.php?rest_route=%2Fwp%2Fv2%2Fproduct_cat&post=16354"},{"taxonomy":"product_tag","embeddable":true,"href":"https:\/\/junewax.com\/index.php?rest_route=%2Fwp%2Fv2%2Fproduct_tag&post=16354"}],"curies":[{"name":"wp","href":"https:\/\/api.w.org\/{rel}","templated":true}]}}