{"id":16360,"date":"2025-08-08T11:46:33","date_gmt":"2025-08-08T11:46:33","guid":{"rendered":"https:\/\/junewax.com\/?post_type=product&#038;p=16360"},"modified":"2026-04-15T20:11:16","modified_gmt":"2026-04-15T20:11:16","slug":"junewax-logo-dikisli-vip-kece-sari-160mm","status":"publish","type":"product","link":"https:\/\/junewax.com\/?product=junewax-logo-dikisli-vip-kece-sari-160mm","title":{"rendered":"JuneWax Logo Diki\u015fli Vip Ke\u00e7e Sar\u0131 160mm"},"content":{"rendered":"","protected":false},"excerpt":{"rendered":"","protected":false},"featured_media":17032,"comment_status":"open","ping_status":"closed","template":"","meta":[],"product_brand":[514],"product_cat":[218,265,194,440,280,439],"product_tag":[],"class_list":{"0":"post-16360","1":"product","2":"type-product","3":"status-publish","4":"has-post-thumbnail","6":"product_brand-junewax","7":"product_cat-agresif-kalin-pastalar","8":"product_cat-ince-pastalar","9":"product_cat-pasta-ve-hare-gidericiler","10":"product_cat-pedler-ve-keceler","11":"product_cat-tek-adim-pastalar","12":"product_cat-uygulama-pedleri-ve-bezler","14":"first","15":"instock","16":"shipping-taxable","17":"purchasable","18":"product-type-simple"},"jetpack_sharing_enabled":true,"_links":{"self":[{"href":"https:\/\/junewax.com\/index.php?rest_route=\/wp\/v2\/product\/16360","targetHints":{"allow":["GET"]}}],"collection":[{"href":"https:\/\/junewax.com\/index.php?rest_route=\/wp\/v2\/product"}],"about":[{"href":"https:\/\/junewax.com\/index.php?rest_route=\/wp\/v2\/types\/product"}],"replies":[{"embeddable":true,"href":"https:\/\/junewax.com\/index.php?rest_route=%2Fwp%2Fv2%2Fcomments&post=16360"}],"version-history":[{"count":1,"href":"https:\/\/junewax.com\/index.php?rest_route=\/wp\/v2\/product\/16360\/revisions"}],"predecessor-version":[{"id":16361,"href":"https:\/\/junewax.com\/index.php?rest_route=\/wp\/v2\/product\/16360\/revisions\/16361"}],"wp:featuredmedia":[{"embeddable":true,"href":"https:\/\/junewax.com\/index.php?rest_route=\/wp\/v2\/media\/17032"}],"wp:attachment":[{"href":"https:\/\/junewax.com\/index.php?rest_route=%2Fwp%2Fv2%2Fmedia&parent=16360"}],"wp:term":[{"taxonomy":"product_brand","embeddable":true,"href":"https:\/\/junewax.com\/index.php?rest_route=%2Fwp%2Fv2%2Fproduct_brand&post=16360"},{"taxonomy":"product_cat","embeddable":true,"href":"https:\/\/junewax.com\/index.php?rest_route=%2Fwp%2Fv2%2Fproduct_cat&post=16360"},{"taxonomy":"product_tag","embeddable":true,"href":"https:\/\/junewax.com\/index.php?rest_route=%2Fwp%2Fv2%2Fproduct_tag&post=16360"}],"curies":[{"name":"wp","href":"https:\/\/api.w.org\/{rel}","templated":true}]}}